{"id":51489,"date":"2023-09-21T11:28:19","date_gmt":"2023-09-21T11:28:19","guid":{"rendered":"https:\/\/www.loroparque.com\/longevidad-de-cetaceos\/"},"modified":"2026-04-13T16:05:28","modified_gmt":"2026-04-13T16:05:28","slug":"longevidad-de-cetaceos","status":"publish","type":"page","link":"https:\/\/www.loroparque.com\/en\/longevidad-de-cetaceos\/","title":{"rendered":"Longevity of Cetaceans"},"content":{"rendered":"[vc_row type=&#8221;in_container&#8221; full_screen_row_position=&#8221;middle&#8221; column_margin=&#8221;default&#8221; column_direction=&#8221;default&#8221; column_direction_tablet=&#8221;default&#8221; column_direction_phone=&#8221;default&#8221; scene_position=&#8221;center&#8221; text_color=&#8221;dark&#8221; text_align=&#8221;left&#8221; row_border_radius=&#8221;none&#8221; row_border_radius_applies=&#8221;bg&#8221; overflow=&#8221;visible&#8221; overlay_strength=&#8221;0.3&#8243; gradient_direction=&#8221;left_to_right&#8221; shape_divider_position=&#8221;bottom&#8221; bg_image_animation=&#8221;none&#8221;][vc_column column_padding=&#8221;no-extra-padding&#8221; column_padding_tablet=&#8221;inherit&#8221; column_padding_phone=&#8221;inherit&#8221; column_padding_position=&#8221;all&#8221; column_element_direction_desktop=&#8221;default&#8221; column_element_spacing=&#8221;default&#8221; desktop_text_alignment=&#8221;default&#8221; tablet_text_alignment=&#8221;default&#8221; phone_text_alignment=&#8221;default&#8221; background_color_opacity=&#8221;1&#8243; background_hover_color_opacity=&#8221;1&#8243; column_backdrop_filter=&#8221;none&#8221; column_shadow=&#8221;none&#8221; column_border_radius=&#8221;none&#8221; column_link_target=&#8221;_self&#8221; column_position=&#8221;default&#8221; gradient_direction=&#8221;left_to_right&#8221; overlay_strength=&#8221;0.3&#8243; width=&#8221;1\/6&#8243; tablet_width_inherit=&#8221;default&#8221; animation_type=&#8221;default&#8221; bg_image_animation=&#8221;none&#8221; border_type=&#8221;simple&#8221; column_border_width=&#8221;none&#8221; column_border_style=&#8221;solid&#8221;][\/vc_column][vc_column column_padding=&#8221;no-extra-padding&#8221; column_padding_tablet=&#8221;inherit&#8221; column_padding_phone=&#8221;inherit&#8221; column_padding_position=&#8221;all&#8221; column_element_direction_desktop=&#8221;default&#8221; column_element_spacing=&#8221;default&#8221; desktop_text_alignment=&#8221;default&#8221; tablet_text_alignment=&#8221;default&#8221; phone_text_alignment=&#8221;default&#8221; background_color_opacity=&#8221;1&#8243; background_hover_color_opacity=&#8221;1&#8243; column_backdrop_filter=&#8221;none&#8221; column_shadow=&#8221;none&#8221; column_border_radius=&#8221;none&#8221; column_link_target=&#8221;_self&#8221; column_position=&#8221;default&#8221; gradient_direction=&#8221;left_to_right&#8221; overlay_strength=&#8221;0.3&#8243; width=&#8221;2\/3&#8243; tablet_width_inherit=&#8221;default&#8221; animation_type=&#8221;default&#8221; bg_image_animation=&#8221;none&#8221; border_type=&#8221;simple&#8221; column_border_width=&#8221;none&#8221; column_border_style=&#8221;solid&#8221;][vc_column_text text_direction=&#8221;default&#8221;]\n<h1 style=\"text-align: center;\"><strong>Longevity of Cetaceans<\/strong><\/h1>\n<h1 style=\"text-align: center;\"><strong>\u00a0<\/strong><\/h1>\n[\/vc_column_text][divider line_type=&#8221;No Line&#8221;][vc_column_text text_direction=&#8221;default&#8221;]One of the most common criticisms is the notion that dolphins and orcas live shorter lives under human care.[\/vc_column_text][vc_row_inner column_margin=&#8221;default&#8221; column_direction=&#8221;default&#8221; column_direction_tablet=&#8221;default&#8221; column_direction_phone=&#8221;default&#8221; text_align=&#8221;left&#8221; row_position=&#8221;default&#8221; row_position_tablet=&#8221;inherit&#8221; row_position_phone=&#8221;inherit&#8221; overflow=&#8221;visible&#8221; pointer_events=&#8221;all&#8221;][vc_column_inner column_padding=&#8221;no-extra-padding&#8221; column_padding_tablet=&#8221;inherit&#8221; column_padding_phone=&#8221;inherit&#8221; column_padding_position=&#8221;all&#8221; column_element_direction_desktop=&#8221;default&#8221; column_element_spacing=&#8221;default&#8221; desktop_text_alignment=&#8221;default&#8221; tablet_text_alignment=&#8221;default&#8221; phone_text_alignment=&#8221;default&#8221; background_color_opacity=&#8221;1&#8243; background_hover_color_opacity=&#8221;1&#8243; column_backdrop_filter=&#8221;none&#8221; column_shadow=&#8221;none&#8221; column_border_radius=&#8221;none&#8221; column_link_target=&#8221;_self&#8221; overflow=&#8221;visible&#8221; gradient_direction=&#8221;left_to_right&#8221; overlay_strength=&#8221;0.3&#8243; width=&#8221;1\/2&#8243; tablet_width_inherit=&#8221;default&#8221; animation_type=&#8221;default&#8221; bg_image_animation=&#8221;none&#8221; border_type=&#8221;simple&#8221; column_border_width=&#8221;none&#8221; column_border_style=&#8221;solid&#8221;][image_with_animation image_url=&#8221;50878&#8243; image_size=&#8221;full&#8221; animation_type=&#8221;entrance&#8221; animation=&#8221;None&#8221; animation_movement_type=&#8221;transform_y&#8221; hover_animation=&#8221;none&#8221; alignment=&#8221;&#8221; border_radius=&#8221;none&#8221; box_shadow=&#8221;none&#8221; image_loading=&#8221;default&#8221; max_width=&#8221;100%&#8221; max_width_mobile=&#8221;default&#8221;][\/vc_column_inner][vc_column_inner column_padding=&#8221;no-extra-padding&#8221; column_padding_tablet=&#8221;inherit&#8221; column_padding_phone=&#8221;inherit&#8221; column_padding_position=&#8221;all&#8221; column_element_direction_desktop=&#8221;default&#8221; column_element_spacing=&#8221;default&#8221; desktop_text_alignment=&#8221;default&#8221; tablet_text_alignment=&#8221;default&#8221; phone_text_alignment=&#8221;default&#8221; background_color_opacity=&#8221;1&#8243; background_hover_color_opacity=&#8221;1&#8243; column_backdrop_filter=&#8221;none&#8221; column_shadow=&#8221;none&#8221; column_border_radius=&#8221;none&#8221; column_link_target=&#8221;_self&#8221; overflow=&#8221;visible&#8221; gradient_direction=&#8221;left_to_right&#8221; overlay_strength=&#8221;0.3&#8243; width=&#8221;1\/2&#8243; tablet_width_inherit=&#8221;default&#8221; animation_type=&#8221;default&#8221; bg_image_animation=&#8221;none&#8221; border_type=&#8221;simple&#8221; column_border_width=&#8221;none&#8221; column_border_style=&#8221;solid&#8221;][vc_column_text text_direction=&#8221;default&#8221;]Numerous scientific studies have debunked this idea to the extent that even the Born Free Foundation has acknowledged that in modern dolphinariums, life expectancy is comparable to that of dolphin populations in the wild. But the reality is, if anything, even better.<\/p>\n<p>The lifespan of dolphins is notably higher in modern dolphinariums. While it is rare for dolphins to live beyond 30 years in the wild, it is not uncommon to find individuals in European dolphinariums exceeding 40 or even 50 years. The oldest dolphins under human care were Nelly (who lived to 61 in the United States) and Moby (who lived to 60 at the Nuremberg Zoo).[\/vc_column_text][\/vc_column_inner][\/vc_row_inner][\/vc_column][vc_column column_padding=&#8221;no-extra-padding&#8221; column_padding_tablet=&#8221;inherit&#8221; column_padding_phone=&#8221;inherit&#8221; column_padding_position=&#8221;all&#8221; column_element_direction_desktop=&#8221;default&#8221; column_element_spacing=&#8221;default&#8221; desktop_text_alignment=&#8221;default&#8221; tablet_text_alignment=&#8221;default&#8221; phone_text_alignment=&#8221;default&#8221; background_color_opacity=&#8221;1&#8243; background_hover_color_opacity=&#8221;1&#8243; column_backdrop_filter=&#8221;none&#8221; column_shadow=&#8221;none&#8221; column_border_radius=&#8221;none&#8221; column_link_target=&#8221;_self&#8221; column_position=&#8221;default&#8221; gradient_direction=&#8221;left_to_right&#8221; overlay_strength=&#8221;0.3&#8243; width=&#8221;1\/6&#8243; tablet_width_inherit=&#8221;default&#8221; animation_type=&#8221;default&#8221; bg_image_animation=&#8221;none&#8221; border_type=&#8221;simple&#8221; column_border_width=&#8221;none&#8221; column_border_style=&#8221;solid&#8221;][\/vc_column][\/vc_row]\n","protected":false},"excerpt":{"rendered":"<p>[vc_row type=&#8221;in_container&#8221; full_screen_row_position=&#8221;middle&#8221; column_margin=&#8221;default&#8221; column_direction=&#8221;default&#8221; column_direction_tablet=&#8221;default&#8221; column_direction_phone=&#8221;default&#8221; scene_position=&#8221;center&#8221; text_color=&#8221;dark&#8221; text_align=&#8221;left&#8221; row_border_radius=&#8221;none&#8221; row_border_radius_applies=&#8221;bg&#8221; overflow=&#8221;visible&#8221; overlay_strength=&#8221;0.3&#8243; gradient_direction=&#8221;left_to_right&#8221;&#8230;<\/p>\n","protected":false},"author":13,"featured_media":0,"parent":0,"menu_order":0,"comment_status":"closed","ping_status":"closed","template":"","meta":{"footnotes":""},"yoast_head":"<!-- This site is optimized with the Yoast SEO Premium plugin v22.5 (Yoast SEO v22.5) - https:\/\/yoast.com\/wordpress\/plugins\/seo\/ -->\n<title>Do Dolphins live Longer in the Wild?<\/title>\n<meta name=\"description\" content=\"Scientific prove cetacean life expectancy in modern dolphinariums matches or exceeds the wild. Discover why dolphins are living past 50 under human care.\" \/>\n<meta name=\"robots\" content=\"index, follow, max-snippet:-1, max-image-preview:large, max-video-preview:-1\" \/>\n<link rel=\"canonical\" href=\"https:\/\/www.loroparque.com\/en\/longevidad-de-cetaceos\/\" \/>\n<meta property=\"og:locale\" content=\"en_US\" \/>\n<meta property=\"og:type\" content=\"article\" \/>\n<meta property=\"og:title\" content=\"Do Dolphins live Longer in the Wild?\" \/>\n<meta property=\"og:description\" content=\"Scientific prove cetacean life expectancy in modern dolphinariums matches or exceeds the wild. Discover why dolphins are living past 50 under human care.\" \/>\n<meta property=\"og:url\" content=\"https:\/\/www.loroparque.com\/en\/longevidad-de-cetaceos\/\" \/>\n<meta property=\"og:site_name\" content=\"Loro Parque\" \/>\n<meta property=\"article:publisher\" content=\"https:\/\/www.facebook.com\/loroparque\" \/>\n<meta property=\"article:modified_time\" content=\"2026-04-13T16:05:28+00:00\" \/>\n<meta property=\"og:image\" content=\"https:\/\/www.loroparque.com\/app\/uploads\/2022\/08\/LOGORRSS.jpg\" \/>\n\t<meta property=\"og:image:width\" content=\"300\" \/>\n\t<meta property=\"og:image:height\" content=\"300\" \/>\n\t<meta property=\"og:image:type\" content=\"image\/jpeg\" \/>\n<meta name=\"twitter:card\" content=\"summary_large_image\" \/>\n<meta name=\"twitter:title\" content=\"Do Dolphins live Longer in the Wild?\" \/>\n<meta name=\"twitter:description\" content=\"Scientific prove cetacean life expectancy in modern dolphinariums matches or exceeds the wild. Discover why dolphins are living past 50 under human care.\" \/>\n<meta name=\"twitter:site\" content=\"@loroparque\" \/>\n<script type=\"application\/ld+json\" class=\"yoast-schema-graph\">{\"@context\":\"https:\/\/schema.org\",\"@graph\":[{\"@type\":\"WebPage\",\"@id\":\"https:\/\/www.loroparque.com\/en\/longevidad-de-cetaceos\/\",\"url\":\"https:\/\/www.loroparque.com\/en\/longevidad-de-cetaceos\/\",\"name\":\"Do Dolphins live Longer in the Wild?\",\"isPartOf\":{\"@id\":\"https:\/\/www.loroparque.com\/en\/#website\"},\"datePublished\":\"2023-09-21T11:28:19+00:00\",\"dateModified\":\"2026-04-13T16:05:28+00:00\",\"description\":\"Scientific prove cetacean life expectancy in modern dolphinariums matches or exceeds the wild. Discover why dolphins are living past 50 under human care.\",\"breadcrumb\":{\"@id\":\"https:\/\/www.loroparque.com\/en\/longevidad-de-cetaceos\/#breadcrumb\"},\"inLanguage\":\"en-US\",\"potentialAction\":[{\"@type\":\"ReadAction\",\"target\":[\"https:\/\/www.loroparque.com\/en\/longevidad-de-cetaceos\/\"]}]},{\"@type\":\"BreadcrumbList\",\"@id\":\"https:\/\/www.loroparque.com\/en\/longevidad-de-cetaceos\/#breadcrumb\",\"itemListElement\":[{\"@type\":\"ListItem\",\"position\":1,\"name\":\"Inicio\",\"item\":\"https:\/\/www.loroparque.com\/en\/\"},{\"@type\":\"ListItem\",\"position\":2,\"name\":\"Longevity of Cetaceans\"}]},{\"@type\":\"WebSite\",\"@id\":\"https:\/\/www.loroparque.com\/en\/#website\",\"url\":\"https:\/\/www.loroparque.com\/en\/\",\"name\":\"Loro Parque\",\"description\":\"El must de Canarias - Animal Embassy - Tenerife\",\"publisher\":{\"@id\":\"https:\/\/www.loroparque.com\/en\/#organization\"},\"alternateName\":\"loroparque.com\",\"potentialAction\":[{\"@type\":\"SearchAction\",\"target\":{\"@type\":\"EntryPoint\",\"urlTemplate\":\"https:\/\/www.loroparque.com\/en\/?s={search_term_string}\"},\"query-input\":\"required name=search_term_string\"}],\"inLanguage\":\"en-US\"},{\"@type\":\"Organization\",\"@id\":\"https:\/\/www.loroparque.com\/en\/#organization\",\"name\":\"Loro Parque\",\"alternateName\":\"loroparque.com\",\"url\":\"https:\/\/www.loroparque.com\/en\/\",\"logo\":{\"@type\":\"ImageObject\",\"inLanguage\":\"en-US\",\"@id\":\"https:\/\/www.loroparque.com\/en\/#\/schema\/logo\/image\/\",\"url\":\"https:\/\/www.loroparque.com\/app\/uploads\/2023\/03\/Logo-LP_vertical1-fondo-claro.png\",\"contentUrl\":\"https:\/\/www.loroparque.com\/app\/uploads\/2023\/03\/Logo-LP_vertical1-fondo-claro.png\",\"width\":1140,\"height\":870,\"caption\":\"Loro Parque\"},\"image\":{\"@id\":\"https:\/\/www.loroparque.com\/en\/#\/schema\/logo\/image\/\"},\"sameAs\":[\"https:\/\/www.facebook.com\/loroparque\",\"https:\/\/x.com\/loroparque\",\"https:\/\/www.instagram.com\/loroparque\/\",\"https:\/\/www.linkedin.com\/company\/loroparque\/\",\"https:\/\/www.youtube.com\/user\/Loroparquetenerife\",\"https:\/\/www.tiktok.com\/@loroparque_oficial\"],\"description\":\"Loro Parque es un centro de conservaci\u00f3n en Tenerife, reconocido como el mejor zoo moderno del mundo. Con m\u00e1s de 300 proyectos de conservaci\u00f3n y 29 millones de USD invertidos en protecci\u00f3n de especies, es un referente internacional en bienestar animal y educaci\u00f3n ambiental.\",\"email\":\"info@loroparque.com\",\"telephone\":\"0034922373841\",\"legalName\":\"LORO PARQUE, S.A.\",\"foundingDate\":\"1972-12-17\"}]}<\/script>\n<!-- \/ Yoast SEO Premium plugin. -->","yoast_head_json":{"title":"Do Dolphins live Longer in the Wild?","description":"Scientific prove cetacean life expectancy in modern dolphinariums matches or exceeds the wild. Discover why dolphins are living past 50 under human care.","robots":{"index":"index","follow":"follow","max-snippet":"max-snippet:-1","max-image-preview":"max-image-preview:large","max-video-preview":"max-video-preview:-1"},"canonical":"https:\/\/www.loroparque.com\/en\/longevidad-de-cetaceos\/","og_locale":"en_US","og_type":"article","og_title":"Do Dolphins live Longer in the Wild?","og_description":"Scientific prove cetacean life expectancy in modern dolphinariums matches or exceeds the wild. Discover why dolphins are living past 50 under human care.","og_url":"https:\/\/www.loroparque.com\/en\/longevidad-de-cetaceos\/","og_site_name":"Loro Parque","article_publisher":"https:\/\/www.facebook.com\/loroparque","article_modified_time":"2026-04-13T16:05:28+00:00","og_image":[{"width":300,"height":300,"url":"https:\/\/www.loroparque.com\/app\/uploads\/2022\/08\/LOGORRSS.jpg","type":"image\/jpeg"}],"twitter_card":"summary_large_image","twitter_title":"Do Dolphins live Longer in the Wild?","twitter_description":"Scientific prove cetacean life expectancy in modern dolphinariums matches or exceeds the wild. Discover why dolphins are living past 50 under human care.","twitter_site":"@loroparque","schema":{"@context":"https:\/\/schema.org","@graph":[{"@type":"WebPage","@id":"https:\/\/www.loroparque.com\/en\/longevidad-de-cetaceos\/","url":"https:\/\/www.loroparque.com\/en\/longevidad-de-cetaceos\/","name":"Do Dolphins live Longer in the Wild?","isPartOf":{"@id":"https:\/\/www.loroparque.com\/en\/#website"},"datePublished":"2023-09-21T11:28:19+00:00","dateModified":"2026-04-13T16:05:28+00:00","description":"Scientific prove cetacean life expectancy in modern dolphinariums matches or exceeds the wild. Discover why dolphins are living past 50 under human care.","breadcrumb":{"@id":"https:\/\/www.loroparque.com\/en\/longevidad-de-cetaceos\/#breadcrumb"},"inLanguage":"en-US","potentialAction":[{"@type":"ReadAction","target":["https:\/\/www.loroparque.com\/en\/longevidad-de-cetaceos\/"]}]},{"@type":"BreadcrumbList","@id":"https:\/\/www.loroparque.com\/en\/longevidad-de-cetaceos\/#breadcrumb","itemListElement":[{"@type":"ListItem","position":1,"name":"Inicio","item":"https:\/\/www.loroparque.com\/en\/"},{"@type":"ListItem","position":2,"name":"Longevity of Cetaceans"}]},{"@type":"WebSite","@id":"https:\/\/www.loroparque.com\/en\/#website","url":"https:\/\/www.loroparque.com\/en\/","name":"Loro Parque","description":"El must de Canarias - Animal Embassy - Tenerife","publisher":{"@id":"https:\/\/www.loroparque.com\/en\/#organization"},"alternateName":"loroparque.com","potentialAction":[{"@type":"SearchAction","target":{"@type":"EntryPoint","urlTemplate":"https:\/\/www.loroparque.com\/en\/?s={search_term_string}"},"query-input":"required name=search_term_string"}],"inLanguage":"en-US"},{"@type":"Organization","@id":"https:\/\/www.loroparque.com\/en\/#organization","name":"Loro Parque","alternateName":"loroparque.com","url":"https:\/\/www.loroparque.com\/en\/","logo":{"@type":"ImageObject","inLanguage":"en-US","@id":"https:\/\/www.loroparque.com\/en\/#\/schema\/logo\/image\/","url":"https:\/\/www.loroparque.com\/app\/uploads\/2023\/03\/Logo-LP_vertical1-fondo-claro.png","contentUrl":"https:\/\/www.loroparque.com\/app\/uploads\/2023\/03\/Logo-LP_vertical1-fondo-claro.png","width":1140,"height":870,"caption":"Loro Parque"},"image":{"@id":"https:\/\/www.loroparque.com\/en\/#\/schema\/logo\/image\/"},"sameAs":["https:\/\/www.facebook.com\/loroparque","https:\/\/x.com\/loroparque","https:\/\/www.instagram.com\/loroparque\/","https:\/\/www.linkedin.com\/company\/loroparque\/","https:\/\/www.youtube.com\/user\/Loroparquetenerife","https:\/\/www.tiktok.com\/@loroparque_oficial"],"description":"Loro Parque es un centro de conservaci\u00f3n en Tenerife, reconocido como el mejor zoo moderno del mundo. Con m\u00e1s de 300 proyectos de conservaci\u00f3n y 29 millones de USD invertidos en protecci\u00f3n de especies, es un referente internacional en bienestar animal y educaci\u00f3n ambiental.","email":"info@loroparque.com","telephone":"0034922373841","legalName":"LORO PARQUE, S.A.","foundingDate":"1972-12-17"}]}},"_links":{"self":[{"href":"https:\/\/www.loroparque.com\/en\/wp-json\/wp\/v2\/pages\/51489"}],"collection":[{"href":"https:\/\/www.loroparque.com\/en\/wp-json\/wp\/v2\/pages"}],"about":[{"href":"https:\/\/www.loroparque.com\/en\/wp-json\/wp\/v2\/types\/page"}],"author":[{"embeddable":true,"href":"https:\/\/www.loroparque.com\/en\/wp-json\/wp\/v2\/users\/13"}],"replies":[{"embeddable":true,"href":"https:\/\/www.loroparque.com\/en\/wp-json\/wp\/v2\/comments?post=51489"}],"version-history":[{"count":3,"href":"https:\/\/www.loroparque.com\/en\/wp-json\/wp\/v2\/pages\/51489\/revisions"}],"predecessor-version":[{"id":51514,"href":"https:\/\/www.loroparque.com\/en\/wp-json\/wp\/v2\/pages\/51489\/revisions\/51514"}],"wp:attachment":[{"href":"https:\/\/www.loroparque.com\/en\/wp-json\/wp\/v2\/media?parent=51489"}],"curies":[{"name":"wp","href":"https:\/\/api.w.org\/{rel}","templated":true}]}}