{"id":51486,"date":"2023-09-21T11:26:44","date_gmt":"2023-09-21T11:26:44","guid":{"rendered":"https:\/\/www.loroparque.com\/sobre-la-exhibicion-de-especies-exhibicion-de-especies\/"},"modified":"2026-04-13T15:10:35","modified_gmt":"2026-04-13T15:10:35","slug":"sobre-la-exhibicion-de-especies-exhibicion-de-especies","status":"publish","type":"page","link":"https:\/\/www.loroparque.com\/en\/sobre-la-exhibicion-de-especies-exhibicion-de-especies\/","title":{"rendered":"Regarding the Species Exhibition"},"content":{"rendered":"[vc_row type=&#8221;in_container&#8221; full_screen_row_position=&#8221;middle&#8221; column_margin=&#8221;default&#8221; column_direction=&#8221;default&#8221; column_direction_tablet=&#8221;default&#8221; column_direction_phone=&#8221;default&#8221; scene_position=&#8221;center&#8221; text_color=&#8221;dark&#8221; text_align=&#8221;left&#8221; row_border_radius=&#8221;none&#8221; row_border_radius_applies=&#8221;bg&#8221; overflow=&#8221;visible&#8221; overlay_strength=&#8221;0.3&#8243; gradient_direction=&#8221;left_to_right&#8221; shape_divider_position=&#8221;bottom&#8221; bg_image_animation=&#8221;none&#8221;][vc_column column_padding=&#8221;no-extra-padding&#8221; column_padding_tablet=&#8221;inherit&#8221; column_padding_phone=&#8221;inherit&#8221; column_padding_position=&#8221;all&#8221; column_element_direction_desktop=&#8221;default&#8221; column_element_spacing=&#8221;default&#8221; desktop_text_alignment=&#8221;default&#8221; tablet_text_alignment=&#8221;default&#8221; phone_text_alignment=&#8221;default&#8221; background_color_opacity=&#8221;1&#8243; background_hover_color_opacity=&#8221;1&#8243; column_backdrop_filter=&#8221;none&#8221; column_shadow=&#8221;none&#8221; column_border_radius=&#8221;none&#8221; column_link_target=&#8221;_self&#8221; column_position=&#8221;default&#8221; gradient_direction=&#8221;left_to_right&#8221; overlay_strength=&#8221;0.3&#8243; width=&#8221;1\/6&#8243; tablet_width_inherit=&#8221;default&#8221; animation_type=&#8221;default&#8221; bg_image_animation=&#8221;none&#8221; border_type=&#8221;simple&#8221; column_border_width=&#8221;none&#8221; column_border_style=&#8221;solid&#8221;][\/vc_column][vc_column column_padding=&#8221;no-extra-padding&#8221; column_padding_tablet=&#8221;inherit&#8221; column_padding_phone=&#8221;inherit&#8221; column_padding_position=&#8221;all&#8221; column_element_direction_desktop=&#8221;default&#8221; column_element_spacing=&#8221;default&#8221; desktop_text_alignment=&#8221;default&#8221; tablet_text_alignment=&#8221;default&#8221; phone_text_alignment=&#8221;default&#8221; background_color_opacity=&#8221;1&#8243; background_hover_color_opacity=&#8221;1&#8243; column_backdrop_filter=&#8221;none&#8221; column_shadow=&#8221;none&#8221; column_border_radius=&#8221;none&#8221; column_link_target=&#8221;_self&#8221; column_position=&#8221;default&#8221; gradient_direction=&#8221;left_to_right&#8221; overlay_strength=&#8221;0.3&#8243; width=&#8221;2\/3&#8243; tablet_width_inherit=&#8221;default&#8221; animation_type=&#8221;default&#8221; bg_image_animation=&#8221;none&#8221; border_type=&#8221;simple&#8221; column_border_width=&#8221;none&#8221; column_border_style=&#8221;solid&#8221;][vc_column_text text_direction=&#8221;default&#8221;]\n<h1 style=\"text-align: center;\"><strong>Regarding the Species Exhibition<\/strong><\/h1>\n<p>&nbsp;<\/p>\n<p>Loro Parque is not merely an animal display but rather a biodiversity conservation center, where each species plays a crucial role in preserving its survival in the natural world. It is truly an Animal Embassy.<\/p>\n<p>The educational mission of scientifically-based zoological parks is a cornerstone of efforts to protect species. Through direct interaction with the animals residing in Loro Parque, the public comes closer to real-life experiences and develops empathy and interest for beings that would otherwise be mere data and occurrences from other parts of the world.<\/p>\n<p>This educational work is particularly intensive in schools across the Canary Islands. Over 300,000 students have visited the park annually to participate in activities organized by the educational team. During these sessions, they learn about the species, their actual status in nature, ongoing projects, and all relevant details tailored to their educational level.<\/p>\n<p>Upon leaving the park, these students demonstrate an increased concern for the survival of species. This is a crucial step to ensure that the new generations are conscious and actively engaged in caring for the planet.<\/p>\n[\/vc_column_text][\/vc_column][vc_column column_padding=&#8221;no-extra-padding&#8221; column_padding_tablet=&#8221;inherit&#8221; column_padding_phone=&#8221;inherit&#8221; column_padding_position=&#8221;all&#8221; column_element_direction_desktop=&#8221;default&#8221; column_element_spacing=&#8221;default&#8221; desktop_text_alignment=&#8221;default&#8221; tablet_text_alignment=&#8221;default&#8221; phone_text_alignment=&#8221;default&#8221; background_color_opacity=&#8221;1&#8243; background_hover_color_opacity=&#8221;1&#8243; column_backdrop_filter=&#8221;none&#8221; column_shadow=&#8221;none&#8221; column_border_radius=&#8221;none&#8221; column_link_target=&#8221;_self&#8221; column_position=&#8221;default&#8221; gradient_direction=&#8221;left_to_right&#8221; overlay_strength=&#8221;0.3&#8243; width=&#8221;1\/6&#8243; tablet_width_inherit=&#8221;default&#8221; animation_type=&#8221;default&#8221; bg_image_animation=&#8221;none&#8221; border_type=&#8221;simple&#8221; column_border_width=&#8221;none&#8221; column_border_style=&#8221;solid&#8221;][\/vc_column][\/vc_row]\n","protected":false},"excerpt":{"rendered":"<p>[vc_row type=&#8221;in_container&#8221; full_screen_row_position=&#8221;middle&#8221; column_margin=&#8221;default&#8221; column_direction=&#8221;default&#8221; column_direction_tablet=&#8221;default&#8221; column_direction_phone=&#8221;default&#8221; scene_position=&#8221;center&#8221; text_color=&#8221;dark&#8221; text_align=&#8221;left&#8221; row_border_radius=&#8221;none&#8221; row_border_radius_applies=&#8221;bg&#8221; overflow=&#8221;visible&#8221; overlay_strength=&#8221;0.3&#8243; gradient_direction=&#8221;left_to_right&#8221;&#8230;<\/p>\n","protected":false},"author":13,"featured_media":0,"parent":0,"menu_order":0,"comment_status":"closed","ping_status":"closed","template":"","meta":{"footnotes":""},"yoast_head":"<!-- This site is optimized with the Yoast SEO Premium plugin v22.5 (Yoast SEO v22.5) - https:\/\/yoast.com\/wordpress\/plugins\/seo\/ -->\n<title>Loro Parque: The Animal Embassy &amp; Biodiversity Center<\/title>\n<meta name=\"description\" content=\"We are more than an exhibition. Discover how Loro Parque acts as an Animal Embassy, using science and education to protect biodiversity.\" \/>\n<meta name=\"robots\" content=\"index, follow, max-snippet:-1, max-image-preview:large, max-video-preview:-1\" \/>\n<link rel=\"canonical\" href=\"https:\/\/www.loroparque.com\/en\/sobre-la-exhibicion-de-especies-exhibicion-de-especies\/\" \/>\n<meta property=\"og:locale\" content=\"en_US\" \/>\n<meta property=\"og:type\" content=\"article\" \/>\n<meta property=\"og:title\" content=\"Loro Parque: The Animal Embassy &amp; Biodiversity Center\" \/>\n<meta property=\"og:description\" content=\"We are more than an exhibition. Discover how Loro Parque acts as an Animal Embassy, using science and education to protect biodiversity.\" \/>\n<meta property=\"og:url\" content=\"https:\/\/www.loroparque.com\/en\/sobre-la-exhibicion-de-especies-exhibicion-de-especies\/\" \/>\n<meta property=\"og:site_name\" content=\"Loro Parque\" \/>\n<meta property=\"article:publisher\" content=\"https:\/\/www.facebook.com\/loroparque\" \/>\n<meta property=\"article:modified_time\" content=\"2026-04-13T15:10:35+00:00\" \/>\n<meta property=\"og:image\" content=\"https:\/\/www.loroparque.com\/app\/uploads\/2022\/08\/LOGORRSS.jpg\" \/>\n\t<meta property=\"og:image:width\" content=\"300\" \/>\n\t<meta property=\"og:image:height\" content=\"300\" \/>\n\t<meta property=\"og:image:type\" content=\"image\/jpeg\" \/>\n<meta name=\"twitter:card\" content=\"summary_large_image\" \/>\n<meta name=\"twitter:title\" content=\"Loro Parque: The Animal Embassy &amp; Biodiversity Center\" \/>\n<meta name=\"twitter:description\" content=\"We are more than an exhibition. Discover how Loro Parque acts as an Animal Embassy, using science and education to protect biodiversity.\" \/>\n<meta name=\"twitter:site\" content=\"@loroparque\" \/>\n<script type=\"application\/ld+json\" class=\"yoast-schema-graph\">{\"@context\":\"https:\/\/schema.org\",\"@graph\":[{\"@type\":\"WebPage\",\"@id\":\"https:\/\/www.loroparque.com\/en\/sobre-la-exhibicion-de-especies-exhibicion-de-especies\/\",\"url\":\"https:\/\/www.loroparque.com\/en\/sobre-la-exhibicion-de-especies-exhibicion-de-especies\/\",\"name\":\"Loro Parque: The Animal Embassy & Biodiversity Center\",\"isPartOf\":{\"@id\":\"https:\/\/www.loroparque.com\/en\/#website\"},\"datePublished\":\"2023-09-21T11:26:44+00:00\",\"dateModified\":\"2026-04-13T15:10:35+00:00\",\"description\":\"We are more than an exhibition. Discover how Loro Parque acts as an Animal Embassy, using science and education to protect biodiversity.\",\"breadcrumb\":{\"@id\":\"https:\/\/www.loroparque.com\/en\/sobre-la-exhibicion-de-especies-exhibicion-de-especies\/#breadcrumb\"},\"inLanguage\":\"en-US\",\"potentialAction\":[{\"@type\":\"ReadAction\",\"target\":[\"https:\/\/www.loroparque.com\/en\/sobre-la-exhibicion-de-especies-exhibicion-de-especies\/\"]}]},{\"@type\":\"BreadcrumbList\",\"@id\":\"https:\/\/www.loroparque.com\/en\/sobre-la-exhibicion-de-especies-exhibicion-de-especies\/#breadcrumb\",\"itemListElement\":[{\"@type\":\"ListItem\",\"position\":1,\"name\":\"Inicio\",\"item\":\"https:\/\/www.loroparque.com\/en\/\"},{\"@type\":\"ListItem\",\"position\":2,\"name\":\"Regarding the Species Exhibition\"}]},{\"@type\":\"WebSite\",\"@id\":\"https:\/\/www.loroparque.com\/en\/#website\",\"url\":\"https:\/\/www.loroparque.com\/en\/\",\"name\":\"Loro Parque\",\"description\":\"El must de Canarias - Animal Embassy - Tenerife\",\"publisher\":{\"@id\":\"https:\/\/www.loroparque.com\/en\/#organization\"},\"alternateName\":\"loroparque.com\",\"potentialAction\":[{\"@type\":\"SearchAction\",\"target\":{\"@type\":\"EntryPoint\",\"urlTemplate\":\"https:\/\/www.loroparque.com\/en\/?s={search_term_string}\"},\"query-input\":\"required name=search_term_string\"}],\"inLanguage\":\"en-US\"},{\"@type\":\"Organization\",\"@id\":\"https:\/\/www.loroparque.com\/en\/#organization\",\"name\":\"Loro Parque\",\"alternateName\":\"loroparque.com\",\"url\":\"https:\/\/www.loroparque.com\/en\/\",\"logo\":{\"@type\":\"ImageObject\",\"inLanguage\":\"en-US\",\"@id\":\"https:\/\/www.loroparque.com\/en\/#\/schema\/logo\/image\/\",\"url\":\"https:\/\/www.loroparque.com\/app\/uploads\/2023\/03\/Logo-LP_vertical1-fondo-claro.png\",\"contentUrl\":\"https:\/\/www.loroparque.com\/app\/uploads\/2023\/03\/Logo-LP_vertical1-fondo-claro.png\",\"width\":1140,\"height\":870,\"caption\":\"Loro Parque\"},\"image\":{\"@id\":\"https:\/\/www.loroparque.com\/en\/#\/schema\/logo\/image\/\"},\"sameAs\":[\"https:\/\/www.facebook.com\/loroparque\",\"https:\/\/x.com\/loroparque\",\"https:\/\/www.instagram.com\/loroparque\/\",\"https:\/\/www.linkedin.com\/company\/loroparque\/\",\"https:\/\/www.youtube.com\/user\/Loroparquetenerife\",\"https:\/\/www.tiktok.com\/@loroparque_oficial\"],\"description\":\"Loro Parque es un centro de conservaci\u00f3n en Tenerife, reconocido como el mejor zoo moderno del mundo. Con m\u00e1s de 300 proyectos de conservaci\u00f3n y 29 millones de USD invertidos en protecci\u00f3n de especies, es un referente internacional en bienestar animal y educaci\u00f3n ambiental.\",\"email\":\"info@loroparque.com\",\"telephone\":\"0034922373841\",\"legalName\":\"LORO PARQUE, S.A.\",\"foundingDate\":\"1972-12-17\"}]}<\/script>\n<!-- \/ Yoast SEO Premium plugin. -->","yoast_head_json":{"title":"Loro Parque: The Animal Embassy & Biodiversity Center","description":"We are more than an exhibition. Discover how Loro Parque acts as an Animal Embassy, using science and education to protect biodiversity.","robots":{"index":"index","follow":"follow","max-snippet":"max-snippet:-1","max-image-preview":"max-image-preview:large","max-video-preview":"max-video-preview:-1"},"canonical":"https:\/\/www.loroparque.com\/en\/sobre-la-exhibicion-de-especies-exhibicion-de-especies\/","og_locale":"en_US","og_type":"article","og_title":"Loro Parque: The Animal Embassy & Biodiversity Center","og_description":"We are more than an exhibition. Discover how Loro Parque acts as an Animal Embassy, using science and education to protect biodiversity.","og_url":"https:\/\/www.loroparque.com\/en\/sobre-la-exhibicion-de-especies-exhibicion-de-especies\/","og_site_name":"Loro Parque","article_publisher":"https:\/\/www.facebook.com\/loroparque","article_modified_time":"2026-04-13T15:10:35+00:00","og_image":[{"width":300,"height":300,"url":"https:\/\/www.loroparque.com\/app\/uploads\/2022\/08\/LOGORRSS.jpg","type":"image\/jpeg"}],"twitter_card":"summary_large_image","twitter_title":"Loro Parque: The Animal Embassy & Biodiversity Center","twitter_description":"We are more than an exhibition. Discover how Loro Parque acts as an Animal Embassy, using science and education to protect biodiversity.","twitter_site":"@loroparque","schema":{"@context":"https:\/\/schema.org","@graph":[{"@type":"WebPage","@id":"https:\/\/www.loroparque.com\/en\/sobre-la-exhibicion-de-especies-exhibicion-de-especies\/","url":"https:\/\/www.loroparque.com\/en\/sobre-la-exhibicion-de-especies-exhibicion-de-especies\/","name":"Loro Parque: The Animal Embassy & Biodiversity Center","isPartOf":{"@id":"https:\/\/www.loroparque.com\/en\/#website"},"datePublished":"2023-09-21T11:26:44+00:00","dateModified":"2026-04-13T15:10:35+00:00","description":"We are more than an exhibition. Discover how Loro Parque acts as an Animal Embassy, using science and education to protect biodiversity.","breadcrumb":{"@id":"https:\/\/www.loroparque.com\/en\/sobre-la-exhibicion-de-especies-exhibicion-de-especies\/#breadcrumb"},"inLanguage":"en-US","potentialAction":[{"@type":"ReadAction","target":["https:\/\/www.loroparque.com\/en\/sobre-la-exhibicion-de-especies-exhibicion-de-especies\/"]}]},{"@type":"BreadcrumbList","@id":"https:\/\/www.loroparque.com\/en\/sobre-la-exhibicion-de-especies-exhibicion-de-especies\/#breadcrumb","itemListElement":[{"@type":"ListItem","position":1,"name":"Inicio","item":"https:\/\/www.loroparque.com\/en\/"},{"@type":"ListItem","position":2,"name":"Regarding the Species Exhibition"}]},{"@type":"WebSite","@id":"https:\/\/www.loroparque.com\/en\/#website","url":"https:\/\/www.loroparque.com\/en\/","name":"Loro Parque","description":"El must de Canarias - Animal Embassy - Tenerife","publisher":{"@id":"https:\/\/www.loroparque.com\/en\/#organization"},"alternateName":"loroparque.com","potentialAction":[{"@type":"SearchAction","target":{"@type":"EntryPoint","urlTemplate":"https:\/\/www.loroparque.com\/en\/?s={search_term_string}"},"query-input":"required name=search_term_string"}],"inLanguage":"en-US"},{"@type":"Organization","@id":"https:\/\/www.loroparque.com\/en\/#organization","name":"Loro Parque","alternateName":"loroparque.com","url":"https:\/\/www.loroparque.com\/en\/","logo":{"@type":"ImageObject","inLanguage":"en-US","@id":"https:\/\/www.loroparque.com\/en\/#\/schema\/logo\/image\/","url":"https:\/\/www.loroparque.com\/app\/uploads\/2023\/03\/Logo-LP_vertical1-fondo-claro.png","contentUrl":"https:\/\/www.loroparque.com\/app\/uploads\/2023\/03\/Logo-LP_vertical1-fondo-claro.png","width":1140,"height":870,"caption":"Loro Parque"},"image":{"@id":"https:\/\/www.loroparque.com\/en\/#\/schema\/logo\/image\/"},"sameAs":["https:\/\/www.facebook.com\/loroparque","https:\/\/x.com\/loroparque","https:\/\/www.instagram.com\/loroparque\/","https:\/\/www.linkedin.com\/company\/loroparque\/","https:\/\/www.youtube.com\/user\/Loroparquetenerife","https:\/\/www.tiktok.com\/@loroparque_oficial"],"description":"Loro Parque es un centro de conservaci\u00f3n en Tenerife, reconocido como el mejor zoo moderno del mundo. Con m\u00e1s de 300 proyectos de conservaci\u00f3n y 29 millones de USD invertidos en protecci\u00f3n de especies, es un referente internacional en bienestar animal y educaci\u00f3n ambiental.","email":"info@loroparque.com","telephone":"0034922373841","legalName":"LORO PARQUE, S.A.","foundingDate":"1972-12-17"}]}},"_links":{"self":[{"href":"https:\/\/www.loroparque.com\/en\/wp-json\/wp\/v2\/pages\/51486"}],"collection":[{"href":"https:\/\/www.loroparque.com\/en\/wp-json\/wp\/v2\/pages"}],"about":[{"href":"https:\/\/www.loroparque.com\/en\/wp-json\/wp\/v2\/types\/page"}],"author":[{"embeddable":true,"href":"https:\/\/www.loroparque.com\/en\/wp-json\/wp\/v2\/users\/13"}],"replies":[{"embeddable":true,"href":"https:\/\/www.loroparque.com\/en\/wp-json\/wp\/v2\/comments?post=51486"}],"version-history":[{"count":1,"href":"https:\/\/www.loroparque.com\/en\/wp-json\/wp\/v2\/pages\/51486\/revisions"}],"predecessor-version":[{"id":51487,"href":"https:\/\/www.loroparque.com\/en\/wp-json\/wp\/v2\/pages\/51486\/revisions\/51487"}],"wp:attachment":[{"href":"https:\/\/www.loroparque.com\/en\/wp-json\/wp\/v2\/media?parent=51486"}],"curies":[{"name":"wp","href":"https:\/\/api.w.org\/{rel}","templated":true}]}}