{"id":47381,"date":"2022-08-12T12:30:08","date_gmt":"2022-08-12T12:30:08","guid":{"rendered":"https:\/\/www.loroparque.com\/?page_id=47381"},"modified":"2022-09-08T09:29:52","modified_gmt":"2022-09-08T09:29:52","slug":"founder-welcome","status":"publish","type":"page","link":"https:\/\/www.loroparque.com\/en\/founder-welcome\/","title":{"rendered":"Our founder would like to welcome you to Loro Parque"},"content":{"rendered":"[vc_row type=&#8221;in_container&#8221; full_screen_row_position=&#8221;middle&#8221; column_margin=&#8221;default&#8221; column_direction=&#8221;default&#8221; column_direction_tablet=&#8221;default&#8221; column_direction_phone=&#8221;default&#8221; scene_position=&#8221;center&#8221; bottom_padding=&#8221;2%&#8221; text_color=&#8221;dark&#8221; text_align=&#8221;left&#8221; row_border_radius=&#8221;none&#8221; row_border_radius_applies=&#8221;bg&#8221; overflow=&#8221;visible&#8221; advanced_gradient_angle=&#8221;0&#8243; overlay_strength=&#8221;0.3&#8243; gradient_direction=&#8221;left_to_right&#8221; shape_divider_position=&#8221;bottom&#8221; bg_image_animation=&#8221;none&#8221; gradient_type=&#8221;default&#8221; shape_type=&#8221;&#8221;][vc_column column_padding=&#8221;no-extra-padding&#8221; column_padding_tablet=&#8221;inherit&#8221; column_padding_phone=&#8221;inherit&#8221; column_padding_position=&#8221;all&#8221; column_element_spacing=&#8221;default&#8221; background_color_opacity=&#8221;1&#8243; background_hover_color_opacity=&#8221;1&#8243; column_shadow=&#8221;none&#8221; column_border_radius=&#8221;none&#8221; column_link_target=&#8221;_self&#8221; column_position=&#8221;default&#8221; gradient_direction=&#8221;left_to_right&#8221; overlay_strength=&#8221;0.3&#8243; width=&#8221;1\/6&#8243; tablet_width_inherit=&#8221;default&#8221; tablet_text_alignment=&#8221;default&#8221; phone_text_alignment=&#8221;default&#8221; animation_type=&#8221;default&#8221; bg_image_animation=&#8221;none&#8221; border_type=&#8221;simple&#8221; column_border_width=&#8221;none&#8221; column_border_style=&#8221;solid&#8221;][\/vc_column][vc_column column_padding=&#8221;no-extra-padding&#8221; column_padding_tablet=&#8221;inherit&#8221; column_padding_phone=&#8221;inherit&#8221; column_padding_position=&#8221;all&#8221; column_element_spacing=&#8221;default&#8221; background_color_opacity=&#8221;1&#8243; background_hover_color_opacity=&#8221;1&#8243; column_shadow=&#8221;none&#8221; column_border_radius=&#8221;none&#8221; column_link_target=&#8221;_self&#8221; column_position=&#8221;default&#8221; gradient_direction=&#8221;left_to_right&#8221; overlay_strength=&#8221;0.3&#8243; width=&#8221;2\/3&#8243; tablet_width_inherit=&#8221;default&#8221; tablet_text_alignment=&#8221;default&#8221; phone_text_alignment=&#8221;default&#8221; animation_type=&#8221;default&#8221; bg_image_animation=&#8221;none&#8221; border_type=&#8221;simple&#8221; column_border_width=&#8221;none&#8221; column_border_style=&#8221;solid&#8221;][vc_column_text]\n<h1 style=\"text-align: center;\">Our founder would like to<br \/>\nwelcome you to Loro Parque<\/h1>\n<p>&nbsp;<\/p>\n<p style=\"text-align: center;\"><img decoding=\"async\" class=\"size-medium wp-image-13056 aligncenter\" src=\"https:\/\/www.loroparque.com\/app\/uploads\/2022\/02\/american-humane-wolfgang-kiessling-international-prize-for-species-conservation-01-200x300.jpg\" alt=\"\" width=\"200\" height=\"300\" srcset=\"https:\/\/www.loroparque.com\/app\/uploads\/2022\/02\/american-humane-wolfgang-kiessling-international-prize-for-species-conservation-01-200x300.jpg 200w, https:\/\/www.loroparque.com\/app\/uploads\/2022\/02\/american-humane-wolfgang-kiessling-international-prize-for-species-conservation-01-682x1024.jpg 682w, https:\/\/www.loroparque.com\/app\/uploads\/2022\/02\/american-humane-wolfgang-kiessling-international-prize-for-species-conservation-01-768x1153.jpg 768w, https:\/\/www.loroparque.com\/app\/uploads\/2022\/02\/american-humane-wolfgang-kiessling-international-prize-for-species-conservation-01-370x555.jpg 370w, https:\/\/www.loroparque.com\/app\/uploads\/2022\/02\/american-humane-wolfgang-kiessling-international-prize-for-species-conservation-01-840x1261.jpg 840w, https:\/\/www.loroparque.com\/app\/uploads\/2022\/02\/american-humane-wolfgang-kiessling-international-prize-for-species-conservation-01-410x615.jpg 410w, https:\/\/www.loroparque.com\/app\/uploads\/2022\/02\/american-humane-wolfgang-kiessling-international-prize-for-species-conservation-01.jpg 904w\" sizes=\"(max-width: 200px) 100vw, 200px\" \/><\/p>\n<p style=\"text-align: left;\"><span style=\"font-size: 52px; line-height: 28px; font-family: Carter One; color: #000000;\">W<\/span>e can proudly say that after 50 years of experience, Loro Parque has become the animal embassy par excellence. Our commitment to animal welfare is today stronger and more vital than ever.<\/p>\n<p>Development and social evolution have posed challenges and threats to the animal world that they cannot face alone. Thus, it is essential to have human involvement in the protection of natural diversity.<\/p>\n<p>At Loro Parque we have launched different actions from a conservation, research, education, and awareness approach, and we are seeking your involvement in this relentless struggle to curb the effects of the current environmental crisis.<\/p>\n<p>We consider our park as an example of a modern zoo. A species reserve that ensures the survival of biological diversity, especially the most endangered species. It is also a unique opportunity for every visitor to admire, learn and understand the unique qualities of each living being.<\/p>\n<p>We are sure that the more you know about animals, the more committed you will be to protecting them and their ecosystems.<\/p>\n<p>Stroll through our extraordinary gardens, share an unforgettable moment with your companions, but above all, don&#8217;t miss the opportunity to reflect on the importance of your role in the conservation of planet Earth.<\/p>\n<p style=\"text-align: left;\"><strong>Get immersed in our species protectionist ethos! The more we are, the greater the positive impact we can make! <\/strong><\/p>\n<p style=\"text-align: right;\"><em>Wolfgang Kiessling, President of Loro Parque, S.A.<br \/>\n<\/em><\/p>\n[\/vc_column_text][\/vc_column][vc_column column_padding=&#8221;no-extra-padding&#8221; column_padding_tablet=&#8221;inherit&#8221; column_padding_phone=&#8221;inherit&#8221; column_padding_position=&#8221;all&#8221; column_element_spacing=&#8221;default&#8221; background_color_opacity=&#8221;1&#8243; background_hover_color_opacity=&#8221;1&#8243; column_shadow=&#8221;none&#8221; column_border_radius=&#8221;none&#8221; column_link_target=&#8221;_self&#8221; column_position=&#8221;default&#8221; gradient_direction=&#8221;left_to_right&#8221; overlay_strength=&#8221;0.3&#8243; width=&#8221;1\/6&#8243; tablet_width_inherit=&#8221;default&#8221; tablet_text_alignment=&#8221;default&#8221; phone_text_alignment=&#8221;default&#8221; animation_type=&#8221;default&#8221; bg_image_animation=&#8221;none&#8221; border_type=&#8221;simple&#8221; column_border_width=&#8221;none&#8221; column_border_style=&#8221;solid&#8221;][\/vc_column][\/vc_row]\n","protected":false},"excerpt":{"rendered":"<p>[vc_row type=&#8221;in_container&#8221; full_screen_row_position=&#8221;middle&#8221; column_margin=&#8221;default&#8221; column_direction=&#8221;default&#8221; column_direction_tablet=&#8221;default&#8221; column_direction_phone=&#8221;default&#8221; scene_position=&#8221;center&#8221; bottom_padding=&#8221;2%&#8221; text_color=&#8221;dark&#8221; text_align=&#8221;left&#8221; row_border_radius=&#8221;none&#8221; row_border_radius_applies=&#8221;bg&#8221; overflow=&#8221;visible&#8221; advanced_gradient_angle=&#8221;0&#8243;&#8230;<\/p>\n","protected":false},"author":1,"featured_media":0,"parent":0,"menu_order":0,"comment_status":"closed","ping_status":"closed","template":"","meta":{"footnotes":""},"yoast_head":"<!-- This site is optimized with the Yoast SEO Premium plugin v22.5 (Yoast SEO v22.5) - https:\/\/yoast.com\/wordpress\/plugins\/seo\/ -->\n<title>Our founder would like to welcome you to Loro Parque &#8226; Loro Parque<\/title>\n<meta name=\"description\" content=\"Our founder would like to welcome you to Loro Parque\" \/>\n<meta name=\"robots\" content=\"index, follow, max-snippet:-1, max-image-preview:large, max-video-preview:-1\" \/>\n<link rel=\"canonical\" href=\"https:\/\/www.loroparque.com\/en\/founder-welcome\/\" \/>\n<meta property=\"og:locale\" content=\"en_US\" \/>\n<meta property=\"og:type\" content=\"article\" \/>\n<meta property=\"og:title\" content=\"Our founder would like to welcome you to Loro Parque &#8226; Loro Parque\" \/>\n<meta property=\"og:description\" content=\"Our founder would like to welcome you to Loro Parque\" \/>\n<meta property=\"og:url\" content=\"https:\/\/www.loroparque.com\/en\/founder-welcome\/\" \/>\n<meta property=\"og:site_name\" content=\"Loro Parque\" \/>\n<meta property=\"article:publisher\" content=\"https:\/\/www.facebook.com\/loroparque\" \/>\n<meta property=\"article:modified_time\" content=\"2022-09-08T09:29:52+00:00\" \/>\n<meta property=\"og:image\" content=\"https:\/\/www.loroparque.com\/app\/uploads\/2022\/02\/american-humane-wolfgang-kiessling-international-prize-for-species-conservation-01-200x300.jpg\" \/>\n<meta name=\"twitter:card\" content=\"summary_large_image\" \/>\n<meta name=\"twitter:site\" content=\"@loroparque\" \/>\n<script type=\"application\/ld+json\" class=\"yoast-schema-graph\">{\"@context\":\"https:\/\/schema.org\",\"@graph\":[{\"@type\":\"WebPage\",\"@id\":\"https:\/\/www.loroparque.com\/en\/founder-welcome\/\",\"url\":\"https:\/\/www.loroparque.com\/en\/founder-welcome\/\",\"name\":\"Our founder would like to welcome you to Loro Parque &#8226; Loro Parque\",\"isPartOf\":{\"@id\":\"https:\/\/www.loroparque.com\/en\/#website\"},\"primaryImageOfPage\":{\"@id\":\"https:\/\/www.loroparque.com\/en\/founder-welcome\/#primaryimage\"},\"image\":{\"@id\":\"https:\/\/www.loroparque.com\/en\/founder-welcome\/#primaryimage\"},\"thumbnailUrl\":\"https:\/\/www.loroparque.com\/app\/uploads\/2022\/02\/american-humane-wolfgang-kiessling-international-prize-for-species-conservation-01-200x300.jpg\",\"datePublished\":\"2022-08-12T12:30:08+00:00\",\"dateModified\":\"2022-09-08T09:29:52+00:00\",\"description\":\"Our founder would like to welcome you to Loro Parque\",\"breadcrumb\":{\"@id\":\"https:\/\/www.loroparque.com\/en\/founder-welcome\/#breadcrumb\"},\"inLanguage\":\"en-US\",\"potentialAction\":[{\"@type\":\"ReadAction\",\"target\":[\"https:\/\/www.loroparque.com\/en\/founder-welcome\/\"]}]},{\"@type\":\"ImageObject\",\"inLanguage\":\"en-US\",\"@id\":\"https:\/\/www.loroparque.com\/en\/founder-welcome\/#primaryimage\",\"url\":\"https:\/\/www.loroparque.com\/app\/uploads\/2022\/02\/american-humane-wolfgang-kiessling-international-prize-for-species-conservation-01-200x300.jpg\",\"contentUrl\":\"https:\/\/www.loroparque.com\/app\/uploads\/2022\/02\/american-humane-wolfgang-kiessling-international-prize-for-species-conservation-01-200x300.jpg\"},{\"@type\":\"BreadcrumbList\",\"@id\":\"https:\/\/www.loroparque.com\/en\/founder-welcome\/#breadcrumb\",\"itemListElement\":[{\"@type\":\"ListItem\",\"position\":1,\"name\":\"Inicio\",\"item\":\"https:\/\/www.loroparque.com\/en\/\"},{\"@type\":\"ListItem\",\"position\":2,\"name\":\"Our founder would like to welcome you to Loro Parque\"}]},{\"@type\":\"WebSite\",\"@id\":\"https:\/\/www.loroparque.com\/en\/#website\",\"url\":\"https:\/\/www.loroparque.com\/en\/\",\"name\":\"Loro Parque\",\"description\":\"El must de Canarias - Animal Embassy - Tenerife\",\"publisher\":{\"@id\":\"https:\/\/www.loroparque.com\/en\/#organization\"},\"alternateName\":\"loroparque.com\",\"potentialAction\":[{\"@type\":\"SearchAction\",\"target\":{\"@type\":\"EntryPoint\",\"urlTemplate\":\"https:\/\/www.loroparque.com\/en\/?s={search_term_string}\"},\"query-input\":\"required name=search_term_string\"}],\"inLanguage\":\"en-US\"},{\"@type\":\"Organization\",\"@id\":\"https:\/\/www.loroparque.com\/en\/#organization\",\"name\":\"Loro Parque\",\"alternateName\":\"loroparque.com\",\"url\":\"https:\/\/www.loroparque.com\/en\/\",\"logo\":{\"@type\":\"ImageObject\",\"inLanguage\":\"en-US\",\"@id\":\"https:\/\/www.loroparque.com\/en\/#\/schema\/logo\/image\/\",\"url\":\"https:\/\/www.loroparque.com\/app\/uploads\/2023\/03\/Logo-LP_vertical1-fondo-claro.png\",\"contentUrl\":\"https:\/\/www.loroparque.com\/app\/uploads\/2023\/03\/Logo-LP_vertical1-fondo-claro.png\",\"width\":1140,\"height\":870,\"caption\":\"Loro Parque\"},\"image\":{\"@id\":\"https:\/\/www.loroparque.com\/en\/#\/schema\/logo\/image\/\"},\"sameAs\":[\"https:\/\/www.facebook.com\/loroparque\",\"https:\/\/x.com\/loroparque\",\"https:\/\/www.instagram.com\/loroparque\/\",\"https:\/\/www.linkedin.com\/company\/loroparque\/\",\"https:\/\/www.youtube.com\/user\/Loroparquetenerife\",\"https:\/\/www.tiktok.com\/@loroparque_oficial\"],\"description\":\"Loro Parque es un centro de conservaci\u00f3n en Tenerife, reconocido como el mejor zoo moderno del mundo. Con m\u00e1s de 300 proyectos de conservaci\u00f3n y 29 millones de USD invertidos en protecci\u00f3n de especies, es un referente internacional en bienestar animal y educaci\u00f3n ambiental.\",\"email\":\"info@loroparque.com\",\"telephone\":\"0034922373841\",\"legalName\":\"LORO PARQUE, S.A.\",\"foundingDate\":\"1972-12-17\"}]}<\/script>\n<!-- \/ Yoast SEO Premium plugin. -->","yoast_head_json":{"title":"Our founder would like to welcome you to Loro Parque &#8226; Loro Parque","description":"Our founder would like to welcome you to Loro Parque","robots":{"index":"index","follow":"follow","max-snippet":"max-snippet:-1","max-image-preview":"max-image-preview:large","max-video-preview":"max-video-preview:-1"},"canonical":"https:\/\/www.loroparque.com\/en\/founder-welcome\/","og_locale":"en_US","og_type":"article","og_title":"Our founder would like to welcome you to Loro Parque &#8226; Loro Parque","og_description":"Our founder would like to welcome you to Loro Parque","og_url":"https:\/\/www.loroparque.com\/en\/founder-welcome\/","og_site_name":"Loro Parque","article_publisher":"https:\/\/www.facebook.com\/loroparque","article_modified_time":"2022-09-08T09:29:52+00:00","og_image":[{"url":"https:\/\/www.loroparque.com\/app\/uploads\/2022\/02\/american-humane-wolfgang-kiessling-international-prize-for-species-conservation-01-200x300.jpg"}],"twitter_card":"summary_large_image","twitter_site":"@loroparque","schema":{"@context":"https:\/\/schema.org","@graph":[{"@type":"WebPage","@id":"https:\/\/www.loroparque.com\/en\/founder-welcome\/","url":"https:\/\/www.loroparque.com\/en\/founder-welcome\/","name":"Our founder would like to welcome you to Loro Parque &#8226; Loro Parque","isPartOf":{"@id":"https:\/\/www.loroparque.com\/en\/#website"},"primaryImageOfPage":{"@id":"https:\/\/www.loroparque.com\/en\/founder-welcome\/#primaryimage"},"image":{"@id":"https:\/\/www.loroparque.com\/en\/founder-welcome\/#primaryimage"},"thumbnailUrl":"https:\/\/www.loroparque.com\/app\/uploads\/2022\/02\/american-humane-wolfgang-kiessling-international-prize-for-species-conservation-01-200x300.jpg","datePublished":"2022-08-12T12:30:08+00:00","dateModified":"2022-09-08T09:29:52+00:00","description":"Our founder would like to welcome you to Loro Parque","breadcrumb":{"@id":"https:\/\/www.loroparque.com\/en\/founder-welcome\/#breadcrumb"},"inLanguage":"en-US","potentialAction":[{"@type":"ReadAction","target":["https:\/\/www.loroparque.com\/en\/founder-welcome\/"]}]},{"@type":"ImageObject","inLanguage":"en-US","@id":"https:\/\/www.loroparque.com\/en\/founder-welcome\/#primaryimage","url":"https:\/\/www.loroparque.com\/app\/uploads\/2022\/02\/american-humane-wolfgang-kiessling-international-prize-for-species-conservation-01-200x300.jpg","contentUrl":"https:\/\/www.loroparque.com\/app\/uploads\/2022\/02\/american-humane-wolfgang-kiessling-international-prize-for-species-conservation-01-200x300.jpg"},{"@type":"BreadcrumbList","@id":"https:\/\/www.loroparque.com\/en\/founder-welcome\/#breadcrumb","itemListElement":[{"@type":"ListItem","position":1,"name":"Inicio","item":"https:\/\/www.loroparque.com\/en\/"},{"@type":"ListItem","position":2,"name":"Our founder would like to welcome you to Loro Parque"}]},{"@type":"WebSite","@id":"https:\/\/www.loroparque.com\/en\/#website","url":"https:\/\/www.loroparque.com\/en\/","name":"Loro Parque","description":"El must de Canarias - Animal Embassy - Tenerife","publisher":{"@id":"https:\/\/www.loroparque.com\/en\/#organization"},"alternateName":"loroparque.com","potentialAction":[{"@type":"SearchAction","target":{"@type":"EntryPoint","urlTemplate":"https:\/\/www.loroparque.com\/en\/?s={search_term_string}"},"query-input":"required name=search_term_string"}],"inLanguage":"en-US"},{"@type":"Organization","@id":"https:\/\/www.loroparque.com\/en\/#organization","name":"Loro Parque","alternateName":"loroparque.com","url":"https:\/\/www.loroparque.com\/en\/","logo":{"@type":"ImageObject","inLanguage":"en-US","@id":"https:\/\/www.loroparque.com\/en\/#\/schema\/logo\/image\/","url":"https:\/\/www.loroparque.com\/app\/uploads\/2023\/03\/Logo-LP_vertical1-fondo-claro.png","contentUrl":"https:\/\/www.loroparque.com\/app\/uploads\/2023\/03\/Logo-LP_vertical1-fondo-claro.png","width":1140,"height":870,"caption":"Loro Parque"},"image":{"@id":"https:\/\/www.loroparque.com\/en\/#\/schema\/logo\/image\/"},"sameAs":["https:\/\/www.facebook.com\/loroparque","https:\/\/x.com\/loroparque","https:\/\/www.instagram.com\/loroparque\/","https:\/\/www.linkedin.com\/company\/loroparque\/","https:\/\/www.youtube.com\/user\/Loroparquetenerife","https:\/\/www.tiktok.com\/@loroparque_oficial"],"description":"Loro Parque es un centro de conservaci\u00f3n en Tenerife, reconocido como el mejor zoo moderno del mundo. Con m\u00e1s de 300 proyectos de conservaci\u00f3n y 29 millones de USD invertidos en protecci\u00f3n de especies, es un referente internacional en bienestar animal y educaci\u00f3n ambiental.","email":"info@loroparque.com","telephone":"0034922373841","legalName":"LORO PARQUE, S.A.","foundingDate":"1972-12-17"}]}},"_links":{"self":[{"href":"https:\/\/www.loroparque.com\/en\/wp-json\/wp\/v2\/pages\/47381"}],"collection":[{"href":"https:\/\/www.loroparque.com\/en\/wp-json\/wp\/v2\/pages"}],"about":[{"href":"https:\/\/www.loroparque.com\/en\/wp-json\/wp\/v2\/types\/page"}],"author":[{"embeddable":true,"href":"https:\/\/www.loroparque.com\/en\/wp-json\/wp\/v2\/users\/1"}],"replies":[{"embeddable":true,"href":"https:\/\/www.loroparque.com\/en\/wp-json\/wp\/v2\/comments?post=47381"}],"version-history":[{"count":2,"href":"https:\/\/www.loroparque.com\/en\/wp-json\/wp\/v2\/pages\/47381\/revisions"}],"predecessor-version":[{"id":47383,"href":"https:\/\/www.loroparque.com\/en\/wp-json\/wp\/v2\/pages\/47381\/revisions\/47383"}],"wp:attachment":[{"href":"https:\/\/www.loroparque.com\/en\/wp-json\/wp\/v2\/media?parent=47381"}],"curies":[{"name":"wp","href":"https:\/\/api.w.org\/{rel}","templated":true}]}}