{"id":52998,"date":"2023-09-21T11:20:22","date_gmt":"2023-09-21T11:20:22","guid":{"rendered":"https:\/\/www.loroparque.com\/carta-del-presidente\/"},"modified":"2024-09-13T08:15:12","modified_gmt":"2024-09-13T08:15:12","slug":"carta-del-presidente","status":"publish","type":"page","link":"https:\/\/www.loroparque.com\/de\/carta-del-presidente\/","title":{"rendered":"Carta del presidente &#8211; Mitos y Verdades"},"content":{"rendered":"[vc_row type=&#8221;in_container&#8221; full_screen_row_position=&#8221;middle&#8221; column_margin=&#8221;default&#8221; column_direction=&#8221;default&#8221; column_direction_tablet=&#8221;default&#8221; column_direction_phone=&#8221;default&#8221; scene_position=&#8221;center&#8221; text_color=&#8221;dark&#8221; text_align=&#8221;left&#8221; row_border_radius=&#8221;none&#8221; row_border_radius_applies=&#8221;bg&#8221; overflow=&#8221;visible&#8221; overlay_strength=&#8221;0.3&#8243; gradient_direction=&#8221;left_to_right&#8221; shape_divider_position=&#8221;bottom&#8221; bg_image_animation=&#8221;none&#8221;][vc_column column_padding=&#8221;no-extra-padding&#8221; column_padding_tablet=&#8221;inherit&#8221; column_padding_phone=&#8221;inherit&#8221; column_padding_position=&#8221;all&#8221; column_element_direction_desktop=&#8221;default&#8221; column_element_spacing=&#8221;default&#8221; desktop_text_alignment=&#8221;default&#8221; tablet_text_alignment=&#8221;default&#8221; phone_text_alignment=&#8221;default&#8221; background_color_opacity=&#8221;1&#8243; background_hover_color_opacity=&#8221;1&#8243; column_backdrop_filter=&#8221;none&#8221; column_shadow=&#8221;none&#8221; column_border_radius=&#8221;none&#8221; column_link_target=&#8221;_self&#8221; column_position=&#8221;default&#8221; gradient_direction=&#8221;left_to_right&#8221; overlay_strength=&#8221;0.3&#8243; width=&#8221;1\/6&#8243; tablet_width_inherit=&#8221;default&#8221; animation_type=&#8221;default&#8221; bg_image_animation=&#8221;none&#8221; border_type=&#8221;simple&#8221; column_border_width=&#8221;none&#8221; column_border_style=&#8221;solid&#8221;][\/vc_column][vc_column column_padding=&#8221;no-extra-padding&#8221; column_padding_tablet=&#8221;inherit&#8221; column_padding_phone=&#8221;inherit&#8221; column_padding_position=&#8221;all&#8221; column_element_direction_desktop=&#8221;default&#8221; column_element_spacing=&#8221;default&#8221; desktop_text_alignment=&#8221;default&#8221; tablet_text_alignment=&#8221;default&#8221; phone_text_alignment=&#8221;default&#8221; background_color_opacity=&#8221;1&#8243; background_hover_color_opacity=&#8221;1&#8243; column_backdrop_filter=&#8221;none&#8221; column_shadow=&#8221;none&#8221; column_border_radius=&#8221;none&#8221; column_link_target=&#8221;_self&#8221; column_position=&#8221;default&#8221; gradient_direction=&#8221;left_to_right&#8221; overlay_strength=&#8221;0.3&#8243; width=&#8221;2\/3&#8243; tablet_width_inherit=&#8221;default&#8221; animation_type=&#8221;default&#8221; bg_image_animation=&#8221;none&#8221; border_type=&#8221;simple&#8221; column_border_width=&#8221;none&#8221; column_border_style=&#8221;solid&#8221;][vc_column_text text_direction=&#8221;default&#8221;]\n<h1 style=\"text-align: center;\">Brief des Pr\u00e4sidenten<\/h1>\n[\/vc_column_text][divider line_type=&#8221;No Line&#8221;][image_with_animation image_url=&#8221;50914&#8243; image_size=&#8221;full&#8221; animation_type=&#8221;entrance&#8221; animation=&#8221;None&#8221; animation_movement_type=&#8221;transform_y&#8221; hover_animation=&#8221;none&#8221; alignment=&#8221;&#8221; border_radius=&#8221;none&#8221; box_shadow=&#8221;none&#8221; image_loading=&#8221;default&#8221; max_width=&#8221;100%&#8221; max_width_mobile=&#8221;default&#8221;][divider line_type=&#8221;No Line&#8221;][vc_column_text text_direction=&#8221;default&#8221;]Liebe Freunde:<\/p>\n<p>Loro Parque ist seit mehr als 50 Jahren eines der wichtigsten Tourismuszentren der Kanarischen Inseln. Ein Park, der nicht nur Arbeitspl\u00e4tze und Wohlstand f\u00fcr unsere Inseln geschaffen hat, sondern auch stolz darauf ist, eines der weltweit wichtigsten Zentren f\u00fcr den Schutz der Tierartenvielfalt zu sein.<\/p>\n<p>Diese Arbeit wird mit gro\u00dfem Respekt und Liebe f\u00fcr jedes einzelne Tier, das wir in unserem Park betreuen, ausgef\u00fchrt. Ein au\u00dfergew\u00f6hnliches Beispiel daf\u00fcr ist die Anerkennung durch die amerikanische Organisation Global Humane im Jahr 2021, eine unabh\u00e4ngige Vereinigung, die weltweit Situationen der Gef\u00e4hrdung oder des Missbrauchs von Tieren sucht, aufdeckt und anzeigt. Nach einer intensiven Pr\u00fcfung des Loro Parque, die eine umfassende Analyse der Tierpflege und der Arbeit zum Schutz und zur Wiederherstellung der Tierarten umfasste, \u00fcberreichte sie dem Loro Parque das Zertifikat &#8220;Human Conservation mit der h\u00f6chsten Bewertung als bester Zoo Europas&#8221;.<\/p>\n<p>Nach der Zertifizierung beschloss Global Humane, einen Preis nach Wolfgang Kiessling zu benennen, um die Arbeit von Menschen, die ihr Leben dem Schutz der Natur einsetzen, hervorzuheben und finanziell zu unterst\u00fctzen. In diesem Rahmen fand am 13. Juni die zweite Preisverleihung im Washingtoner Capitol statt.<\/p>\n<p>Dieses Familienunternehmen, das im Vergleich zu anderen Weltkonzernen klein ist, hat es geschafft, zu einer internationalen Referenz im Kampf f\u00fcr den Schutz der Biodiversit\u00e4t, die Wiederherstellung der Vielfalt der Tierarten und die Entwicklung von Projekten zu werden, die auf das \u00dcberleben eines Planeten abzielen, der sich in der schlimmsten Umweltsituation der letzten 20 Jahrhunderte befindet. Wir haben bereits zw\u00f6lf Tierarten vor dem Aussterben gerettet: Einige von ihnen, wie der wunderbare Lear-Ara, sind bereits in ihren nat\u00fcrlichen Lebensraum zur\u00fcckgekehrt und haben mit der Zucht begonnen: Ein Erfolg, auf den wir sehr stolz sind und \u00fcber den Sie auf der Website der Loro Parque Foundation alle Einzelheiten erfahren k\u00f6nnen.<\/p>\n<p>Dennoch ist diese Arbeit vielen Menschen unbekannt, die unsere Arbeit angreifen, weil sie keine Ahnung von der Realit\u00e4t unserer Arbeit haben. In diesem Zusammenhang sind genaue, pr\u00e4zise und differenzierte Informationen unser gr\u00f6\u00dftes Kapital, und Sie sind die ersten, die diese Informationen verbreiten. Wir m\u00f6chten Sie \u00fcber einige Tatsachen informieren, die von Leuten, die uns schaden wollen, f\u00e4lschlicherweise verbreitet werden und die Bev\u00f6lkerung in Angst und Verwirrung versetzen.<\/p>\n<p>Alle unsere Daten sind f\u00fcr jeden Interessierten nachpr\u00fcfbar, wir verf\u00fcgen \u00fcber die entsprechenden externen Audits und die Absicherung durch wissenschaftliche Daten.<\/p>\n<p>&nbsp;<\/p>\n<blockquote>\n<p style=\"text-align: center;\"><strong>Das Engagement aller ist die einzige Hoffnung f\u00fcr unseren Planeten.<\/strong><\/p>\n<\/blockquote>\n<p>&nbsp;<\/p>\n<p style=\"text-align: right;\"><em>Wolfgang Kiessling, Pr\u00e4sident Loro Parque, S.A.<\/em><\/p>\n[\/vc_column_text][\/vc_column][vc_column column_padding=&#8221;no-extra-padding&#8221; column_padding_tablet=&#8221;inherit&#8221; column_padding_phone=&#8221;inherit&#8221; column_padding_position=&#8221;all&#8221; column_element_direction_desktop=&#8221;default&#8221; column_element_spacing=&#8221;default&#8221; desktop_text_alignment=&#8221;default&#8221; tablet_text_alignment=&#8221;default&#8221; phone_text_alignment=&#8221;default&#8221; background_color_opacity=&#8221;1&#8243; background_hover_color_opacity=&#8221;1&#8243; column_backdrop_filter=&#8221;none&#8221; column_shadow=&#8221;none&#8221; column_border_radius=&#8221;none&#8221; column_link_target=&#8221;_self&#8221; column_position=&#8221;default&#8221; gradient_direction=&#8221;left_to_right&#8221; overlay_strength=&#8221;0.3&#8243; width=&#8221;1\/6&#8243; tablet_width_inherit=&#8221;default&#8221; animation_type=&#8221;default&#8221; bg_image_animation=&#8221;none&#8221; border_type=&#8221;simple&#8221; column_border_width=&#8221;none&#8221; column_border_style=&#8221;solid&#8221;][\/vc_column][\/vc_row]\n","protected":false},"excerpt":{"rendered":"<p>[vc_row type=&#8221;in_container&#8221; full_screen_row_position=&#8221;middle&#8221; column_margin=&#8221;default&#8221; column_direction=&#8221;default&#8221; column_direction_tablet=&#8221;default&#8221; column_direction_phone=&#8221;default&#8221; scene_position=&#8221;center&#8221; text_color=&#8221;dark&#8221; text_align=&#8221;left&#8221; row_border_radius=&#8221;none&#8221; row_border_radius_applies=&#8221;bg&#8221; overflow=&#8221;visible&#8221; overlay_strength=&#8221;0.3&#8243; gradient_direction=&#8221;left_to_right&#8221;&#8230;<\/p>\n","protected":false},"author":13,"featured_media":0,"parent":0,"menu_order":0,"comment_status":"closed","ping_status":"closed","template":"","meta":{"footnotes":""},"yoast_head":"<!-- This site is optimized with the Yoast SEO Premium plugin v22.5 (Yoast SEO v22.5) - https:\/\/yoast.com\/wordpress\/plugins\/seo\/ -->\n<title>Brief des Pr\u00e4sidenten<\/title>\n<meta name=\"description\" content=\"Der beste moderne Zoo der Welt laut Tripadvisor. Loro Parque, die Botschaft der Tiere, ein Bezugspunkt f\u00fcr die Erhaltung der Arten in Europa.\" \/>\n<meta name=\"robots\" content=\"index, follow, max-snippet:-1, max-image-preview:large, max-video-preview:-1\" \/>\n<link rel=\"canonical\" href=\"https:\/\/www.loroparque.com\/de\/carta-del-presidente\/\" \/>\n<meta property=\"og:locale\" content=\"de_DE\" \/>\n<meta property=\"og:type\" content=\"article\" \/>\n<meta property=\"og:title\" content=\"Brief des Pr\u00e4sidenten\" \/>\n<meta property=\"og:description\" content=\"Der beste moderne Zoo der Welt laut Tripadvisor. Loro Parque, die Botschaft der Tiere, ein Bezugspunkt f\u00fcr die Erhaltung der Arten in Europa.\" \/>\n<meta property=\"og:url\" content=\"https:\/\/www.loroparque.com\/de\/carta-del-presidente\/\" \/>\n<meta property=\"og:site_name\" content=\"Loro Parque\" \/>\n<meta property=\"article:publisher\" content=\"https:\/\/www.facebook.com\/loroparque\" \/>\n<meta property=\"article:modified_time\" content=\"2024-09-13T08:15:12+00:00\" \/>\n<meta property=\"og:image\" content=\"https:\/\/www.loroparque.com\/app\/uploads\/2022\/08\/LOGORRSS.jpg\" \/>\n\t<meta property=\"og:image:width\" content=\"300\" \/>\n\t<meta property=\"og:image:height\" content=\"300\" \/>\n\t<meta property=\"og:image:type\" content=\"image\/jpeg\" \/>\n<meta name=\"twitter:card\" content=\"summary_large_image\" \/>\n<meta name=\"twitter:site\" content=\"@loroparque\" \/>\n<script type=\"application\/ld+json\" class=\"yoast-schema-graph\">{\"@context\":\"https:\/\/schema.org\",\"@graph\":[{\"@type\":\"WebPage\",\"@id\":\"https:\/\/www.loroparque.com\/de\/carta-del-presidente\/\",\"url\":\"https:\/\/www.loroparque.com\/de\/carta-del-presidente\/\",\"name\":\"Brief des Pr\u00e4sidenten\",\"isPartOf\":{\"@id\":\"https:\/\/www.loroparque.com\/de\/#website\"},\"datePublished\":\"2023-09-21T11:20:22+00:00\",\"dateModified\":\"2024-09-13T08:15:12+00:00\",\"description\":\"Der beste moderne Zoo der Welt laut Tripadvisor. Loro Parque, die Botschaft der Tiere, ein Bezugspunkt f\u00fcr die Erhaltung der Arten in Europa.\",\"breadcrumb\":{\"@id\":\"https:\/\/www.loroparque.com\/de\/carta-del-presidente\/#breadcrumb\"},\"inLanguage\":\"de-DE\",\"potentialAction\":[{\"@type\":\"ReadAction\",\"target\":[\"https:\/\/www.loroparque.com\/de\/carta-del-presidente\/\"]}]},{\"@type\":\"BreadcrumbList\",\"@id\":\"https:\/\/www.loroparque.com\/de\/carta-del-presidente\/#breadcrumb\",\"itemListElement\":[{\"@type\":\"ListItem\",\"position\":1,\"name\":\"Inicio\",\"item\":\"https:\/\/www.loroparque.com\/de\/\"},{\"@type\":\"ListItem\",\"position\":2,\"name\":\"Carta del presidente &#8211; Mitos y Verdades\"}]},{\"@type\":\"WebSite\",\"@id\":\"https:\/\/www.loroparque.com\/de\/#website\",\"url\":\"https:\/\/www.loroparque.com\/de\/\",\"name\":\"Loro Parque\",\"description\":\"El must de Canarias - Animal Embassy - Tenerife\",\"publisher\":{\"@id\":\"https:\/\/www.loroparque.com\/de\/#organization\"},\"alternateName\":\"loroparque.com\",\"potentialAction\":[{\"@type\":\"SearchAction\",\"target\":{\"@type\":\"EntryPoint\",\"urlTemplate\":\"https:\/\/www.loroparque.com\/de\/?s={search_term_string}\"},\"query-input\":\"required name=search_term_string\"}],\"inLanguage\":\"de-DE\"},{\"@type\":\"Organization\",\"@id\":\"https:\/\/www.loroparque.com\/de\/#organization\",\"name\":\"Loro Parque\",\"alternateName\":\"loroparque.com\",\"url\":\"https:\/\/www.loroparque.com\/de\/\",\"logo\":{\"@type\":\"ImageObject\",\"inLanguage\":\"de-DE\",\"@id\":\"https:\/\/www.loroparque.com\/de\/#\/schema\/logo\/image\/\",\"url\":\"https:\/\/www.loroparque.com\/app\/uploads\/2023\/03\/Logo-LP_vertical1-fondo-claro.png\",\"contentUrl\":\"https:\/\/www.loroparque.com\/app\/uploads\/2023\/03\/Logo-LP_vertical1-fondo-claro.png\",\"width\":1140,\"height\":870,\"caption\":\"Loro Parque\"},\"image\":{\"@id\":\"https:\/\/www.loroparque.com\/de\/#\/schema\/logo\/image\/\"},\"sameAs\":[\"https:\/\/www.facebook.com\/loroparque\",\"https:\/\/x.com\/loroparque\",\"https:\/\/www.instagram.com\/loroparque\/\",\"https:\/\/www.linkedin.com\/company\/loroparque\/\",\"https:\/\/www.youtube.com\/user\/Loroparquetenerife\",\"https:\/\/www.tiktok.com\/@loroparque_oficial\"],\"description\":\"Loro Parque es un centro de conservaci\u00f3n en Tenerife, reconocido como el mejor zoo moderno del mundo. Con m\u00e1s de 300 proyectos de conservaci\u00f3n y 29 millones de USD invertidos en protecci\u00f3n de especies, es un referente internacional en bienestar animal y educaci\u00f3n ambiental.\",\"email\":\"info@loroparque.com\",\"telephone\":\"0034922373841\",\"legalName\":\"LORO PARQUE, S.A.\",\"foundingDate\":\"1972-12-17\"}]}<\/script>\n<!-- \/ Yoast SEO Premium plugin. -->","yoast_head_json":{"title":"Brief des Pr\u00e4sidenten","description":"Der beste moderne Zoo der Welt laut Tripadvisor. Loro Parque, die Botschaft der Tiere, ein Bezugspunkt f\u00fcr die Erhaltung der Arten in Europa.","robots":{"index":"index","follow":"follow","max-snippet":"max-snippet:-1","max-image-preview":"max-image-preview:large","max-video-preview":"max-video-preview:-1"},"canonical":"https:\/\/www.loroparque.com\/de\/carta-del-presidente\/","og_locale":"de_DE","og_type":"article","og_title":"Brief des Pr\u00e4sidenten","og_description":"Der beste moderne Zoo der Welt laut Tripadvisor. Loro Parque, die Botschaft der Tiere, ein Bezugspunkt f\u00fcr die Erhaltung der Arten in Europa.","og_url":"https:\/\/www.loroparque.com\/de\/carta-del-presidente\/","og_site_name":"Loro Parque","article_publisher":"https:\/\/www.facebook.com\/loroparque","article_modified_time":"2024-09-13T08:15:12+00:00","og_image":[{"width":300,"height":300,"url":"https:\/\/www.loroparque.com\/app\/uploads\/2022\/08\/LOGORRSS.jpg","type":"image\/jpeg"}],"twitter_card":"summary_large_image","twitter_site":"@loroparque","schema":{"@context":"https:\/\/schema.org","@graph":[{"@type":"WebPage","@id":"https:\/\/www.loroparque.com\/de\/carta-del-presidente\/","url":"https:\/\/www.loroparque.com\/de\/carta-del-presidente\/","name":"Brief des Pr\u00e4sidenten","isPartOf":{"@id":"https:\/\/www.loroparque.com\/de\/#website"},"datePublished":"2023-09-21T11:20:22+00:00","dateModified":"2024-09-13T08:15:12+00:00","description":"Der beste moderne Zoo der Welt laut Tripadvisor. Loro Parque, die Botschaft der Tiere, ein Bezugspunkt f\u00fcr die Erhaltung der Arten in Europa.","breadcrumb":{"@id":"https:\/\/www.loroparque.com\/de\/carta-del-presidente\/#breadcrumb"},"inLanguage":"de-DE","potentialAction":[{"@type":"ReadAction","target":["https:\/\/www.loroparque.com\/de\/carta-del-presidente\/"]}]},{"@type":"BreadcrumbList","@id":"https:\/\/www.loroparque.com\/de\/carta-del-presidente\/#breadcrumb","itemListElement":[{"@type":"ListItem","position":1,"name":"Inicio","item":"https:\/\/www.loroparque.com\/de\/"},{"@type":"ListItem","position":2,"name":"Carta del presidente &#8211; Mitos y Verdades"}]},{"@type":"WebSite","@id":"https:\/\/www.loroparque.com\/de\/#website","url":"https:\/\/www.loroparque.com\/de\/","name":"Loro Parque","description":"El must de Canarias - Animal Embassy - Tenerife","publisher":{"@id":"https:\/\/www.loroparque.com\/de\/#organization"},"alternateName":"loroparque.com","potentialAction":[{"@type":"SearchAction","target":{"@type":"EntryPoint","urlTemplate":"https:\/\/www.loroparque.com\/de\/?s={search_term_string}"},"query-input":"required name=search_term_string"}],"inLanguage":"de-DE"},{"@type":"Organization","@id":"https:\/\/www.loroparque.com\/de\/#organization","name":"Loro Parque","alternateName":"loroparque.com","url":"https:\/\/www.loroparque.com\/de\/","logo":{"@type":"ImageObject","inLanguage":"de-DE","@id":"https:\/\/www.loroparque.com\/de\/#\/schema\/logo\/image\/","url":"https:\/\/www.loroparque.com\/app\/uploads\/2023\/03\/Logo-LP_vertical1-fondo-claro.png","contentUrl":"https:\/\/www.loroparque.com\/app\/uploads\/2023\/03\/Logo-LP_vertical1-fondo-claro.png","width":1140,"height":870,"caption":"Loro Parque"},"image":{"@id":"https:\/\/www.loroparque.com\/de\/#\/schema\/logo\/image\/"},"sameAs":["https:\/\/www.facebook.com\/loroparque","https:\/\/x.com\/loroparque","https:\/\/www.instagram.com\/loroparque\/","https:\/\/www.linkedin.com\/company\/loroparque\/","https:\/\/www.youtube.com\/user\/Loroparquetenerife","https:\/\/www.tiktok.com\/@loroparque_oficial"],"description":"Loro Parque es un centro de conservaci\u00f3n en Tenerife, reconocido como el mejor zoo moderno del mundo. Con m\u00e1s de 300 proyectos de conservaci\u00f3n y 29 millones de USD invertidos en protecci\u00f3n de especies, es un referente internacional en bienestar animal y educaci\u00f3n ambiental.","email":"info@loroparque.com","telephone":"0034922373841","legalName":"LORO PARQUE, S.A.","foundingDate":"1972-12-17"}]}},"_links":{"self":[{"href":"https:\/\/www.loroparque.com\/de\/wp-json\/wp\/v2\/pages\/52998"}],"collection":[{"href":"https:\/\/www.loroparque.com\/de\/wp-json\/wp\/v2\/pages"}],"about":[{"href":"https:\/\/www.loroparque.com\/de\/wp-json\/wp\/v2\/types\/page"}],"author":[{"embeddable":true,"href":"https:\/\/www.loroparque.com\/de\/wp-json\/wp\/v2\/users\/13"}],"replies":[{"embeddable":true,"href":"https:\/\/www.loroparque.com\/de\/wp-json\/wp\/v2\/comments?post=52998"}],"version-history":[{"count":2,"href":"https:\/\/www.loroparque.com\/de\/wp-json\/wp\/v2\/pages\/52998\/revisions"}],"predecessor-version":[{"id":53000,"href":"https:\/\/www.loroparque.com\/de\/wp-json\/wp\/v2\/pages\/52998\/revisions\/53000"}],"wp:attachment":[{"href":"https:\/\/www.loroparque.com\/de\/wp-json\/wp\/v2\/media?parent=52998"}],"curies":[{"name":"wp","href":"https:\/\/api.w.org\/{rel}","templated":true}]}}