{"id":50543,"date":"2022-04-26T09:51:03","date_gmt":"2022-04-26T09:51:03","guid":{"rendered":"https:\/\/www.loroparque.com\/?page_id=50543"},"modified":"2026-04-22T08:57:48","modified_gmt":"2026-04-22T08:57:48","slug":"datenschutzbestimmungen","status":"publish","type":"page","link":"https:\/\/www.loroparque.com\/de\/datenschutzbestimmungen\/","title":{"rendered":"Datenschutzbestimmungen"},"content":{"rendered":"<h1 style=\"text-align: center;\"><strong>Datenschutzbestimmungen<\/strong><\/h1>\n<p>&nbsp;<\/p>\n<p><em><strong>DATENSCHUTZVERORDNUNG<\/strong><\/em><\/p>\n<p>In &#8220;<strong>LORO PARQUE, S.A.\u201c<\/strong> arbeiten wir kontinuierlich am Schutz Ihrer pers\u00f6nlichen Daten und aktualisieren unsere Datenschutzrichtlinie, um \u00fcber die Art und Weise zu informieren, in der wir alle Daten der Personen, die sich mit uns in Verbindung setzen, sammeln, verwenden und speichern, wie im Folgenden beschrieben:<\/p>\n<ol>\n<li>&#8211; Verantwortlicher f\u00fcr die Datenverarbeitung.<\/li>\n<\/ol>\n<p>II.- Zwecke der Datenverarbeitung.<\/p>\n<p>III.- Die Speicherdauer Ihrer personenbezogenen Daten.<\/p>\n<p>IV.- Auf welcher Grundlage erfolgt die Verarbeitung Ihrer personenbezogenen Daten?<\/p>\n<ol>\n<li>&#8211; Wer hat Zugang zu Ihren pers\u00f6nlichen Daten?<\/li>\n<\/ol>\n<p>VI.- Welche Rechte haben Sie als Nutzer?<\/p>\n<p>VII.- Daten von Dritten<\/p>\n<p>VIII. &#8211; Ab welchem Alter kann der Nutzer auf unsere Produkte und Dienstleistungen zugreifen?<\/p>\n<p>IX.- Umgesetzte Sicherheitsma\u00dfnahmen.<\/p>\n<p>X.- Cookies<\/p>\n<p><strong>I.- VERANTWORTLICHER F\u00dcR DIE DATENVERARBEITUNG.<\/strong><\/p>\n<p>Der Interessent (Nutzer), der \u201eLORO PARQUE, S.A.\u201c personenbezogene Daten \u00fcber soziale Netzwerke oder Online-Plattformen zur Verf\u00fcgung stellt, wird dar\u00fcber informiert, dass der Verantwortliche f\u00fcr die Verarbeitung der zur Verf\u00fcgung gestellten personenbezogenen Daten \u201eLORO PARQUE, S.A.\u201c ist, mit der C.I.F. A38009023 und der Adresse Avenida Loro Parque, s\/n, 38400 Puerto de la Cruz, Santa Cruz de Tenerife. Telefon 922373841 und E-Mail-Adresse <a href=\"mailto:loroparque@loroparque.com\">loroparque@loroparque.com<\/a>.<\/p>\n<p>Als f\u00fcr die Datenverarbeitung Verantwortlicher wird &#8220;LORO PARQUE, S.A.\u201c ausdr\u00fccklich die Zustimmung des Nutzers zu dieser Datenschutzrichtlinie einholen.<\/p>\n<p>Bei Fragen zum Datenschutz kann sich der Nutzer an &#8220;LORO PARQUE, S.A.\u201c wenden und erh\u00e4lt umgehend eine Antwort.<\/p>\n<p><strong>II.- ZWECKE DER DATENVERARBEITUNG.<\/strong><\/p>\n<p>Die Verarbeitung der zur Verf\u00fcgung gestellten Daten durch &#8220;LORO PARQUE, S.A.\u201c erfolgt entsprechend dem Grund, aus dem der Nutzer mit uns in Kontakt getreten ist, zu den folgenden Zwecken:<\/p>\n<p>\u2013 Zur Verwaltung von K\u00e4ufen und Anfragen, die der Nutzer \u00fcber unsere Webseiten get\u00e4tigt hat.<\/p>\n<p>\u2013 Zur Kontaktaufnahme mit dem Nutzer, um seine Anfragen, Antr\u00e4ge oder R\u00fcckfragen zu bearbeiten.<\/p>\n<p>\u2013 Zur Kontaktaufnahme mit dem Nutzer \u00fcber die bereitgestellten Kommunikationskan\u00e4le, einschlie\u00dflich Instant Messaging, um bereits begonnene Kaufvorg\u00e4nge abzuwickeln und abzuschlie\u00dfen.<\/p>\n<p>\u2013 Zur Information des Nutzers mit allen Mitteln, vorzugsweise durch die Zusendung von kommerziellen Mitteilungen an die vom Nutzer angegebenen E-Mail-Adressen, \u00fcber Dienstleistungen, Werbeaktionen, Neuigkeiten und Produkte von &#8220;LORO PARQUE, S.A.\u201c.<\/p>\n<p>\u2013 Zur Verwaltung und Kontrolle des Kundenportfolios, Bearbeitung von Serviceanfragen, Rechnungsstellung und Inkasso.<\/p>\n<p>\u2013 Zur Durchf\u00fchrung von Werbema\u00dfnahmen, einschlie\u00dflich der Zusendung von kommerziellen Mitteilungen an die vom Nutzer angegebene E-Mail-Adresse von Unternehmen, die mit &#8220;LORO PARQUE, S.A.\u201c zusammenarbeiten, die ausschlie\u00dflich mit Freizeit, Tourismus und Freizeitparks zu tun haben.<\/p>\n<p>\u2013 Der Kunde erteilt ausdr\u00fccklich die Genehmigung, dass seine personenbezogenen Daten an Unternehmen der Loro Parque Gruppe \u00fcbermittelt werden d\u00fcrfen, gem\u00e4\u00df deren jeweiligen Datenschutzrichtlinien, ausschlie\u00dflich zum Zweck der Nutzung seiner personenbezogenen Daten in digitalen Marketingkampagnen per E-Mail.<\/p>\n<p>\u2013 Zur Einladung des Nutzers zu Werbeaktionen wie Spielen, Preisausschreiben und Verlosungen, die \u00fcber unsere Website durchgef\u00fchrt werden.<\/p>\n<p>\u2013 Gegebenenfalls zur Erstellung eines Nutzerprofil, das den Kontakt zwischen &#8220;LORO PARQUE, S.A.\u201c und dem Nutzer verbessert, um m\u00f6gliche Angebote in Bezug auf unsere Produkte und Dienstleistungen zu optimieren.<\/p>\n<p>\u2013 Zum Erhalt von Lebensl\u00e4ufen f\u00fcr die Personalauswahl.<\/p>\n<p><strong>III.- DAUER DER DATENVERARBEITUNG. DIE DAUER DER AUFBEWAHRUNG IHRER PERSONENBEZOGENEN DATEN. <\/strong><\/p>\n<p>Die personenbezogenen Daten des Nutzers werden von &#8220;LORO PARQUE, S.A.\u201c f\u00fcr den gesetzlich zul\u00e4ssigen Zeitraum gespeichert, je nachdem, f\u00fcr welchen Zweck der Nutzer die Daten zur Verf\u00fcgung gestellt hat.<\/p>\n<p>Die zu Werbezwecken erhobenen Daten werden f\u00fcr einen Zeitraum von zwei Jahren gespeichert, es sei denn, der Nutzer widerruft dies ausdr\u00fccklich im Voraus.<\/p>\n<p>Zum Zwecke der Abrechnung und des Einzugs von Leistungen werden die Daten gegebenenfalls f\u00fcr die Dauer des Vertragsverh\u00e4ltnisses aufbewahrt, zuz\u00fcglich der gesetzlich vorgeschriebenen Aufbewahrungsfrist und bis zum Ablauf der Verj\u00e4hrungsfrist f\u00fcr die Inanspruchnahme der hypothetischen vertraglichen Verpflichtungen von &#8220;LORO PARQUE, S.A.\u201c.<\/p>\n<p>Die f\u00fcr die Verwaltung von Anfragen und Antr\u00e4gen erhobenen Daten werden f\u00fcr einen Zeitraum von maximal einem Jahr gespeichert.<\/p>\n<p>Die Daten, die bei der Teilnahme an Werbema\u00dfnahmen wie Spielen, Verlosungen und Wettbewerben erhoben werden, werden f\u00fcr die Dauer der genannten Ma\u00dfnahmen zum Zwecke ihrer effektiven Entwicklung gem\u00e4\u00df den Teilnahmegrundlagen und bis zum Abschluss der Auswirkungen der Teilnahme des Nutzers an ihnen gespeichert.<\/p>\n<p>Die zum Zwecke der Kommunikation und der Erstellung von Gesch\u00e4ftsprofilen zur Verf\u00fcgung gestellten Daten werden von &#8220;LORO PARQUE, S.A.\u201c aufbewahrt und haben keine maximale Nutzungsdauer, es sei denn, der Nutzer erkl\u00e4rt ausdr\u00fccklich, dass sie gel\u00f6scht werden sollen.<\/p>\n<p>Daten im Zusammenhang mit Lebensl\u00e4ufen, werden f\u00fcr den Zeitraum des Auswahlverfahrens und ein weiteres Jahr gespeichert.<\/p>\n<p><strong>IV.- AUF WELCHER GRUNDLAGE ERFOLGT DIE VERARBEITUNG IHRER PERSONENBEZOGENEN DATEN?<\/strong><\/p>\n<p>Die vom Nutzer zur Verf\u00fcgung gestellten personenbezogenen Daten dienen letztlich dem Zweck, dass &#8220;LORO PARQUE, S.A.\u201c die angebotenen und von Ihnen akzeptierten Dienstleistungen erbringen kann und dass &#8220;LORO PARQUE, S.A.\u201c weiterhin sein legitimes Recht wahrnehmen kann, als Unternehmen zu wachsen, indem es die Kundenbindung st\u00e4rkt und neue Dienstleistungen und Produkte anbietet.<\/p>\n<p><strong>V.- WER HAT ZUGANG ZU IHREN PERS\u00d6NLICHEN DATEN?<\/strong><\/p>\n<p>Die pers\u00f6nlichen Daten k\u00f6nnen auf ausdr\u00fccklichen Wunsch des Nutzers und nach entsprechender Genehmigung an Unternehmen weitergegeben werden, die mit &#8220;LORO PARQUE, S.A.\u201c zu den oben genannten Zwecken zusammenarbeiten.<\/p>\n<p>&#8220;LORO PARQUE, S.A.\u201c kann personenbezogene Daten weitergeben oder \u00fcbermitteln, um seinen Verpflichtungen gegen\u00fcber Beh\u00f6rden nachzukommen, wenn dies nach geltendem Recht formell erforderlich ist. Ebenso wird sie vorgehen, wenn Strafverfolgungsbeh\u00f6rden sowie die Justizbeh\u00f6rden dies im Rahmen der Aus\u00fcbung ihrer Befugnisse verlangen.<\/p>\n<p><strong>VI.- WELCHE RECHTE HABEN SIE ALS NUTZER?<\/strong><\/p>\n<p>Alle Nutzer haben das Recht, ihre Rechte auf Auskunft, Berichtigung, Widerspruch, L\u00f6schung, \u00dcbertragbarkeit und Einschr\u00e4nkung der Verarbeitung ihrer personenbezogenen Daten auszu\u00fcben.<\/p>\n<p>Diese Rechte umfassen Folgendes:<\/p>\n<p><strong>Zugang zu allen Daten, die wir \u00fcber den Nutzer haben.<\/strong><\/p>\n<p><strong>Berichtigung der Daten, \u00fcber die wir bereits verf\u00fcgen, unter Ber\u00fccksichtigung der Tatsache, dass der Nutzer durch die \u00dcbermittlung der Daten garantiert, dass diese wahrheitsgetreu und korrekt sind, und sich verpflichtet, uns \u00fcber alle \u00c4nderungen oder Erg\u00e4nzungen zu informieren. F\u00fcr Sch\u00e4den, die der Plattform oder dem Verantwortlichen der Plattform oder einem Dritten durch die \u00dcbermittlung falscher, ungenauer oder unvollst\u00e4ndiger Angaben in den Anmeldeformularen entstehen, ist allein der Nutzer verantwortlich.<\/strong><\/p>\n<p><strong>L\u00f6schung der Daten des Nutzers, wenn sie f\u00fcr den Zweck der Verarbeitung nicht mehr erforderlich sind oder wenn die Legitimation oder Einwilligung des Nutzers nicht mehr vorliegt.<\/strong><\/p>\n<p><strong>Einschr\u00e4nkung der Verarbeitung von Nutzerdaten. Der Nutzer kann uns bitten, die Verarbeitung der Daten vor\u00fcbergehend auszusetzen oder sie f\u00fcr einen l\u00e4ngeren Zeitraum aufzubewahren, falls er sie ben\u00f6tigen sollte.<\/strong><\/p>\n<p><strong>Widerspruch gegen die Verarbeitung von Nutzerdaten, der in folgenden F\u00e4llen eingelegt werden kann: (i) Wenn die Daten auf der Grundlage eines Auftrags im \u00f6ffentlichen Interesse oder eines berechtigten Interesses, einschlie\u00dflich Profiling, verarbeitet werden. (ii) Wenn der Zweck der Verarbeitung Direktmarketing ist, einschlie\u00dflich Profiling.<\/strong><\/p>\n<p>Ebenso kann der Nutzer die automatisierte Verarbeitung der von &#8220;LORO PARQUE, S.A.\u201c erhobenen personenbezogenen Daten ablehnen.<\/p>\n<p>Die Rechte der Nutzer k\u00f6nnen \u00fcber die in Abschnitt \u201eI\u201c dieser Datenschutzrichtlinie aufgef\u00fchrten Kontaktm\u00f6glichkeiten geltend gemacht werden.<\/p>\n<p>Wenn Sie mit der Behandlung, die &#8220;LORO PARQUE, S.A.\u201c dem Nutzer bei der Aus\u00fcbung seiner Rechte zukommen l\u00e4sst, nicht einverstanden sind, k\u00f6nnen Sie sich bei der spanischen Datenschutzbeh\u00f6rde und jeder anderen zust\u00e4ndigen Kontrollinstanz beschweren.<\/p>\n<p>Der Nutzer kann die oben genannten Rechte aus\u00fcben oder die an &#8220;LORO PARQUE, S.A.\u201c erteilten Einwilligungen in die Datenverarbeitung widerrufen oder um Kl\u00e4rung bitten, indem er eine ausdr\u00fcckliche Anfrage an die E-Mail-Adresse <a href=\"mailto:gdpr@loroparque.com\">gdpr@loroparque.com<\/a> sendet und nachweist, dass er der Inhaber der Daten ist, auf die er seine Rechte aus\u00fcben m\u00f6chte<\/p>\n<p><strong>VII.- DATEN VON DRITTEN<\/strong><\/p>\n<p>Sollten personenbezogene Daten von anderen Dritten als dem Nutzer erhoben werden, so werden diese vorab \u00fcber den Inhalt von Art. 14 der Allgemeinen Datenschutzverordnung informiert.<\/p>\n<p><strong>VIII- AB WELCHEM ALTER KANN DER NUTZER AUF UNSERE PRODUKTE UND DIENSTLEISTUNGEN ZUGREIFEN?<\/strong><\/p>\n<p>Als allgemeine Regel und in \u00dcbereinstimmung mit Artikel 8 der neuen allgemeinen Datenschutzverordnung gilt in den F\u00e4llen, in denen Artikel 6 Absatz 1 Buchstabe a in Bezug auf das direkte Angebot von Diensten der Informationsgesellschaft f\u00fcr Kinder Anwendung findet, die Verarbeitung der personenbezogenen Daten eines Kindes als rechtm\u00e4\u00dfig, wenn das Kind mindestens 16 Jahre alt ist. Ist das Kind unter 16 Jahre alt, so ist eine solche Verarbeitung nur rechtm\u00e4\u00dfig, wenn und soweit die Einwilligung der Erziehungsberechtigten oder des Vormunds des Kindes erteilt oder genehmigt wurde.<\/p>\n<p><strong>IX.- UMGESETZTE SICHERHEITSMASSNAHMEN.<\/strong><\/p>\n<p>&#8220;LORO PARQUE, S.A.\u201c verpflichtet sich, die gesetzlich festgelegten Verpflichtungen in Bezug auf personenbezogene Daten einzuhalten und hat so viele Kontrollma\u00dfnahmen wie n\u00f6tig ergriffen, um zu verhindern, dass die von den Nutzern zur Verf\u00fcgung gestellten Daten ver\u00e4ndert werden und\/oder Gegenstand eines unbefugten Zugriffs oder einer unbefugten Behandlung werden. Zu diesem Zweck unterh\u00e4lt &#8220;LORO PARQUE, S.A.\u201c betriebliche Sicherheitsvorkehrungen technischer und organisatorischer Art, um die Sicherheit der personenbezogenen Daten des Nutzers in \u00dcbereinstimmung mit den geltenden Vorschriften zu gew\u00e4hrleisten.<\/p>\n<p><strong>X.- COOKIES<\/strong><\/p>\n<p>&#8220;LORO PARQUE, S.A.\u201c informiert die Nutzer dar\u00fcber, dass beim Zugriff auf die Website Cookies an Ihren Computer gesendet werden k\u00f6nnen, und zwar gem\u00e4\u00df den Methoden, die in der in den Nutzungsbedingungen der Website enthaltenen <a href=\"https:\/\/www.loroparque.com\/aviso-legal-2\/\">Cookie-Richtlinie<\/a> beschrieben sind.<\/p>\n","protected":false},"excerpt":{"rendered":"<p>Datenschutzbestimmungen &nbsp; DATENSCHUTZVERORDNUNG In &#8220;LORO PARQUE, S.A.\u201c arbeiten wir kontinuierlich am Schutz Ihrer pers\u00f6nlichen Daten&#8230;<\/p>\n","protected":false},"author":13,"featured_media":0,"parent":0,"menu_order":0,"comment_status":"closed","ping_status":"closed","template":"","meta":{"footnotes":""},"yoast_head":"<!-- This site is optimized with the Yoast SEO Premium plugin v22.5 (Yoast SEO v22.5) - https:\/\/yoast.com\/wordpress\/plugins\/seo\/ -->\n<title>Datenschutzbestimmungen &#8226; Loro Parque<\/title>\n<meta name=\"description\" content=\"Der beste moderne Zoo der Welt laut Tripadvisor. Loro Parque, Botschaft der Tiere, ein Bezugspunkt f\u00fcr die Erhaltung und den Schutz der Arten auf Teneriffa.\" \/>\n<meta name=\"robots\" content=\"noindex, nofollow\" \/>\n<meta property=\"og:locale\" content=\"de_DE\" \/>\n<meta property=\"og:type\" content=\"article\" \/>\n<meta property=\"og:title\" content=\"Datenschutzbestimmungen &#8226; Loro Parque\" \/>\n<meta property=\"og:description\" content=\"Der beste moderne Zoo der Welt laut Tripadvisor. Loro Parque, Botschaft der Tiere, ein Bezugspunkt f\u00fcr die Erhaltung und den Schutz der Arten auf Teneriffa.\" \/>\n<meta property=\"og:url\" content=\"https:\/\/www.loroparque.com\/de\/datenschutzbestimmungen\/\" \/>\n<meta property=\"og:site_name\" content=\"Loro Parque\" \/>\n<meta property=\"article:publisher\" content=\"https:\/\/www.facebook.com\/loroparque\" \/>\n<meta property=\"article:modified_time\" content=\"2026-04-22T08:57:48+00:00\" \/>\n<meta property=\"og:image\" content=\"https:\/\/www.loroparque.com\/app\/uploads\/2022\/08\/LOGORRSS.jpg\" \/>\n\t<meta property=\"og:image:width\" content=\"300\" \/>\n\t<meta property=\"og:image:height\" content=\"300\" \/>\n\t<meta property=\"og:image:type\" content=\"image\/jpeg\" \/>\n<meta name=\"twitter:card\" content=\"summary_large_image\" \/>\n<meta name=\"twitter:site\" content=\"@loroparque\" \/>\n<script type=\"application\/ld+json\" class=\"yoast-schema-graph\">{\"@context\":\"https:\/\/schema.org\",\"@graph\":[{\"@type\":\"WebPage\",\"@id\":\"https:\/\/www.loroparque.com\/de\/datenschutzbestimmungen\/\",\"url\":\"https:\/\/www.loroparque.com\/de\/datenschutzbestimmungen\/\",\"name\":\"Datenschutzbestimmungen &#8226; Loro Parque\",\"isPartOf\":{\"@id\":\"https:\/\/www.loroparque.com\/de\/#website\"},\"datePublished\":\"2022-04-26T09:51:03+00:00\",\"dateModified\":\"2026-04-22T08:57:48+00:00\",\"description\":\"Der beste moderne Zoo der Welt laut Tripadvisor. Loro Parque, Botschaft der Tiere, ein Bezugspunkt f\u00fcr die Erhaltung und den Schutz der Arten auf Teneriffa.\",\"breadcrumb\":{\"@id\":\"https:\/\/www.loroparque.com\/de\/datenschutzbestimmungen\/#breadcrumb\"},\"inLanguage\":\"de-DE\",\"potentialAction\":[{\"@type\":\"ReadAction\",\"target\":[\"https:\/\/www.loroparque.com\/de\/datenschutzbestimmungen\/\"]}]},{\"@type\":\"BreadcrumbList\",\"@id\":\"https:\/\/www.loroparque.com\/de\/datenschutzbestimmungen\/#breadcrumb\",\"itemListElement\":[{\"@type\":\"ListItem\",\"position\":1,\"name\":\"Inicio\",\"item\":\"https:\/\/www.loroparque.com\/de\/\"},{\"@type\":\"ListItem\",\"position\":2,\"name\":\"Datenschutzbestimmungen\"}]},{\"@type\":\"WebSite\",\"@id\":\"https:\/\/www.loroparque.com\/de\/#website\",\"url\":\"https:\/\/www.loroparque.com\/de\/\",\"name\":\"Loro Parque\",\"description\":\"El must de Canarias - Animal Embassy - Tenerife\",\"publisher\":{\"@id\":\"https:\/\/www.loroparque.com\/de\/#organization\"},\"alternateName\":\"loroparque.com\",\"potentialAction\":[{\"@type\":\"SearchAction\",\"target\":{\"@type\":\"EntryPoint\",\"urlTemplate\":\"https:\/\/www.loroparque.com\/de\/?s={search_term_string}\"},\"query-input\":\"required name=search_term_string\"}],\"inLanguage\":\"de-DE\"},{\"@type\":\"Organization\",\"@id\":\"https:\/\/www.loroparque.com\/de\/#organization\",\"name\":\"Loro Parque\",\"alternateName\":\"loroparque.com\",\"url\":\"https:\/\/www.loroparque.com\/de\/\",\"logo\":{\"@type\":\"ImageObject\",\"inLanguage\":\"de-DE\",\"@id\":\"https:\/\/www.loroparque.com\/de\/#\/schema\/logo\/image\/\",\"url\":\"https:\/\/www.loroparque.com\/app\/uploads\/2023\/03\/Logo-LP_vertical1-fondo-claro.png\",\"contentUrl\":\"https:\/\/www.loroparque.com\/app\/uploads\/2023\/03\/Logo-LP_vertical1-fondo-claro.png\",\"width\":1140,\"height\":870,\"caption\":\"Loro Parque\"},\"image\":{\"@id\":\"https:\/\/www.loroparque.com\/de\/#\/schema\/logo\/image\/\"},\"sameAs\":[\"https:\/\/www.facebook.com\/loroparque\",\"https:\/\/x.com\/loroparque\",\"https:\/\/www.instagram.com\/loroparque\/\",\"https:\/\/www.linkedin.com\/company\/loroparque\/\",\"https:\/\/www.youtube.com\/user\/Loroparquetenerife\",\"https:\/\/www.tiktok.com\/@loroparque_oficial\"],\"description\":\"Loro Parque es un centro de conservaci\u00f3n en Tenerife, reconocido como el mejor zoo moderno del mundo. Con m\u00e1s de 300 proyectos de conservaci\u00f3n y 29 millones de USD invertidos en protecci\u00f3n de especies, es un referente internacional en bienestar animal y educaci\u00f3n ambiental.\",\"email\":\"info@loroparque.com\",\"telephone\":\"0034922373841\",\"legalName\":\"LORO PARQUE, S.A.\",\"foundingDate\":\"1972-12-17\"}]}<\/script>\n<!-- \/ Yoast SEO Premium plugin. -->","yoast_head_json":{"title":"Datenschutzbestimmungen &#8226; Loro Parque","description":"Der beste moderne Zoo der Welt laut Tripadvisor. Loro Parque, Botschaft der Tiere, ein Bezugspunkt f\u00fcr die Erhaltung und den Schutz der Arten auf Teneriffa.","robots":{"index":"noindex","follow":"nofollow"},"og_locale":"de_DE","og_type":"article","og_title":"Datenschutzbestimmungen &#8226; Loro Parque","og_description":"Der beste moderne Zoo der Welt laut Tripadvisor. Loro Parque, Botschaft der Tiere, ein Bezugspunkt f\u00fcr die Erhaltung und den Schutz der Arten auf Teneriffa.","og_url":"https:\/\/www.loroparque.com\/de\/datenschutzbestimmungen\/","og_site_name":"Loro Parque","article_publisher":"https:\/\/www.facebook.com\/loroparque","article_modified_time":"2026-04-22T08:57:48+00:00","og_image":[{"width":300,"height":300,"url":"https:\/\/www.loroparque.com\/app\/uploads\/2022\/08\/LOGORRSS.jpg","type":"image\/jpeg"}],"twitter_card":"summary_large_image","twitter_site":"@loroparque","schema":{"@context":"https:\/\/schema.org","@graph":[{"@type":"WebPage","@id":"https:\/\/www.loroparque.com\/de\/datenschutzbestimmungen\/","url":"https:\/\/www.loroparque.com\/de\/datenschutzbestimmungen\/","name":"Datenschutzbestimmungen &#8226; Loro Parque","isPartOf":{"@id":"https:\/\/www.loroparque.com\/de\/#website"},"datePublished":"2022-04-26T09:51:03+00:00","dateModified":"2026-04-22T08:57:48+00:00","description":"Der beste moderne Zoo der Welt laut Tripadvisor. Loro Parque, Botschaft der Tiere, ein Bezugspunkt f\u00fcr die Erhaltung und den Schutz der Arten auf Teneriffa.","breadcrumb":{"@id":"https:\/\/www.loroparque.com\/de\/datenschutzbestimmungen\/#breadcrumb"},"inLanguage":"de-DE","potentialAction":[{"@type":"ReadAction","target":["https:\/\/www.loroparque.com\/de\/datenschutzbestimmungen\/"]}]},{"@type":"BreadcrumbList","@id":"https:\/\/www.loroparque.com\/de\/datenschutzbestimmungen\/#breadcrumb","itemListElement":[{"@type":"ListItem","position":1,"name":"Inicio","item":"https:\/\/www.loroparque.com\/de\/"},{"@type":"ListItem","position":2,"name":"Datenschutzbestimmungen"}]},{"@type":"WebSite","@id":"https:\/\/www.loroparque.com\/de\/#website","url":"https:\/\/www.loroparque.com\/de\/","name":"Loro Parque","description":"El must de Canarias - Animal Embassy - Tenerife","publisher":{"@id":"https:\/\/www.loroparque.com\/de\/#organization"},"alternateName":"loroparque.com","potentialAction":[{"@type":"SearchAction","target":{"@type":"EntryPoint","urlTemplate":"https:\/\/www.loroparque.com\/de\/?s={search_term_string}"},"query-input":"required name=search_term_string"}],"inLanguage":"de-DE"},{"@type":"Organization","@id":"https:\/\/www.loroparque.com\/de\/#organization","name":"Loro Parque","alternateName":"loroparque.com","url":"https:\/\/www.loroparque.com\/de\/","logo":{"@type":"ImageObject","inLanguage":"de-DE","@id":"https:\/\/www.loroparque.com\/de\/#\/schema\/logo\/image\/","url":"https:\/\/www.loroparque.com\/app\/uploads\/2023\/03\/Logo-LP_vertical1-fondo-claro.png","contentUrl":"https:\/\/www.loroparque.com\/app\/uploads\/2023\/03\/Logo-LP_vertical1-fondo-claro.png","width":1140,"height":870,"caption":"Loro Parque"},"image":{"@id":"https:\/\/www.loroparque.com\/de\/#\/schema\/logo\/image\/"},"sameAs":["https:\/\/www.facebook.com\/loroparque","https:\/\/x.com\/loroparque","https:\/\/www.instagram.com\/loroparque\/","https:\/\/www.linkedin.com\/company\/loroparque\/","https:\/\/www.youtube.com\/user\/Loroparquetenerife","https:\/\/www.tiktok.com\/@loroparque_oficial"],"description":"Loro Parque es un centro de conservaci\u00f3n en Tenerife, reconocido como el mejor zoo moderno del mundo. Con m\u00e1s de 300 proyectos de conservaci\u00f3n y 29 millones de USD invertidos en protecci\u00f3n de especies, es un referente internacional en bienestar animal y educaci\u00f3n ambiental.","email":"info@loroparque.com","telephone":"0034922373841","legalName":"LORO PARQUE, S.A.","foundingDate":"1972-12-17"}]}},"_links":{"self":[{"href":"https:\/\/www.loroparque.com\/de\/wp-json\/wp\/v2\/pages\/50543"}],"collection":[{"href":"https:\/\/www.loroparque.com\/de\/wp-json\/wp\/v2\/pages"}],"about":[{"href":"https:\/\/www.loroparque.com\/de\/wp-json\/wp\/v2\/types\/page"}],"author":[{"embeddable":true,"href":"https:\/\/www.loroparque.com\/de\/wp-json\/wp\/v2\/users\/13"}],"replies":[{"embeddable":true,"href":"https:\/\/www.loroparque.com\/de\/wp-json\/wp\/v2\/comments?post=50543"}],"version-history":[{"count":5,"href":"https:\/\/www.loroparque.com\/de\/wp-json\/wp\/v2\/pages\/50543\/revisions"}],"predecessor-version":[{"id":57465,"href":"https:\/\/www.loroparque.com\/de\/wp-json\/wp\/v2\/pages\/50543\/revisions\/57465"}],"wp:attachment":[{"href":"https:\/\/www.loroparque.com\/de\/wp-json\/wp\/v2\/media?parent=50543"}],"curies":[{"name":"wp","href":"https:\/\/api.w.org\/{rel}","templated":true}]}}