{"id":47539,"date":"2022-04-26T12:32:33","date_gmt":"2022-04-26T12:32:33","guid":{"rendered":"https:\/\/www.loroparque.com\/?page_id=47539"},"modified":"2025-10-14T11:32:47","modified_gmt":"2025-10-14T11:32:47","slug":"cookies-politik","status":"publish","type":"page","link":"https:\/\/www.loroparque.com\/de\/cookies-politik\/","title":{"rendered":"Cookies-Politik"},"content":{"rendered":"<h1 style=\"text-align: center;\"><strong>Cookie-Richtlinie\u00a0<\/strong><\/h1>\n<p>&nbsp;<\/p>\n<h4 data-start=\"438\" data-end=\"465\"><strong data-start=\"441\" data-end=\"465\">1. Was sind Cookies?<\/strong><\/h4>\n<p data-start=\"466\" data-end=\"821\">Cookies sind kleine Textdateien, die beim Besuch einer Website auf dem Ger\u00e4t des Nutzers (Computer, Smartphone, Tablet usw.) gespeichert werden.<br data-start=\"610\" data-end=\"613\" \/>Sie dienen verschiedenen Zwecken, z. B. um den technischen Betrieb der Website zu gew\u00e4hrleisten, Benutzerpr\u00e4ferenzen zu speichern, die Nutzung der Seite zu analysieren oder personalisierte Werbung anzuzeigen.<\/p>\n<hr data-start=\"823\" data-end=\"826\" \/>\n<h4 data-start=\"828\" data-end=\"880\"><strong data-start=\"831\" data-end=\"880\">2. Verantwortlicher f\u00fcr die Datenverarbeitung<\/strong><\/h4>\n<p data-start=\"881\" data-end=\"1146\"><strong data-start=\"881\" data-end=\"897\">Unternehmen:<\/strong> Loro Parque, S.A.<br data-start=\"915\" data-end=\"918\" \/><strong data-start=\"918\" data-end=\"944\">Steuernummer (C.I.F.):<\/strong> A38009023<br data-start=\"954\" data-end=\"957\" \/><strong data-start=\"957\" data-end=\"971\">Anschrift:<\/strong> Avenida Loro Parque s\/n, 38400 Puerto de la Cruz, Santa Cruz de Tenerife, Spanien<br data-start=\"1053\" data-end=\"1056\" \/><strong data-start=\"1056\" data-end=\"1067\">E-Mail:<\/strong> <a class=\"decorated-link cursor-pointer\" rel=\"noopener\" data-start=\"1068\" data-end=\"1087\">info@loroparque.com<\/a><br data-start=\"1087\" data-end=\"1090\" \/><strong data-start=\"1090\" data-end=\"1125\">Datenschutzbeauftragte\/r (DPO):<\/strong> <a class=\"decorated-link cursor-pointer\" rel=\"noopener\" data-start=\"1126\" data-end=\"1144\">dpo@loroparque.com<\/a><\/p>\n<hr data-start=\"1148\" data-end=\"1151\" \/>\n<h4 data-start=\"1153\" data-end=\"1221\"><strong data-start=\"1156\" data-end=\"1221\">3. Arten von Cookies, die auf dieser Website verwendet werden<\/strong><\/h4>\n<h5 data-start=\"1223\" data-end=\"1244\"><strong data-start=\"1227\" data-end=\"1244\">a) Nach Zweck<\/strong><\/h5>\n<ul data-start=\"1245\" data-end=\"2141\">\n<li data-start=\"1245\" data-end=\"1580\">\n<p data-start=\"1247\" data-end=\"1580\"><strong data-start=\"1247\" data-end=\"1299\">Technische oder unbedingt erforderliche Cookies:<\/strong><br data-start=\"1299\" data-end=\"1302\" \/>Diese sind f\u00fcr das ordnungsgem\u00e4\u00dfe Funktionieren der Website erforderlich. Sie erm\u00f6glichen grundlegende Funktionen wie Navigation, Authentifizierung und Verwaltung der Cookie-Einwilligung.<br data-start=\"1491\" data-end=\"1494\" \/>Diese Cookies werden automatisch gesetzt und erfordern keine Zustimmung des Nutzers.<\/p>\n<\/li>\n<li data-start=\"1582\" data-end=\"1701\">\n<p data-start=\"1584\" data-end=\"1701\"><strong data-start=\"1584\" data-end=\"1630\">Pr\u00e4ferenz- oder Personalisierungs-Cookies:<\/strong><br data-start=\"1630\" data-end=\"1633\" \/>Speichern Benutzerpr\u00e4ferenzen wie Sprache, Region oder Browsertyp.<\/p>\n<\/li>\n<li data-start=\"1703\" data-end=\"1923\">\n<p data-start=\"1705\" data-end=\"1923\"><strong data-start=\"1705\" data-end=\"1741\">Analyse- oder Leistungs-Cookies:<\/strong><br data-start=\"1741\" data-end=\"1744\" \/>Helfen uns zu verstehen, wie Besucher mit der Website interagieren, um deren Funktionalit\u00e4t und Leistung zu verbessern.<br data-start=\"1865\" data-end=\"1868\" \/><em data-start=\"1870\" data-end=\"1881\">Beispiel:<\/em> Google Analytics (mit IP-Anonymisierung).<\/p>\n<\/li>\n<li data-start=\"1925\" data-end=\"2141\">\n<p data-start=\"1927\" data-end=\"2141\"><strong data-start=\"1927\" data-end=\"1962\">Werbe- oder Verhaltens-Cookies:<\/strong><br data-start=\"1962\" data-end=\"1965\" \/>Werden verwendet, um Werbung anzuzeigen, die auf das Surfverhalten und die Interessen des Nutzers abgestimmt ist.<br data-start=\"2080\" data-end=\"2083\" \/><em data-start=\"2085\" data-end=\"2096\">Beispiel:<\/em> Meta Pixel (Facebook\/Instagram), Google Ads.<\/p>\n<\/li>\n<\/ul>\n<hr data-start=\"2143\" data-end=\"2146\" \/>\n<h5 data-start=\"2148\" data-end=\"2191\"><strong data-start=\"2152\" data-end=\"2191\">b) Nach der verantwortlichen Stelle<\/strong><\/h5>\n<ul data-start=\"2192\" data-end=\"2381\">\n<li data-start=\"2192\" data-end=\"2268\">\n<p data-start=\"2194\" data-end=\"2268\"><strong data-start=\"2194\" data-end=\"2219\">Erstanbieter-Cookies:<\/strong> werden direkt von Loro Parque, S.A. verwaltet.<\/p>\n<\/li>\n<li data-start=\"2269\" data-end=\"2381\">\n<p data-start=\"2271\" data-end=\"2381\"><strong data-start=\"2271\" data-end=\"2297\">Drittanbieter-Cookies:<\/strong> werden von externen Anbietern wie Google, Meta, YouTube oder TripAdvisor verwaltet.<\/p>\n<\/li>\n<\/ul>\n<hr data-start=\"2383\" data-end=\"2386\" \/>\n<h5 data-start=\"2388\" data-end=\"2417\"><strong data-start=\"2392\" data-end=\"2417\">c) Nach Speicherdauer<\/strong><\/h5>\n<ul data-start=\"2418\" data-end=\"2600\">\n<li data-start=\"2418\" data-end=\"2488\">\n<p data-start=\"2420\" data-end=\"2488\"><strong data-start=\"2420\" data-end=\"2441\">Sitzungs-Cookies:<\/strong> werden beim Schlie\u00dfen des Browsers gel\u00f6scht.<\/p>\n<\/li>\n<li data-start=\"2489\" data-end=\"2600\">\n<p data-start=\"2491\" data-end=\"2600\"><strong data-start=\"2491\" data-end=\"2515\">Persistente Cookies:<\/strong> bleiben f\u00fcr einen festgelegten Zeitraum oder bis zur manuellen L\u00f6schung gespeichert.<\/p>\n<\/li>\n<\/ul>\n<hr data-start=\"2602\" data-end=\"2605\" \/>\n<h4 data-start=\"2607\" data-end=\"2658\"><strong data-start=\"2610\" data-end=\"2658\">4. Auf <a class=\"decorated-link cursor-pointer\" target=\"_new\" rel=\"noopener\" data-start=\"2619\" data-end=\"2637\">www.loroparque.com<\/a> verwendete Cookies<\/strong><\/h4>\n<div class=\"_tableContainer_1rjym_1\">\n<div class=\"group _tableWrapper_1rjym_13 flex w-fit flex-col-reverse\" tabindex=\"-1\">\n<table class=\"w-fit min-w-(--thread-content-width)\" data-start=\"2660\" data-end=\"3446\">\n<thead data-start=\"2660\" data-end=\"2701\">\n<tr data-start=\"2660\" data-end=\"2701\">\n<th data-start=\"2660\" data-end=\"2667\" data-col-size=\"sm\">Name<\/th>\n<th data-start=\"2667\" data-end=\"2673\" data-col-size=\"sm\">Typ<\/th>\n<th data-start=\"2673\" data-end=\"2681\" data-col-size=\"sm\">Dauer<\/th>\n<th data-start=\"2681\" data-end=\"2692\" data-col-size=\"sm\">Anbieter<\/th>\n<th data-start=\"2692\" data-end=\"2701\" data-col-size=\"md\">Zweck<\/th>\n<\/tr>\n<\/thead>\n<tbody data-start=\"2751\" data-end=\"3446\">\n<tr data-start=\"2751\" data-end=\"2852\">\n<td data-start=\"2751\" data-end=\"2773\" data-col-size=\"sm\">cmplz_banner-status<\/td>\n<td data-col-size=\"sm\" data-start=\"2773\" data-end=\"2785\">Technisch<\/td>\n<td data-col-size=\"sm\" data-start=\"2785\" data-end=\"2796\">365 Tage<\/td>\n<td data-col-size=\"sm\" data-start=\"2796\" data-end=\"2810\">Loro Parque<\/td>\n<td data-col-size=\"md\" data-start=\"2810\" data-end=\"2852\">Steuert die Anzeige des Cookie-Banners<\/td>\n<\/tr>\n<tr data-start=\"2853\" data-end=\"2964\">\n<td data-start=\"2853\" data-end=\"2873\" data-col-size=\"sm\">cmplz_preferences<\/td>\n<td data-col-size=\"sm\" data-start=\"2873\" data-end=\"2885\">Technisch<\/td>\n<td data-col-size=\"sm\" data-start=\"2885\" data-end=\"2896\">365 Tage<\/td>\n<td data-col-size=\"sm\" data-start=\"2896\" data-end=\"2910\">Loro Parque<\/td>\n<td data-col-size=\"md\" data-start=\"2910\" data-end=\"2964\">Speichert die Einwilligungspr\u00e4ferenzen des Nutzers<\/td>\n<\/tr>\n<tr data-start=\"2965\" data-end=\"3071\">\n<td data-start=\"2965\" data-end=\"2971\" data-col-size=\"sm\">_ga<\/td>\n<td data-col-size=\"sm\" data-start=\"2971\" data-end=\"2984\">Analytisch<\/td>\n<td data-col-size=\"sm\" data-start=\"2984\" data-end=\"2994\">2 Jahre<\/td>\n<td data-col-size=\"sm\" data-start=\"2994\" data-end=\"3013\">Google Analytics<\/td>\n<td data-col-size=\"md\" data-start=\"3013\" data-end=\"3071\">Unterscheidet anonyme Benutzer f\u00fcr statistische Zwecke<\/td>\n<\/tr>\n<tr data-start=\"3072\" data-end=\"3168\">\n<td data-start=\"3072\" data-end=\"3080\" data-col-size=\"sm\"><em data-start=\"3074\" data-end=\"3078\">ga<\/em>*<\/td>\n<td data-start=\"3080\" data-end=\"3093\" data-col-size=\"sm\">Analytisch<\/td>\n<td data-col-size=\"sm\" data-start=\"3093\" data-end=\"3103\">2 Jahre<\/td>\n<td data-col-size=\"sm\" data-start=\"3103\" data-end=\"3122\">Google Analytics<\/td>\n<td data-col-size=\"md\" data-start=\"3122\" data-end=\"3168\">Sammelt anonyme Nutzungsdaten f\u00fcr Berichte<\/td>\n<\/tr>\n<tr data-start=\"3169\" data-end=\"3255\">\n<td data-start=\"3169\" data-end=\"3176\" data-col-size=\"sm\">_fbp<\/td>\n<td data-col-size=\"sm\" data-start=\"3176\" data-end=\"3186\">Werbung<\/td>\n<td data-col-size=\"sm\" data-start=\"3186\" data-end=\"3197\">3 Monate<\/td>\n<td data-col-size=\"sm\" data-start=\"3197\" data-end=\"3214\">Meta Platforms<\/td>\n<td data-col-size=\"md\" data-start=\"3214\" data-end=\"3255\">Erm\u00f6glicht interessenbasierte Werbung<\/td>\n<\/tr>\n<tr data-start=\"3256\" data-end=\"3342\">\n<td data-start=\"3256\" data-end=\"3262\" data-col-size=\"sm\">IDE<\/td>\n<td data-col-size=\"sm\" data-start=\"3262\" data-end=\"3272\">Werbung<\/td>\n<td data-col-size=\"sm\" data-start=\"3272\" data-end=\"3284\">13 Monate<\/td>\n<td data-col-size=\"sm\" data-start=\"3284\" data-end=\"3297\">Google Ads<\/td>\n<td data-col-size=\"md\" data-start=\"3297\" data-end=\"3342\">Misst die Effektivit\u00e4t von Werbekampagnen<\/td>\n<\/tr>\n<tr data-start=\"3343\" data-end=\"3446\">\n<td data-start=\"3343\" data-end=\"3370\" data-col-size=\"sm\">YSC \/ VISITOR_INFO1_LIVE<\/td>\n<td data-col-size=\"sm\" data-start=\"3370\" data-end=\"3380\">Werbung<\/td>\n<td data-col-size=\"sm\" data-start=\"3380\" data-end=\"3391\">Variabel<\/td>\n<td data-col-size=\"sm\" data-start=\"3391\" data-end=\"3401\">YouTube<\/td>\n<td data-col-size=\"md\" data-start=\"3401\" data-end=\"3446\">Misst Videoaufrufe und Wiedergabeleistung<\/td>\n<\/tr>\n<\/tbody>\n<\/table>\n<\/div>\n<\/div>\n<blockquote data-start=\"3448\" data-end=\"3534\">\n<p data-start=\"3450\" data-end=\"3534\"><em data-start=\"3450\" data-end=\"3534\">Diese Liste kann je nach den aktiven Diensten auf der Website aktualisiert werden.<\/em><\/p>\n<\/blockquote>\n<hr data-start=\"3536\" data-end=\"3539\" \/>\n<h4 data-start=\"3541\" data-end=\"3597\"><strong data-start=\"3544\" data-end=\"3597\">5. Rechtsgrundlage f\u00fcr die Verwendung von Cookies<\/strong><\/h4>\n<p data-start=\"3598\" data-end=\"3943\">Die Nutzung technischer Cookies erfolgt auf Grundlage des <strong data-start=\"3656\" data-end=\"3683\">berechtigten Interesses<\/strong> von Loro Parque, den Betrieb der Website sicherzustellen (Art. 6 Abs. 1 f DSGVO).<br data-start=\"3765\" data-end=\"3768\" \/>Die Verwendung von Analyse- und Werbe-Cookies basiert auf der <strong data-start=\"3830\" data-end=\"3858\">Einwilligung des Nutzers<\/strong> (Art. 6 Abs. 1 a DSGVO), die \u00fcber das Banner oder das Einstellungsmen\u00fc erteilt wird.<\/p>\n<hr data-start=\"3945\" data-end=\"3948\" \/>\n<h4 data-start=\"3950\" data-end=\"3995\"><strong data-start=\"3953\" data-end=\"3995\">6. Verwaltung und L\u00f6schung von Cookies<\/strong><\/h4>\n<p data-start=\"3996\" data-end=\"4287\">Nutzer k\u00f6nnen <strong data-start=\"4010\" data-end=\"4064\">nicht notwendige Cookies akzeptieren oder ablehnen<\/strong> \u00fcber das <strong data-start=\"4074\" data-end=\"4091\">Cookie-Banner<\/strong> oder jederzeit \u00fcber das <strong data-start=\"4116\" data-end=\"4136\">Einstellungsmen\u00fc<\/strong>.<br data-start=\"4137\" data-end=\"4140\" \/>Au\u00dferdem k\u00f6nnen Cookies im Browser gel\u00f6scht oder blockiert werden.<br data-start=\"4206\" data-end=\"4209\" \/>Nachfolgend finden Sie Links zur Cookie-Verwaltung in den g\u00e4ngigsten Browsern:<\/p>\n<ul data-start=\"4289\" data-end=\"4697\">\n<li data-start=\"4289\" data-end=\"4362\">\n<p data-start=\"4291\" data-end=\"4362\"><a class=\"decorated-link cursor-pointer\" target=\"_new\" rel=\"noopener\" data-start=\"4291\" data-end=\"4360\">Google Chrome<\/a><\/p>\n<\/li>\n<li data-start=\"4363\" data-end=\"4473\">\n<p data-start=\"4365\" data-end=\"4473\"><a class=\"decorated-link cursor-pointer\" target=\"_new\" rel=\"noopener\" data-start=\"4365\" data-end=\"4471\">Mozilla Firefox<\/a><\/p>\n<\/li>\n<li data-start=\"4474\" data-end=\"4626\">\n<p data-start=\"4476\" data-end=\"4626\"><a class=\"decorated-link cursor-pointer\" target=\"_new\" rel=\"noopener\" data-start=\"4476\" data-end=\"4624\">Microsoft Edge<\/a><\/p>\n<\/li>\n<li data-start=\"4627\" data-end=\"4697\">\n<p data-start=\"4629\" data-end=\"4697\"><a class=\"decorated-link cursor-pointer\" target=\"_new\" rel=\"noopener\" data-start=\"4629\" data-end=\"4697\">Safari<\/a><\/p>\n<\/li>\n<\/ul>\n<hr data-start=\"4699\" data-end=\"4702\" \/>\n<h4 data-start=\"4704\" data-end=\"4748\"><strong data-start=\"4707\" data-end=\"4748\">7. Internationale Daten\u00fcbermittlungen<\/strong><\/h4>\n<p data-start=\"4749\" data-end=\"5159\">Einige Cookies von Drittanbietern k\u00f6nnen die \u00dcbertragung von Daten au\u00dferhalb des Europ\u00e4ischen Wirtschaftsraums (EWR) beinhalten, z. B. in die USA.<br data-start=\"4895\" data-end=\"4898\" \/>In solchen F\u00e4llen stellen Loro Parque und seine Dienstleister sicher, dass die \u00dcbertragung gem\u00e4\u00df den geltenden Datenschutzvorschriften erfolgt und durch geeignete Mechanismen wie die <strong data-start=\"5081\" data-end=\"5116\">Standardvertragsklauseln (SCCs)<\/strong> der Europ\u00e4ischen Kommission gesch\u00fctzt ist.<\/p>\n<hr data-start=\"5161\" data-end=\"5164\" \/>\n<h4 data-start=\"5166\" data-end=\"5204\"><strong data-start=\"5169\" data-end=\"5204\">8. Aufbewahrungsdauer der Daten<\/strong><\/h4>\n<p data-start=\"5205\" data-end=\"5454\">Personenbezogene Daten, die \u00fcber Cookies erfasst werden, werden so lange gespeichert, wie es zur Erf\u00fcllung des jeweiligen Zwecks erforderlich ist oder bis der Nutzer seine Einwilligung widerruft.<br data-start=\"5400\" data-end=\"5403\" \/>Danach werden die Daten gel\u00f6scht oder anonymisiert.<\/p>\n<hr data-start=\"5456\" data-end=\"5459\" \/>\n<h4 data-start=\"5461\" data-end=\"5492\"><strong data-start=\"5464\" data-end=\"5492\">9. Weitere Informationen<\/strong><\/h4>\n<p data-start=\"5493\" data-end=\"5785\">Weitere Informationen \u00fcber die Verarbeitung personenbezogener Daten durch Loro Parque sowie \u00fcber Ihre Rechte auf Auskunft, Berichtigung, L\u00f6schung, Einschr\u00e4nkung, Widerspruch und Daten\u00fcbertragbarkeit finden Sie in unserer<br data-start=\"5713\" data-end=\"5716\" \/>\ud83d\udc49 <a href=\"https:\/\/www.loroparque.com\/en\/privacy-policy\/\">Datenschutzerkl\u00e4rung.<\/a><\/p>\n","protected":false},"excerpt":{"rendered":"<p>Cookie-Richtlinie\u00a0 &nbsp; 1. Was sind Cookies? Cookies sind kleine Textdateien, die beim Besuch einer Website&#8230;<\/p>\n","protected":false},"author":1,"featured_media":0,"parent":0,"menu_order":0,"comment_status":"closed","ping_status":"closed","template":"","meta":{"footnotes":""},"yoast_head":"<!-- This site is optimized with the Yoast SEO Premium plugin v22.5 (Yoast SEO v22.5) - https:\/\/yoast.com\/wordpress\/plugins\/seo\/ -->\n<title>Cookies-Politik &#8226; Loro Parque<\/title>\n<meta name=\"description\" content=\"Der beste moderne Zoo der Welt laut Tripadvisor. Loro Parque, Botschaft der Tiere, ein Bezugspunkt f\u00fcr die Erhaltung und den Schutz der Arten auf Teneriffa.\" \/>\n<meta name=\"robots\" content=\"noindex, nofollow\" \/>\n<meta property=\"og:locale\" content=\"de_DE\" \/>\n<meta property=\"og:type\" content=\"article\" \/>\n<meta property=\"og:title\" content=\"Cookies-Politik &#8226; Loro Parque\" \/>\n<meta property=\"og:description\" content=\"Der beste moderne Zoo der Welt laut Tripadvisor. Loro Parque, Botschaft der Tiere, ein Bezugspunkt f\u00fcr die Erhaltung und den Schutz der Arten auf Teneriffa.\" \/>\n<meta property=\"og:url\" content=\"https:\/\/www.loroparque.com\/de\/cookies-politik\/\" \/>\n<meta property=\"og:site_name\" content=\"Loro Parque\" \/>\n<meta property=\"article:publisher\" content=\"https:\/\/www.facebook.com\/loroparque\" \/>\n<meta property=\"article:modified_time\" content=\"2025-10-14T11:32:47+00:00\" \/>\n<meta property=\"og:image\" content=\"https:\/\/www.loroparque.com\/app\/uploads\/2022\/08\/LOGORRSS.jpg\" \/>\n\t<meta property=\"og:image:width\" content=\"300\" \/>\n\t<meta property=\"og:image:height\" content=\"300\" \/>\n\t<meta property=\"og:image:type\" content=\"image\/jpeg\" \/>\n<meta name=\"twitter:card\" content=\"summary_large_image\" \/>\n<meta name=\"twitter:site\" content=\"@loroparque\" \/>\n<script type=\"application\/ld+json\" class=\"yoast-schema-graph\">{\"@context\":\"https:\/\/schema.org\",\"@graph\":[{\"@type\":\"WebPage\",\"@id\":\"https:\/\/www.loroparque.com\/de\/cookies-politik\/\",\"url\":\"https:\/\/www.loroparque.com\/de\/cookies-politik\/\",\"name\":\"Cookies-Politik &#8226; Loro Parque\",\"isPartOf\":{\"@id\":\"https:\/\/www.loroparque.com\/de\/#website\"},\"datePublished\":\"2022-04-26T12:32:33+00:00\",\"dateModified\":\"2025-10-14T11:32:47+00:00\",\"description\":\"Der beste moderne Zoo der Welt laut Tripadvisor. Loro Parque, Botschaft der Tiere, ein Bezugspunkt f\u00fcr die Erhaltung und den Schutz der Arten auf Teneriffa.\",\"breadcrumb\":{\"@id\":\"https:\/\/www.loroparque.com\/de\/cookies-politik\/#breadcrumb\"},\"inLanguage\":\"de-DE\",\"potentialAction\":[{\"@type\":\"ReadAction\",\"target\":[\"https:\/\/www.loroparque.com\/de\/cookies-politik\/\"]}]},{\"@type\":\"BreadcrumbList\",\"@id\":\"https:\/\/www.loroparque.com\/de\/cookies-politik\/#breadcrumb\",\"itemListElement\":[{\"@type\":\"ListItem\",\"position\":1,\"name\":\"Inicio\",\"item\":\"https:\/\/www.loroparque.com\/de\/\"},{\"@type\":\"ListItem\",\"position\":2,\"name\":\"Cookies-Politik\"}]},{\"@type\":\"WebSite\",\"@id\":\"https:\/\/www.loroparque.com\/de\/#website\",\"url\":\"https:\/\/www.loroparque.com\/de\/\",\"name\":\"Loro Parque\",\"description\":\"El must de Canarias - Animal Embassy - Tenerife\",\"publisher\":{\"@id\":\"https:\/\/www.loroparque.com\/de\/#organization\"},\"alternateName\":\"loroparque.com\",\"potentialAction\":[{\"@type\":\"SearchAction\",\"target\":{\"@type\":\"EntryPoint\",\"urlTemplate\":\"https:\/\/www.loroparque.com\/de\/?s={search_term_string}\"},\"query-input\":\"required name=search_term_string\"}],\"inLanguage\":\"de-DE\"},{\"@type\":\"Organization\",\"@id\":\"https:\/\/www.loroparque.com\/de\/#organization\",\"name\":\"Loro Parque\",\"alternateName\":\"loroparque.com\",\"url\":\"https:\/\/www.loroparque.com\/de\/\",\"logo\":{\"@type\":\"ImageObject\",\"inLanguage\":\"de-DE\",\"@id\":\"https:\/\/www.loroparque.com\/de\/#\/schema\/logo\/image\/\",\"url\":\"https:\/\/www.loroparque.com\/app\/uploads\/2023\/03\/Logo-LP_vertical1-fondo-claro.png\",\"contentUrl\":\"https:\/\/www.loroparque.com\/app\/uploads\/2023\/03\/Logo-LP_vertical1-fondo-claro.png\",\"width\":1140,\"height\":870,\"caption\":\"Loro Parque\"},\"image\":{\"@id\":\"https:\/\/www.loroparque.com\/de\/#\/schema\/logo\/image\/\"},\"sameAs\":[\"https:\/\/www.facebook.com\/loroparque\",\"https:\/\/x.com\/loroparque\",\"https:\/\/www.instagram.com\/loroparque\/\",\"https:\/\/www.linkedin.com\/company\/loroparque\/\",\"https:\/\/www.youtube.com\/user\/Loroparquetenerife\",\"https:\/\/www.tiktok.com\/@loroparque_oficial\"],\"description\":\"Loro Parque es un centro de conservaci\u00f3n en Tenerife, reconocido como el mejor zoo moderno del mundo. Con m\u00e1s de 300 proyectos de conservaci\u00f3n y 29 millones de USD invertidos en protecci\u00f3n de especies, es un referente internacional en bienestar animal y educaci\u00f3n ambiental.\",\"email\":\"info@loroparque.com\",\"telephone\":\"0034922373841\",\"legalName\":\"LORO PARQUE, S.A.\",\"foundingDate\":\"1972-12-17\"}]}<\/script>\n<!-- \/ Yoast SEO Premium plugin. -->","yoast_head_json":{"title":"Cookies-Politik &#8226; Loro Parque","description":"Der beste moderne Zoo der Welt laut Tripadvisor. Loro Parque, Botschaft der Tiere, ein Bezugspunkt f\u00fcr die Erhaltung und den Schutz der Arten auf Teneriffa.","robots":{"index":"noindex","follow":"nofollow"},"og_locale":"de_DE","og_type":"article","og_title":"Cookies-Politik &#8226; Loro Parque","og_description":"Der beste moderne Zoo der Welt laut Tripadvisor. Loro Parque, Botschaft der Tiere, ein Bezugspunkt f\u00fcr die Erhaltung und den Schutz der Arten auf Teneriffa.","og_url":"https:\/\/www.loroparque.com\/de\/cookies-politik\/","og_site_name":"Loro Parque","article_publisher":"https:\/\/www.facebook.com\/loroparque","article_modified_time":"2025-10-14T11:32:47+00:00","og_image":[{"width":300,"height":300,"url":"https:\/\/www.loroparque.com\/app\/uploads\/2022\/08\/LOGORRSS.jpg","type":"image\/jpeg"}],"twitter_card":"summary_large_image","twitter_site":"@loroparque","schema":{"@context":"https:\/\/schema.org","@graph":[{"@type":"WebPage","@id":"https:\/\/www.loroparque.com\/de\/cookies-politik\/","url":"https:\/\/www.loroparque.com\/de\/cookies-politik\/","name":"Cookies-Politik &#8226; Loro Parque","isPartOf":{"@id":"https:\/\/www.loroparque.com\/de\/#website"},"datePublished":"2022-04-26T12:32:33+00:00","dateModified":"2025-10-14T11:32:47+00:00","description":"Der beste moderne Zoo der Welt laut Tripadvisor. Loro Parque, Botschaft der Tiere, ein Bezugspunkt f\u00fcr die Erhaltung und den Schutz der Arten auf Teneriffa.","breadcrumb":{"@id":"https:\/\/www.loroparque.com\/de\/cookies-politik\/#breadcrumb"},"inLanguage":"de-DE","potentialAction":[{"@type":"ReadAction","target":["https:\/\/www.loroparque.com\/de\/cookies-politik\/"]}]},{"@type":"BreadcrumbList","@id":"https:\/\/www.loroparque.com\/de\/cookies-politik\/#breadcrumb","itemListElement":[{"@type":"ListItem","position":1,"name":"Inicio","item":"https:\/\/www.loroparque.com\/de\/"},{"@type":"ListItem","position":2,"name":"Cookies-Politik"}]},{"@type":"WebSite","@id":"https:\/\/www.loroparque.com\/de\/#website","url":"https:\/\/www.loroparque.com\/de\/","name":"Loro Parque","description":"El must de Canarias - Animal Embassy - Tenerife","publisher":{"@id":"https:\/\/www.loroparque.com\/de\/#organization"},"alternateName":"loroparque.com","potentialAction":[{"@type":"SearchAction","target":{"@type":"EntryPoint","urlTemplate":"https:\/\/www.loroparque.com\/de\/?s={search_term_string}"},"query-input":"required name=search_term_string"}],"inLanguage":"de-DE"},{"@type":"Organization","@id":"https:\/\/www.loroparque.com\/de\/#organization","name":"Loro Parque","alternateName":"loroparque.com","url":"https:\/\/www.loroparque.com\/de\/","logo":{"@type":"ImageObject","inLanguage":"de-DE","@id":"https:\/\/www.loroparque.com\/de\/#\/schema\/logo\/image\/","url":"https:\/\/www.loroparque.com\/app\/uploads\/2023\/03\/Logo-LP_vertical1-fondo-claro.png","contentUrl":"https:\/\/www.loroparque.com\/app\/uploads\/2023\/03\/Logo-LP_vertical1-fondo-claro.png","width":1140,"height":870,"caption":"Loro Parque"},"image":{"@id":"https:\/\/www.loroparque.com\/de\/#\/schema\/logo\/image\/"},"sameAs":["https:\/\/www.facebook.com\/loroparque","https:\/\/x.com\/loroparque","https:\/\/www.instagram.com\/loroparque\/","https:\/\/www.linkedin.com\/company\/loroparque\/","https:\/\/www.youtube.com\/user\/Loroparquetenerife","https:\/\/www.tiktok.com\/@loroparque_oficial"],"description":"Loro Parque es un centro de conservaci\u00f3n en Tenerife, reconocido como el mejor zoo moderno del mundo. Con m\u00e1s de 300 proyectos de conservaci\u00f3n y 29 millones de USD invertidos en protecci\u00f3n de especies, es un referente internacional en bienestar animal y educaci\u00f3n ambiental.","email":"info@loroparque.com","telephone":"0034922373841","legalName":"LORO PARQUE, S.A.","foundingDate":"1972-12-17"}]}},"_links":{"self":[{"href":"https:\/\/www.loroparque.com\/de\/wp-json\/wp\/v2\/pages\/47539"}],"collection":[{"href":"https:\/\/www.loroparque.com\/de\/wp-json\/wp\/v2\/pages"}],"about":[{"href":"https:\/\/www.loroparque.com\/de\/wp-json\/wp\/v2\/types\/page"}],"author":[{"embeddable":true,"href":"https:\/\/www.loroparque.com\/de\/wp-json\/wp\/v2\/users\/1"}],"replies":[{"embeddable":true,"href":"https:\/\/www.loroparque.com\/de\/wp-json\/wp\/v2\/comments?post=47539"}],"version-history":[{"count":6,"href":"https:\/\/www.loroparque.com\/de\/wp-json\/wp\/v2\/pages\/47539\/revisions"}],"predecessor-version":[{"id":55770,"href":"https:\/\/www.loroparque.com\/de\/wp-json\/wp\/v2\/pages\/47539\/revisions\/55770"}],"wp:attachment":[{"href":"https:\/\/www.loroparque.com\/de\/wp-json\/wp\/v2\/media?parent=47539"}],"curies":[{"name":"wp","href":"https:\/\/api.w.org\/{rel}","templated":true}]}}