{"id":42895,"date":"2022-06-24T16:19:29","date_gmt":"2022-06-24T16:19:29","guid":{"rendered":"https:\/\/www.loroparque.com\/unsere-geschichte-unser-erbe\/"},"modified":"2022-07-22T13:40:34","modified_gmt":"2022-07-22T13:40:34","slug":"unsere-geschichte","status":"publish","type":"page","link":"https:\/\/www.loroparque.com\/de\/unsere-geschichte\/","title":{"rendered":"Unsere Geschichte, unser Erbe"},"content":{"rendered":"[vc_row type=&#8221;in_container&#8221; full_screen_row_position=&#8221;middle&#8221; column_margin=&#8221;default&#8221; column_direction=&#8221;default&#8221; column_direction_tablet=&#8221;default&#8221; column_direction_phone=&#8221;default&#8221; scene_position=&#8221;center&#8221; top_padding=&#8221;2%&#8221; bottom_padding=&#8221;2%&#8221; text_color=&#8221;dark&#8221; text_align=&#8221;left&#8221; row_border_radius=&#8221;none&#8221; row_border_radius_applies=&#8221;bg&#8221; overflow=&#8221;visible&#8221; advanced_gradient_angle=&#8221;0&#8243; overlay_strength=&#8221;0.3&#8243; gradient_direction=&#8221;left_to_right&#8221; shape_divider_position=&#8221;bottom&#8221; bg_image_animation=&#8221;none&#8221; gradient_type=&#8221;default&#8221; shape_type=&#8221;&#8221;][vc_column column_padding=&#8221;no-extra-padding&#8221; column_padding_tablet=&#8221;inherit&#8221; column_padding_phone=&#8221;inherit&#8221; column_padding_position=&#8221;all&#8221; column_element_spacing=&#8221;default&#8221; background_color_opacity=&#8221;1&#8243; background_hover_color_opacity=&#8221;1&#8243; column_shadow=&#8221;none&#8221; column_border_radius=&#8221;none&#8221; column_link_target=&#8221;_self&#8221; column_position=&#8221;default&#8221; gradient_direction=&#8221;left_to_right&#8221; overlay_strength=&#8221;0.3&#8243; width=&#8221;1\/6&#8243; tablet_width_inherit=&#8221;default&#8221; tablet_text_alignment=&#8221;default&#8221; phone_text_alignment=&#8221;default&#8221; animation_type=&#8221;default&#8221; bg_image_animation=&#8221;none&#8221; border_type=&#8221;simple&#8221; column_border_width=&#8221;none&#8221; column_border_style=&#8221;solid&#8221;][\/vc_column][vc_column column_padding=&#8221;no-extra-padding&#8221; column_padding_tablet=&#8221;inherit&#8221; column_padding_phone=&#8221;inherit&#8221; column_padding_position=&#8221;all&#8221; column_element_spacing=&#8221;default&#8221; background_color_opacity=&#8221;1&#8243; background_hover_color_opacity=&#8221;1&#8243; column_shadow=&#8221;none&#8221; column_border_radius=&#8221;none&#8221; column_link_target=&#8221;_self&#8221; column_position=&#8221;default&#8221; gradient_direction=&#8221;left_to_right&#8221; overlay_strength=&#8221;0.3&#8243; width=&#8221;2\/3&#8243; tablet_width_inherit=&#8221;default&#8221; tablet_text_alignment=&#8221;default&#8221; phone_text_alignment=&#8221;default&#8221; animation_type=&#8221;default&#8221; bg_image_animation=&#8221;none&#8221; border_type=&#8221;simple&#8221; column_border_width=&#8221;none&#8221; column_border_style=&#8221;solid&#8221;][vc_column_text]\n<h1 style=\"text-align: center; font-size: 40px;\"><span style=\"color: #000000;\">Unsere Geschichte, unser Erbe<\/span><\/h1>\n[\/vc_column_text][divider line_type=&#8221;No Line&#8221;][image_with_animation image_url=&#8221;31890&#8243; image_size=&#8221;full&#8221; animation_type=&#8221;entrance&#8221; animation=&#8221;Fade In&#8221; hover_animation=&#8221;none&#8221; alignment=&#8221;center&#8221; border_radius=&#8221;10px&#8221; box_shadow=&#8221;none&#8221; image_loading=&#8221;default&#8221; max_width=&#8221;100%&#8221; max_width_mobile=&#8221;default&#8221;][divider line_type=&#8221;No Line&#8221;][vc_column_text]<span style=\"font-size: 52px; line-height: 28px; font-family: Carter One; color: #000000;\">D<\/span>ie Geschichte des Loro Parque begann am 17. Dezember 1972. 25 Menschen voller Enthusiasmus, 150 Papageien und 13 000 m2 reichten aus, um den Grundstein f\u00fcr eine der angesehensten zoologischen Einrichtungen der Welt zu legen.<\/p>\n<p>Das Tierschutzzentrum wuchs und entwickelte sich stets mit dem Ziel, die Artenvielfalt zu erhalten und zu pflegen.<\/p>\n<p>Der Loro Parque ist nicht nur ein Naturraum von au\u00dfergew\u00f6hnlicher Sch\u00f6nheit, sondern auch ein Ort, der das Bewusstsein f\u00fcr die problematische Umweltsituation sch\u00e4rft. Es handelt sich um einen Zoo, in dem die Tiere nach wissenschaftlichen Gesichtspunkten gesch\u00fctzt und erforscht werden und in dem stark gef\u00e4hrdete Arten vor \u00e4u\u00dferen Bedrohungen gesch\u00fctzt werden.<\/p>\n<blockquote><p><span style=\"color: #000000;\">Die gemeinsame Arbeit von Loro Parque und der Loro Parque Fundaci\u00f3n widmet sich der Erhaltung und Erholung von Arten, insbesondere von Papageien. <\/span><\/p><\/blockquote>\n<p>Diese faszinierenden Tiere sind ein wesentlicher Bestandteil des \u00f6kologischen Gleichgewichts nat\u00fcrlicher Lebensr\u00e4ume in Hunderten von Teilen der Erde.<\/p>\n<p>Nach 50 Jahren Erfahrung k\u00f6nnen wir mit Stolz behaupten, dass wir dazu beigetragen haben, 10 Papageienarten vor dem Aussterben zu bewahren. Wir haben Morgan, dem tauben Orca, der im Meer nicht mehr allein \u00fcberleben konnte, eine zweite Chance gegeben. Wir haben an Studien von Universit\u00e4ten sowie nationalen und internationalen Organisationen mitgearbeitet. Wir haben mehr als 24 Millionen Dollar f\u00fcr Naturschutzprojekte gespendet und hatten die Gelegenheit, mehr als 52 Millionen Besuchern die Einzigartigkeit von Hunderten von Arten zu zeigen.<\/p>\n<p>Unsere Geschichte wird jeden Tag neu geschrieben. Als moderner Zoo setzen wir kontinuierlich Verbesserungen um, vertiefen unser Wissen \u00fcber das Verhalten der Tiere und leisten durch Bildung, Sensibilisierung und Umweltauswirkungen einen positiven Beitrag.<\/p>\n<p>Wir werden weiterhin unsere T\u00fcren \u00f6ffnen und Initiativen durchf\u00fchren, die Tiere und ihre Lebensr\u00e4ume f\u00fcr k\u00fcnftige Generationen sch\u00fctzen und erhalten. Wir wollen weiterhin der beste Zoo der Welt sein \u2013 nicht nur f\u00fcr unsere Besucher, sondern auch f\u00fcr unseren Planeten.<\/p>\n[\/vc_column_text][divider line_type=&#8221;No Line&#8221;][\/vc_column][vc_column column_padding=&#8221;no-extra-padding&#8221; column_padding_tablet=&#8221;inherit&#8221; column_padding_phone=&#8221;inherit&#8221; column_padding_position=&#8221;all&#8221; column_element_spacing=&#8221;default&#8221; background_color_opacity=&#8221;1&#8243; background_hover_color_opacity=&#8221;1&#8243; column_shadow=&#8221;none&#8221; column_border_radius=&#8221;none&#8221; column_link_target=&#8221;_self&#8221; column_position=&#8221;default&#8221; gradient_direction=&#8221;left_to_right&#8221; overlay_strength=&#8221;0.3&#8243; width=&#8221;1\/6&#8243; tablet_width_inherit=&#8221;default&#8221; tablet_text_alignment=&#8221;default&#8221; phone_text_alignment=&#8221;default&#8221; animation_type=&#8221;default&#8221; bg_image_animation=&#8221;none&#8221; border_type=&#8221;simple&#8221; column_border_width=&#8221;none&#8221; column_border_style=&#8221;solid&#8221;][\/vc_column][\/vc_row][vc_row type=&#8221;in_container&#8221; full_screen_row_position=&#8221;middle&#8221; column_margin=&#8221;default&#8221; column_direction=&#8221;default&#8221; column_direction_tablet=&#8221;default&#8221; column_direction_phone=&#8221;default&#8221; scene_position=&#8221;center&#8221; text_color=&#8221;dark&#8221; text_align=&#8221;left&#8221; row_border_radius=&#8221;none&#8221; row_border_radius_applies=&#8221;bg&#8221; overflow=&#8221;visible&#8221; overlay_strength=&#8221;0.3&#8243; gradient_direction=&#8221;left_to_right&#8221; shape_divider_position=&#8221;bottom&#8221; bg_image_animation=&#8221;none&#8221;][vc_column column_padding=&#8221;no-extra-padding&#8221; column_padding_tablet=&#8221;inherit&#8221; column_padding_phone=&#8221;inherit&#8221; column_padding_position=&#8221;all&#8221; column_element_spacing=&#8221;default&#8221; background_color_opacity=&#8221;1&#8243; background_hover_color_opacity=&#8221;1&#8243; column_shadow=&#8221;none&#8221; column_border_radius=&#8221;none&#8221; column_link_target=&#8221;_self&#8221; column_position=&#8221;default&#8221; gradient_direction=&#8221;left_to_right&#8221; overlay_strength=&#8221;0.3&#8243; width=&#8221;1\/1&#8243; tablet_width_inherit=&#8221;default&#8221; tablet_text_alignment=&#8221;default&#8221; phone_text_alignment=&#8221;default&#8221; animation_type=&#8221;default&#8221; bg_image_animation=&#8221;none&#8221; border_type=&#8221;simple&#8221; column_border_width=&#8221;none&#8221; column_border_style=&#8221;solid&#8221;][vc_column_text]\n<h3 style=\"text-align: center;\"><span style=\"color: #000000;\"><span class=\"cssPropertyVal-1p9-_\">Meilensteine, die unsere Geschichte gepr\u00e4gt haben<\/span><\/span><\/h3>\n[\/vc_column_text][vc_raw_html]JTVCY29vbC10aW1lbGluZSUyMGxheW91dCUzRCUyMmRlZmF1bHQlMjIlMjBkZXNpZ25zJTNEJTIyZGVzaWduLTUlMjIlMjBza2luJTNEJTIyZGVmYXVsdCUyMiUyMGNhdGVnb3J5JTNEJTIyYWxlbWFuJTIyJTIwc2hvdy1wb3N0cyUzRCUyMjIwJTIyJTIwb3JkZXIlM0QlMjJBU0MlMjIlMjBpY29ucyUzRCUyMk5PJTIyJTIwYW5pbWF0aW9ucyUzRCUyMnNsaWRlLXVwJTIyJTIwZGF0ZS1mb3JtYXQlM0QlMjJZJTIyJTIwc3RvcnktY29udGVudCUzRCUyMmZ1bGwlMjIlNUQ=[\/vc_raw_html][\/vc_column][\/vc_row][vc_row type=&#8221;full_width_background&#8221; full_screen_row_position=&#8221;middle&#8221; column_margin=&#8221;default&#8221; equal_height=&#8221;yes&#8221; content_placement=&#8221;middle&#8221; column_direction=&#8221;default&#8221; column_direction_tablet=&#8221;default&#8221; column_direction_phone=&#8221;default&#8221; bg_image=&#8221;30804&#8243; bg_position=&#8221;center top&#8221; background_image_loading=&#8221;default&#8221; bg_repeat=&#8221;no-repeat&#8221; full_height=&#8221;yes&#8221; scene_position=&#8221;center&#8221; text_color=&#8221;dark&#8221; text_align=&#8221;left&#8221; row_border_radius=&#8221;none&#8221; row_border_radius_applies=&#8221;bg&#8221; overflow=&#8221;visible&#8221; advanced_gradient_angle=&#8221;0&#8243; overlay_strength=&#8221;0.3&#8243; gradient_direction=&#8221;left_to_right&#8221; shape_divider_position=&#8221;bottom&#8221; bg_image_animation=&#8221;none&#8221; gradient_type=&#8221;default&#8221; shape_type=&#8221;&#8221;][vc_column column_padding=&#8221;no-extra-padding&#8221; column_padding_tablet=&#8221;inherit&#8221; column_padding_phone=&#8221;inherit&#8221; column_padding_position=&#8221;all&#8221; column_element_spacing=&#8221;default&#8221; background_color_opacity=&#8221;1&#8243; background_hover_color_opacity=&#8221;1&#8243; column_shadow=&#8221;none&#8221; column_border_radius=&#8221;none&#8221; column_link_target=&#8221;_self&#8221; column_position=&#8221;default&#8221; gradient_direction=&#8221;left_to_right&#8221; overlay_strength=&#8221;0.3&#8243; width=&#8221;1\/4&#8243; tablet_width_inherit=&#8221;default&#8221; tablet_text_alignment=&#8221;default&#8221; phone_text_alignment=&#8221;default&#8221; animation_type=&#8221;default&#8221; bg_image_animation=&#8221;none&#8221; border_type=&#8221;simple&#8221; column_border_width=&#8221;none&#8221; column_border_style=&#8221;solid&#8221;][\/vc_column][vc_column column_padding=&#8221;padding-5-percent&#8221; column_padding_tablet=&#8221;inherit&#8221; column_padding_phone=&#8221;inherit&#8221; column_padding_position=&#8221;all&#8221; column_element_spacing=&#8221;default&#8221; centered_text=&#8221;true&#8221; background_color=&#8221;#ffffff&#8221; background_color_opacity=&#8221;1&#8243; background_hover_color_opacity=&#8221;1&#8243; column_shadow=&#8221;none&#8221; column_border_radius=&#8221;20px&#8221; column_link_target=&#8221;_self&#8221; column_position=&#8221;default&#8221; advanced_gradient_angle=&#8221;0&#8243; gradient_direction=&#8221;left_to_right&#8221; overlay_strength=&#8221;0.3&#8243; width=&#8221;1\/2&#8243; tablet_width_inherit=&#8221;default&#8221; tablet_text_alignment=&#8221;default&#8221; phone_text_alignment=&#8221;default&#8221; animation_type=&#8221;default&#8221; bg_image_animation=&#8221;none&#8221; parallax_bg=&#8221;true&#8221; parallax_bg_speed=&#8221;very_subtle&#8221; border_type=&#8221;simple&#8221; column_border_width=&#8221;none&#8221; gradient_type=&#8221;default&#8221;][vc_column_text]<script>(function() {\n\twindow.mc4wp = window.mc4wp || {\n\t\tlisteners: [],\n\t\tforms: {\n\t\t\ton: function(evt, cb) {\n\t\t\t\twindow.mc4wp.listeners.push(\n\t\t\t\t\t{\n\t\t\t\t\t\tevent   : evt,\n\t\t\t\t\t\tcallback: cb\n\t\t\t\t\t}\n\t\t\t\t);\n\t\t\t}\n\t\t}\n\t}\n})();\n<\/script><!-- Mailchimp for WordPress v4.9.13 - https:\/\/wordpress.org\/plugins\/mailchimp-for-wp\/ --><form id=\"mc4wp-form-1\" class=\"mc4wp-form mc4wp-form-461\" method=\"post\" data-id=\"461\" data-name=\"Subscribete\" ><div class=\"mc4wp-form-fields\"><h3 style=\"text-align: center;\"><span style=\"color: #000000;\"><span class=\"cssPropertyVal-1p9-_\">Suscr\u00edbete a nuestra Newsletter<\/span><\/span><\/h3>\r\n<br><p style=\"text-align: center;\">Tenemos mucho que contarte. Suscr\u00edbete y te mantendremos al d\u00eda sobre las novedades, ofertas y proyectos de Loro Parque.<\/p>\r\n<br><input type=\"email\" name=\"EMAIL\" placeholder=\"Correo electr\u00f3nico\" \/><br><br>\r\n<p style=\"font-size:10px\"><input name=\"i_agree_privacy_policy\" value=\"1\" required=\"YES\" type=\"checkbox\"><label>He le\u00eddo y acepto la <a href=\"\/privacidad\" target=\"_blank\">pol\u00edtica de privacidad<\/a>.<\/label><\/p>\r\n<br>\r\n<button>Enviar<\/button><\/div><label style=\"display: none !important;\">Leave this field empty if you're human: <input type=\"text\" name=\"_mc4wp_honeypot\" value=\"\" tabindex=\"-1\" autocomplete=\"off\" \/><\/label><input type=\"hidden\" name=\"_mc4wp_timestamp\" value=\"1778199047\" \/><input type=\"hidden\" name=\"_mc4wp_form_id\" value=\"461\" \/><input type=\"hidden\" name=\"_mc4wp_form_element_id\" value=\"mc4wp-form-1\" \/><div class=\"mc4wp-response\"><\/div><\/form><!-- \/ Mailchimp for WordPress Plugin -->[\/vc_column_text][\/vc_column][vc_column column_padding=&#8221;no-extra-padding&#8221; column_padding_tablet=&#8221;inherit&#8221; column_padding_phone=&#8221;inherit&#8221; column_padding_position=&#8221;top&#8221; column_element_spacing=&#8221;default&#8221; background_color_opacity=&#8221;1&#8243; background_hover_color_opacity=&#8221;1&#8243; column_shadow=&#8221;none&#8221; column_border_radius=&#8221;none&#8221; column_link_target=&#8221;_self&#8221; column_position=&#8221;default&#8221; advanced_gradient_angle=&#8221;0&#8243; gradient_direction=&#8221;left_to_right&#8221; overlay_strength=&#8221;0.3&#8243; width=&#8221;1\/4&#8243; tablet_width_inherit=&#8221;default&#8221; tablet_text_alignment=&#8221;default&#8221; phone_text_alignment=&#8221;default&#8221; animation_type=&#8221;default&#8221; bg_image_animation=&#8221;none&#8221; border_type=&#8221;simple&#8221; column_border_width=&#8221;none&#8221; column_border_style=&#8221;solid&#8221; gradient_type=&#8221;default&#8221;][\/vc_column][\/vc_row]\n","protected":false},"excerpt":{"rendered":"<p>[vc_row type=&#8221;in_container&#8221; full_screen_row_position=&#8221;middle&#8221; column_margin=&#8221;default&#8221; column_direction=&#8221;default&#8221; column_direction_tablet=&#8221;default&#8221; column_direction_phone=&#8221;default&#8221; scene_position=&#8221;center&#8221; top_padding=&#8221;2%&#8221; bottom_padding=&#8221;2%&#8221; text_color=&#8221;dark&#8221; text_align=&#8221;left&#8221; row_border_radius=&#8221;none&#8221; row_border_radius_applies=&#8221;bg&#8221; overflow=&#8221;visible&#8221;&#8230;<\/p>\n","protected":false},"author":1,"featured_media":41741,"parent":0,"menu_order":0,"comment_status":"closed","ping_status":"closed","template":"","meta":{"footnotes":""},"yoast_head":"<!-- This site is optimized with the Yoast SEO Premium plugin v22.5 (Yoast SEO v22.5) - https:\/\/yoast.com\/wordpress\/plugins\/seo\/ -->\n<title>Unsere Geschichte, unser Erbe &#8226; Loro Parque<\/title>\n<meta name=\"description\" content=\"Unsere Geschichte wird jeden Tag neu geschrieben. Als moderner Zoo schmieden wir einen positiven Fu\u00dfabdruck durch Bildung, Bewusstsein und Umweltvertr\u00e4glichkeit\" \/>\n<meta name=\"robots\" content=\"index, follow, max-snippet:-1, max-image-preview:large, max-video-preview:-1\" \/>\n<link rel=\"canonical\" href=\"https:\/\/www.loroparque.com\/de\/unsere-geschichte\/\" \/>\n<meta property=\"og:locale\" content=\"de_DE\" \/>\n<meta property=\"og:type\" content=\"article\" \/>\n<meta property=\"og:title\" content=\"Unsere Geschichte, unser Erbe &#8226; Loro Parque\" \/>\n<meta property=\"og:description\" content=\"Unsere Geschichte wird jeden Tag neu geschrieben. Als moderner Zoo schmieden wir einen positiven Fu\u00dfabdruck durch Bildung, Bewusstsein und Umweltvertr\u00e4glichkeit\" \/>\n<meta property=\"og:url\" content=\"https:\/\/www.loroparque.com\/de\/unsere-geschichte\/\" \/>\n<meta property=\"og:site_name\" content=\"Loro Parque\" \/>\n<meta property=\"article:publisher\" content=\"https:\/\/www.facebook.com\/loroparque\" \/>\n<meta property=\"article:modified_time\" content=\"2022-07-22T13:40:34+00:00\" \/>\n<meta property=\"og:image\" content=\"https:\/\/www.loroparque.com\/app\/uploads\/2022\/06\/Imagen-6-min.jpg\" \/>\n\t<meta property=\"og:image:width\" content=\"600\" \/>\n\t<meta property=\"og:image:height\" content=\"398\" \/>\n\t<meta property=\"og:image:type\" content=\"image\/jpeg\" \/>\n<meta name=\"twitter:card\" content=\"summary_large_image\" \/>\n<meta name=\"twitter:site\" content=\"@loroparque\" \/>\n<script type=\"application\/ld+json\" class=\"yoast-schema-graph\">{\"@context\":\"https:\/\/schema.org\",\"@graph\":[{\"@type\":\"WebPage\",\"@id\":\"https:\/\/www.loroparque.com\/de\/unsere-geschichte\/\",\"url\":\"https:\/\/www.loroparque.com\/de\/unsere-geschichte\/\",\"name\":\"Unsere Geschichte, unser Erbe &#8226; Loro Parque\",\"isPartOf\":{\"@id\":\"https:\/\/www.loroparque.com\/de\/#website\"},\"primaryImageOfPage\":{\"@id\":\"https:\/\/www.loroparque.com\/de\/unsere-geschichte\/#primaryimage\"},\"image\":{\"@id\":\"https:\/\/www.loroparque.com\/de\/unsere-geschichte\/#primaryimage\"},\"thumbnailUrl\":\"https:\/\/www.loroparque.com\/app\/uploads\/2022\/06\/Imagen-6-min.jpg\",\"datePublished\":\"2022-06-24T16:19:29+00:00\",\"dateModified\":\"2022-07-22T13:40:34+00:00\",\"description\":\"Unsere Geschichte wird jeden Tag neu geschrieben. Als moderner Zoo schmieden wir einen positiven Fu\u00dfabdruck durch Bildung, Bewusstsein und Umweltvertr\u00e4glichkeit\",\"breadcrumb\":{\"@id\":\"https:\/\/www.loroparque.com\/de\/unsere-geschichte\/#breadcrumb\"},\"inLanguage\":\"de-DE\",\"potentialAction\":[{\"@type\":\"ReadAction\",\"target\":[\"https:\/\/www.loroparque.com\/de\/unsere-geschichte\/\"]}]},{\"@type\":\"ImageObject\",\"inLanguage\":\"de-DE\",\"@id\":\"https:\/\/www.loroparque.com\/de\/unsere-geschichte\/#primaryimage\",\"url\":\"https:\/\/www.loroparque.com\/app\/uploads\/2022\/06\/Imagen-6-min.jpg\",\"contentUrl\":\"https:\/\/www.loroparque.com\/app\/uploads\/2022\/06\/Imagen-6-min.jpg\",\"width\":600,\"height\":398},{\"@type\":\"BreadcrumbList\",\"@id\":\"https:\/\/www.loroparque.com\/de\/unsere-geschichte\/#breadcrumb\",\"itemListElement\":[{\"@type\":\"ListItem\",\"position\":1,\"name\":\"Inicio\",\"item\":\"https:\/\/www.loroparque.com\/de\/\"},{\"@type\":\"ListItem\",\"position\":2,\"name\":\"Unsere Geschichte, unser Erbe\"}]},{\"@type\":\"WebSite\",\"@id\":\"https:\/\/www.loroparque.com\/de\/#website\",\"url\":\"https:\/\/www.loroparque.com\/de\/\",\"name\":\"Loro Parque\",\"description\":\"El must de Canarias - Animal Embassy - Tenerife\",\"publisher\":{\"@id\":\"https:\/\/www.loroparque.com\/de\/#organization\"},\"alternateName\":\"loroparque.com\",\"potentialAction\":[{\"@type\":\"SearchAction\",\"target\":{\"@type\":\"EntryPoint\",\"urlTemplate\":\"https:\/\/www.loroparque.com\/de\/?s={search_term_string}\"},\"query-input\":\"required name=search_term_string\"}],\"inLanguage\":\"de-DE\"},{\"@type\":\"Organization\",\"@id\":\"https:\/\/www.loroparque.com\/de\/#organization\",\"name\":\"Loro Parque\",\"alternateName\":\"loroparque.com\",\"url\":\"https:\/\/www.loroparque.com\/de\/\",\"logo\":{\"@type\":\"ImageObject\",\"inLanguage\":\"de-DE\",\"@id\":\"https:\/\/www.loroparque.com\/de\/#\/schema\/logo\/image\/\",\"url\":\"https:\/\/www.loroparque.com\/app\/uploads\/2023\/03\/Logo-LP_vertical1-fondo-claro.png\",\"contentUrl\":\"https:\/\/www.loroparque.com\/app\/uploads\/2023\/03\/Logo-LP_vertical1-fondo-claro.png\",\"width\":1140,\"height\":870,\"caption\":\"Loro Parque\"},\"image\":{\"@id\":\"https:\/\/www.loroparque.com\/de\/#\/schema\/logo\/image\/\"},\"sameAs\":[\"https:\/\/www.facebook.com\/loroparque\",\"https:\/\/x.com\/loroparque\",\"https:\/\/www.instagram.com\/loroparque\/\",\"https:\/\/www.linkedin.com\/company\/loroparque\/\",\"https:\/\/www.youtube.com\/user\/Loroparquetenerife\",\"https:\/\/www.tiktok.com\/@loroparque_oficial\"],\"description\":\"Loro Parque es un centro de conservaci\u00f3n en Tenerife, reconocido como el mejor zoo moderno del mundo. Con m\u00e1s de 300 proyectos de conservaci\u00f3n y 29 millones de USD invertidos en protecci\u00f3n de especies, es un referente internacional en bienestar animal y educaci\u00f3n ambiental.\",\"email\":\"info@loroparque.com\",\"telephone\":\"0034922373841\",\"legalName\":\"LORO PARQUE, S.A.\",\"foundingDate\":\"1972-12-17\"}]}<\/script>\n<!-- \/ Yoast SEO Premium plugin. -->","yoast_head_json":{"title":"Unsere Geschichte, unser Erbe &#8226; Loro Parque","description":"Unsere Geschichte wird jeden Tag neu geschrieben. Als moderner Zoo schmieden wir einen positiven Fu\u00dfabdruck durch Bildung, Bewusstsein und Umweltvertr\u00e4glichkeit","robots":{"index":"index","follow":"follow","max-snippet":"max-snippet:-1","max-image-preview":"max-image-preview:large","max-video-preview":"max-video-preview:-1"},"canonical":"https:\/\/www.loroparque.com\/de\/unsere-geschichte\/","og_locale":"de_DE","og_type":"article","og_title":"Unsere Geschichte, unser Erbe &#8226; Loro Parque","og_description":"Unsere Geschichte wird jeden Tag neu geschrieben. Als moderner Zoo schmieden wir einen positiven Fu\u00dfabdruck durch Bildung, Bewusstsein und Umweltvertr\u00e4glichkeit","og_url":"https:\/\/www.loroparque.com\/de\/unsere-geschichte\/","og_site_name":"Loro Parque","article_publisher":"https:\/\/www.facebook.com\/loroparque","article_modified_time":"2022-07-22T13:40:34+00:00","og_image":[{"width":600,"height":398,"url":"https:\/\/www.loroparque.com\/app\/uploads\/2022\/06\/Imagen-6-min.jpg","type":"image\/jpeg"}],"twitter_card":"summary_large_image","twitter_site":"@loroparque","schema":{"@context":"https:\/\/schema.org","@graph":[{"@type":"WebPage","@id":"https:\/\/www.loroparque.com\/de\/unsere-geschichte\/","url":"https:\/\/www.loroparque.com\/de\/unsere-geschichte\/","name":"Unsere Geschichte, unser Erbe &#8226; Loro Parque","isPartOf":{"@id":"https:\/\/www.loroparque.com\/de\/#website"},"primaryImageOfPage":{"@id":"https:\/\/www.loroparque.com\/de\/unsere-geschichte\/#primaryimage"},"image":{"@id":"https:\/\/www.loroparque.com\/de\/unsere-geschichte\/#primaryimage"},"thumbnailUrl":"https:\/\/www.loroparque.com\/app\/uploads\/2022\/06\/Imagen-6-min.jpg","datePublished":"2022-06-24T16:19:29+00:00","dateModified":"2022-07-22T13:40:34+00:00","description":"Unsere Geschichte wird jeden Tag neu geschrieben. Als moderner Zoo schmieden wir einen positiven Fu\u00dfabdruck durch Bildung, Bewusstsein und Umweltvertr\u00e4glichkeit","breadcrumb":{"@id":"https:\/\/www.loroparque.com\/de\/unsere-geschichte\/#breadcrumb"},"inLanguage":"de-DE","potentialAction":[{"@type":"ReadAction","target":["https:\/\/www.loroparque.com\/de\/unsere-geschichte\/"]}]},{"@type":"ImageObject","inLanguage":"de-DE","@id":"https:\/\/www.loroparque.com\/de\/unsere-geschichte\/#primaryimage","url":"https:\/\/www.loroparque.com\/app\/uploads\/2022\/06\/Imagen-6-min.jpg","contentUrl":"https:\/\/www.loroparque.com\/app\/uploads\/2022\/06\/Imagen-6-min.jpg","width":600,"height":398},{"@type":"BreadcrumbList","@id":"https:\/\/www.loroparque.com\/de\/unsere-geschichte\/#breadcrumb","itemListElement":[{"@type":"ListItem","position":1,"name":"Inicio","item":"https:\/\/www.loroparque.com\/de\/"},{"@type":"ListItem","position":2,"name":"Unsere Geschichte, unser Erbe"}]},{"@type":"WebSite","@id":"https:\/\/www.loroparque.com\/de\/#website","url":"https:\/\/www.loroparque.com\/de\/","name":"Loro Parque","description":"El must de Canarias - Animal Embassy - Tenerife","publisher":{"@id":"https:\/\/www.loroparque.com\/de\/#organization"},"alternateName":"loroparque.com","potentialAction":[{"@type":"SearchAction","target":{"@type":"EntryPoint","urlTemplate":"https:\/\/www.loroparque.com\/de\/?s={search_term_string}"},"query-input":"required name=search_term_string"}],"inLanguage":"de-DE"},{"@type":"Organization","@id":"https:\/\/www.loroparque.com\/de\/#organization","name":"Loro Parque","alternateName":"loroparque.com","url":"https:\/\/www.loroparque.com\/de\/","logo":{"@type":"ImageObject","inLanguage":"de-DE","@id":"https:\/\/www.loroparque.com\/de\/#\/schema\/logo\/image\/","url":"https:\/\/www.loroparque.com\/app\/uploads\/2023\/03\/Logo-LP_vertical1-fondo-claro.png","contentUrl":"https:\/\/www.loroparque.com\/app\/uploads\/2023\/03\/Logo-LP_vertical1-fondo-claro.png","width":1140,"height":870,"caption":"Loro Parque"},"image":{"@id":"https:\/\/www.loroparque.com\/de\/#\/schema\/logo\/image\/"},"sameAs":["https:\/\/www.facebook.com\/loroparque","https:\/\/x.com\/loroparque","https:\/\/www.instagram.com\/loroparque\/","https:\/\/www.linkedin.com\/company\/loroparque\/","https:\/\/www.youtube.com\/user\/Loroparquetenerife","https:\/\/www.tiktok.com\/@loroparque_oficial"],"description":"Loro Parque es un centro de conservaci\u00f3n en Tenerife, reconocido como el mejor zoo moderno del mundo. Con m\u00e1s de 300 proyectos de conservaci\u00f3n y 29 millones de USD invertidos en protecci\u00f3n de especies, es un referente internacional en bienestar animal y educaci\u00f3n ambiental.","email":"info@loroparque.com","telephone":"0034922373841","legalName":"LORO PARQUE, S.A.","foundingDate":"1972-12-17"}]}},"_links":{"self":[{"href":"https:\/\/www.loroparque.com\/de\/wp-json\/wp\/v2\/pages\/42895"}],"collection":[{"href":"https:\/\/www.loroparque.com\/de\/wp-json\/wp\/v2\/pages"}],"about":[{"href":"https:\/\/www.loroparque.com\/de\/wp-json\/wp\/v2\/types\/page"}],"author":[{"embeddable":true,"href":"https:\/\/www.loroparque.com\/de\/wp-json\/wp\/v2\/users\/1"}],"replies":[{"embeddable":true,"href":"https:\/\/www.loroparque.com\/de\/wp-json\/wp\/v2\/comments?post=42895"}],"version-history":[{"count":5,"href":"https:\/\/www.loroparque.com\/de\/wp-json\/wp\/v2\/pages\/42895\/revisions"}],"predecessor-version":[{"id":43508,"href":"https:\/\/www.loroparque.com\/de\/wp-json\/wp\/v2\/pages\/42895\/revisions\/43508"}],"wp:featuredmedia":[{"embeddable":true,"href":"https:\/\/www.loroparque.com\/de\/wp-json\/wp\/v2\/media\/41741"}],"wp:attachment":[{"href":"https:\/\/www.loroparque.com\/de\/wp-json\/wp\/v2\/media?parent=42895"}],"curies":[{"name":"wp","href":"https:\/\/api.w.org\/{rel}","templated":true}]}}