{"id":42866,"date":"2022-05-12T12:43:54","date_gmt":"2022-05-12T12:43:54","guid":{"rendered":"https:\/\/www.loroparque.com\/neuigkeiten-aus-dem-loro-parque\/"},"modified":"2024-09-19T10:18:42","modified_gmt":"2024-09-19T10:18:42","slug":"bloggen","status":"publish","type":"page","link":"https:\/\/www.loroparque.com\/de\/bloggen\/","title":{"rendered":"Neuigkeiten aus dem Loro Parque"},"content":{"rendered":"[vc_row type=&#8221;in_container&#8221; full_screen_row_position=&#8221;middle&#8221; column_margin=&#8221;default&#8221; column_direction=&#8221;default&#8221; column_direction_tablet=&#8221;default&#8221; column_direction_phone=&#8221;default&#8221; scene_position=&#8221;center&#8221; top_padding=&#8221;3%&#8221; constrain_group_1=&#8221;yes&#8221; bottom_padding=&#8221;3%&#8221; text_color=&#8221;dark&#8221; text_align=&#8221;left&#8221; row_border_radius=&#8221;none&#8221; row_border_radius_applies=&#8221;bg&#8221; overflow=&#8221;visible&#8221; advanced_gradient_angle=&#8221;0&#8243; overlay_strength=&#8221;0.3&#8243; gradient_direction=&#8221;left_to_right&#8221; shape_divider_position=&#8221;bottom&#8221; bg_image_animation=&#8221;none&#8221; gradient_type=&#8221;default&#8221; shape_type=&#8221;&#8221;][vc_column column_padding=&#8221;no-extra-padding&#8221; column_padding_tablet=&#8221;inherit&#8221; column_padding_phone=&#8221;inherit&#8221; column_padding_position=&#8221;all&#8221; column_element_direction_desktop=&#8221;default&#8221; column_element_spacing=&#8221;default&#8221; desktop_text_alignment=&#8221;default&#8221; tablet_text_alignment=&#8221;default&#8221; phone_text_alignment=&#8221;default&#8221; background_color_opacity=&#8221;1&#8243; background_hover_color_opacity=&#8221;1&#8243; column_backdrop_filter=&#8221;none&#8221; column_shadow=&#8221;none&#8221; column_border_radius=&#8221;none&#8221; column_link_target=&#8221;_self&#8221; column_position=&#8221;default&#8221; gradient_direction=&#8221;left_to_right&#8221; overlay_strength=&#8221;0.3&#8243; width=&#8221;1\/1&#8243; tablet_width_inherit=&#8221;default&#8221; animation_type=&#8221;default&#8221; bg_image_animation=&#8221;none&#8221; border_type=&#8221;simple&#8221; column_border_width=&#8221;none&#8221; column_border_style=&#8221;solid&#8221;][vc_column_text]\n<h1><span style=\"color: #000000;\">Neuigkeiten aus dem Loro Parque<\/span><\/h1>\n[\/vc_column_text][divider line_type=&#8221;No Line&#8221; custom_height=&#8221;50&#8243;][recent_posts style=&#8221;classic_enhanced&#8221; color_scheme=&#8221;light&#8221; columns=&#8221;4&#8243; category=&#8221;blog-de&#8221; order=&#8221;DESC&#8221; orderby=&#8221;date&#8221; blog_remove_post_author=&#8221;true&#8221; blog_remove_post_comment_number=&#8221;true&#8221; blog_remove_post_nectar_love=&#8221;true&#8221; posts_per_page=&#8221;50&#8243;][\/vc_column][\/vc_row]\n","protected":false},"excerpt":{"rendered":"<p>[vc_row type=&#8221;in_container&#8221; full_screen_row_position=&#8221;middle&#8221; column_margin=&#8221;default&#8221; column_direction=&#8221;default&#8221; column_direction_tablet=&#8221;default&#8221; column_direction_phone=&#8221;default&#8221; scene_position=&#8221;center&#8221; top_padding=&#8221;3%&#8221; constrain_group_1=&#8221;yes&#8221; bottom_padding=&#8221;3%&#8221; text_color=&#8221;dark&#8221; text_align=&#8221;left&#8221; row_border_radius=&#8221;none&#8221; row_border_radius_applies=&#8221;bg&#8221;&#8230;<\/p>\n","protected":false},"author":1,"featured_media":42245,"parent":0,"menu_order":0,"comment_status":"closed","ping_status":"closed","template":"","meta":{"footnotes":""},"yoast_head":"<!-- This site is optimized with the Yoast SEO Premium plugin v22.5 (Yoast SEO v22.5) - https:\/\/yoast.com\/wordpress\/plugins\/seo\/ -->\n<title>Neuigkeiten aus Loro Parque<\/title>\n<meta name=\"description\" content=\"In unserem Blog finden Sie alle Nachrichten und Neuigkeiten \u00fcber den Loro Parque, besuchen Sie uns und verpassen Sie nichts!\" \/>\n<meta name=\"robots\" content=\"index, follow, max-snippet:-1, max-image-preview:large, max-video-preview:-1\" \/>\n<link rel=\"canonical\" href=\"https:\/\/www.loroparque.com\/de\/bloggen\/\" \/>\n<meta property=\"og:locale\" content=\"de_DE\" \/>\n<meta property=\"og:type\" content=\"article\" \/>\n<meta property=\"og:title\" content=\"Neuigkeiten aus Loro Parque\" \/>\n<meta property=\"og:description\" content=\"In unserem Blog finden Sie alle Nachrichten und Neuigkeiten \u00fcber den Loro Parque, besuchen Sie uns und verpassen Sie nichts!\" \/>\n<meta property=\"og:url\" content=\"https:\/\/www.loroparque.com\/de\/bloggen\/\" \/>\n<meta property=\"og:site_name\" content=\"Loro Parque\" \/>\n<meta property=\"article:publisher\" content=\"https:\/\/www.facebook.com\/loroparque\" \/>\n<meta property=\"article:modified_time\" content=\"2024-09-19T10:18:42+00:00\" \/>\n<meta property=\"og:image\" content=\"https:\/\/www.loroparque.com\/app\/uploads\/2022\/06\/Grupo-521@2x.png\" \/>\n\t<meta property=\"og:image:width\" content=\"263\" \/>\n\t<meta property=\"og:image:height\" content=\"219\" \/>\n\t<meta property=\"og:image:type\" content=\"image\/png\" \/>\n<meta name=\"twitter:card\" content=\"summary_large_image\" \/>\n<meta name=\"twitter:site\" content=\"@loroparque\" \/>\n<script type=\"application\/ld+json\" class=\"yoast-schema-graph\">{\"@context\":\"https:\/\/schema.org\",\"@graph\":[{\"@type\":\"WebPage\",\"@id\":\"https:\/\/www.loroparque.com\/de\/bloggen\/\",\"url\":\"https:\/\/www.loroparque.com\/de\/bloggen\/\",\"name\":\"Neuigkeiten aus Loro Parque\",\"isPartOf\":{\"@id\":\"https:\/\/www.loroparque.com\/de\/#website\"},\"primaryImageOfPage\":{\"@id\":\"https:\/\/www.loroparque.com\/de\/bloggen\/#primaryimage\"},\"image\":{\"@id\":\"https:\/\/www.loroparque.com\/de\/bloggen\/#primaryimage\"},\"thumbnailUrl\":\"https:\/\/www.loroparque.com\/app\/uploads\/2022\/06\/Grupo-521@2x.png\",\"datePublished\":\"2022-05-12T12:43:54+00:00\",\"dateModified\":\"2024-09-19T10:18:42+00:00\",\"description\":\"In unserem Blog finden Sie alle Nachrichten und Neuigkeiten \u00fcber den Loro Parque, besuchen Sie uns und verpassen Sie nichts!\",\"breadcrumb\":{\"@id\":\"https:\/\/www.loroparque.com\/de\/bloggen\/#breadcrumb\"},\"inLanguage\":\"de-DE\",\"potentialAction\":[{\"@type\":\"ReadAction\",\"target\":[\"https:\/\/www.loroparque.com\/de\/bloggen\/\"]}]},{\"@type\":\"ImageObject\",\"inLanguage\":\"de-DE\",\"@id\":\"https:\/\/www.loroparque.com\/de\/bloggen\/#primaryimage\",\"url\":\"https:\/\/www.loroparque.com\/app\/uploads\/2022\/06\/Grupo-521@2x.png\",\"contentUrl\":\"https:\/\/www.loroparque.com\/app\/uploads\/2022\/06\/Grupo-521@2x.png\",\"width\":263,\"height\":219},{\"@type\":\"BreadcrumbList\",\"@id\":\"https:\/\/www.loroparque.com\/de\/bloggen\/#breadcrumb\",\"itemListElement\":[{\"@type\":\"ListItem\",\"position\":1,\"name\":\"Inicio\",\"item\":\"https:\/\/www.loroparque.com\/de\/\"},{\"@type\":\"ListItem\",\"position\":2,\"name\":\"Neuigkeiten aus dem Loro Parque\"}]},{\"@type\":\"WebSite\",\"@id\":\"https:\/\/www.loroparque.com\/de\/#website\",\"url\":\"https:\/\/www.loroparque.com\/de\/\",\"name\":\"Loro Parque\",\"description\":\"El must de Canarias - Animal Embassy - Tenerife\",\"publisher\":{\"@id\":\"https:\/\/www.loroparque.com\/de\/#organization\"},\"alternateName\":\"loroparque.com\",\"potentialAction\":[{\"@type\":\"SearchAction\",\"target\":{\"@type\":\"EntryPoint\",\"urlTemplate\":\"https:\/\/www.loroparque.com\/de\/?s={search_term_string}\"},\"query-input\":\"required name=search_term_string\"}],\"inLanguage\":\"de-DE\"},{\"@type\":\"Organization\",\"@id\":\"https:\/\/www.loroparque.com\/de\/#organization\",\"name\":\"Loro Parque\",\"alternateName\":\"loroparque.com\",\"url\":\"https:\/\/www.loroparque.com\/de\/\",\"logo\":{\"@type\":\"ImageObject\",\"inLanguage\":\"de-DE\",\"@id\":\"https:\/\/www.loroparque.com\/de\/#\/schema\/logo\/image\/\",\"url\":\"https:\/\/www.loroparque.com\/app\/uploads\/2023\/03\/Logo-LP_vertical1-fondo-claro.png\",\"contentUrl\":\"https:\/\/www.loroparque.com\/app\/uploads\/2023\/03\/Logo-LP_vertical1-fondo-claro.png\",\"width\":1140,\"height\":870,\"caption\":\"Loro Parque\"},\"image\":{\"@id\":\"https:\/\/www.loroparque.com\/de\/#\/schema\/logo\/image\/\"},\"sameAs\":[\"https:\/\/www.facebook.com\/loroparque\",\"https:\/\/x.com\/loroparque\",\"https:\/\/www.instagram.com\/loroparque\/\",\"https:\/\/www.linkedin.com\/company\/loroparque\/\",\"https:\/\/www.youtube.com\/user\/Loroparquetenerife\",\"https:\/\/www.tiktok.com\/@loroparque_oficial\"],\"description\":\"Loro Parque es un centro de conservaci\u00f3n en Tenerife, reconocido como el mejor zoo moderno del mundo. Con m\u00e1s de 300 proyectos de conservaci\u00f3n y 29 millones de USD invertidos en protecci\u00f3n de especies, es un referente internacional en bienestar animal y educaci\u00f3n ambiental.\",\"email\":\"info@loroparque.com\",\"telephone\":\"0034922373841\",\"legalName\":\"LORO PARQUE, S.A.\",\"foundingDate\":\"1972-12-17\"}]}<\/script>\n<!-- \/ Yoast SEO Premium plugin. -->","yoast_head_json":{"title":"Neuigkeiten aus Loro Parque","description":"In unserem Blog finden Sie alle Nachrichten und Neuigkeiten \u00fcber den Loro Parque, besuchen Sie uns und verpassen Sie nichts!","robots":{"index":"index","follow":"follow","max-snippet":"max-snippet:-1","max-image-preview":"max-image-preview:large","max-video-preview":"max-video-preview:-1"},"canonical":"https:\/\/www.loroparque.com\/de\/bloggen\/","og_locale":"de_DE","og_type":"article","og_title":"Neuigkeiten aus Loro Parque","og_description":"In unserem Blog finden Sie alle Nachrichten und Neuigkeiten \u00fcber den Loro Parque, besuchen Sie uns und verpassen Sie nichts!","og_url":"https:\/\/www.loroparque.com\/de\/bloggen\/","og_site_name":"Loro Parque","article_publisher":"https:\/\/www.facebook.com\/loroparque","article_modified_time":"2024-09-19T10:18:42+00:00","og_image":[{"width":263,"height":219,"url":"https:\/\/www.loroparque.com\/app\/uploads\/2022\/06\/Grupo-521@2x.png","type":"image\/png"}],"twitter_card":"summary_large_image","twitter_site":"@loroparque","schema":{"@context":"https:\/\/schema.org","@graph":[{"@type":"WebPage","@id":"https:\/\/www.loroparque.com\/de\/bloggen\/","url":"https:\/\/www.loroparque.com\/de\/bloggen\/","name":"Neuigkeiten aus Loro Parque","isPartOf":{"@id":"https:\/\/www.loroparque.com\/de\/#website"},"primaryImageOfPage":{"@id":"https:\/\/www.loroparque.com\/de\/bloggen\/#primaryimage"},"image":{"@id":"https:\/\/www.loroparque.com\/de\/bloggen\/#primaryimage"},"thumbnailUrl":"https:\/\/www.loroparque.com\/app\/uploads\/2022\/06\/Grupo-521@2x.png","datePublished":"2022-05-12T12:43:54+00:00","dateModified":"2024-09-19T10:18:42+00:00","description":"In unserem Blog finden Sie alle Nachrichten und Neuigkeiten \u00fcber den Loro Parque, besuchen Sie uns und verpassen Sie nichts!","breadcrumb":{"@id":"https:\/\/www.loroparque.com\/de\/bloggen\/#breadcrumb"},"inLanguage":"de-DE","potentialAction":[{"@type":"ReadAction","target":["https:\/\/www.loroparque.com\/de\/bloggen\/"]}]},{"@type":"ImageObject","inLanguage":"de-DE","@id":"https:\/\/www.loroparque.com\/de\/bloggen\/#primaryimage","url":"https:\/\/www.loroparque.com\/app\/uploads\/2022\/06\/Grupo-521@2x.png","contentUrl":"https:\/\/www.loroparque.com\/app\/uploads\/2022\/06\/Grupo-521@2x.png","width":263,"height":219},{"@type":"BreadcrumbList","@id":"https:\/\/www.loroparque.com\/de\/bloggen\/#breadcrumb","itemListElement":[{"@type":"ListItem","position":1,"name":"Inicio","item":"https:\/\/www.loroparque.com\/de\/"},{"@type":"ListItem","position":2,"name":"Neuigkeiten aus dem Loro Parque"}]},{"@type":"WebSite","@id":"https:\/\/www.loroparque.com\/de\/#website","url":"https:\/\/www.loroparque.com\/de\/","name":"Loro Parque","description":"El must de Canarias - Animal Embassy - Tenerife","publisher":{"@id":"https:\/\/www.loroparque.com\/de\/#organization"},"alternateName":"loroparque.com","potentialAction":[{"@type":"SearchAction","target":{"@type":"EntryPoint","urlTemplate":"https:\/\/www.loroparque.com\/de\/?s={search_term_string}"},"query-input":"required name=search_term_string"}],"inLanguage":"de-DE"},{"@type":"Organization","@id":"https:\/\/www.loroparque.com\/de\/#organization","name":"Loro Parque","alternateName":"loroparque.com","url":"https:\/\/www.loroparque.com\/de\/","logo":{"@type":"ImageObject","inLanguage":"de-DE","@id":"https:\/\/www.loroparque.com\/de\/#\/schema\/logo\/image\/","url":"https:\/\/www.loroparque.com\/app\/uploads\/2023\/03\/Logo-LP_vertical1-fondo-claro.png","contentUrl":"https:\/\/www.loroparque.com\/app\/uploads\/2023\/03\/Logo-LP_vertical1-fondo-claro.png","width":1140,"height":870,"caption":"Loro Parque"},"image":{"@id":"https:\/\/www.loroparque.com\/de\/#\/schema\/logo\/image\/"},"sameAs":["https:\/\/www.facebook.com\/loroparque","https:\/\/x.com\/loroparque","https:\/\/www.instagram.com\/loroparque\/","https:\/\/www.linkedin.com\/company\/loroparque\/","https:\/\/www.youtube.com\/user\/Loroparquetenerife","https:\/\/www.tiktok.com\/@loroparque_oficial"],"description":"Loro Parque es un centro de conservaci\u00f3n en Tenerife, reconocido como el mejor zoo moderno del mundo. Con m\u00e1s de 300 proyectos de conservaci\u00f3n y 29 millones de USD invertidos en protecci\u00f3n de especies, es un referente internacional en bienestar animal y educaci\u00f3n ambiental.","email":"info@loroparque.com","telephone":"0034922373841","legalName":"LORO PARQUE, S.A.","foundingDate":"1972-12-17"}]}},"_links":{"self":[{"href":"https:\/\/www.loroparque.com\/de\/wp-json\/wp\/v2\/pages\/42866"}],"collection":[{"href":"https:\/\/www.loroparque.com\/de\/wp-json\/wp\/v2\/pages"}],"about":[{"href":"https:\/\/www.loroparque.com\/de\/wp-json\/wp\/v2\/types\/page"}],"author":[{"embeddable":true,"href":"https:\/\/www.loroparque.com\/de\/wp-json\/wp\/v2\/users\/1"}],"replies":[{"embeddable":true,"href":"https:\/\/www.loroparque.com\/de\/wp-json\/wp\/v2\/comments?post=42866"}],"version-history":[{"count":14,"href":"https:\/\/www.loroparque.com\/de\/wp-json\/wp\/v2\/pages\/42866\/revisions"}],"predecessor-version":[{"id":48688,"href":"https:\/\/www.loroparque.com\/de\/wp-json\/wp\/v2\/pages\/42866\/revisions\/48688"}],"wp:featuredmedia":[{"embeddable":true,"href":"https:\/\/www.loroparque.com\/de\/wp-json\/wp\/v2\/media\/42245"}],"wp:attachment":[{"href":"https:\/\/www.loroparque.com\/de\/wp-json\/wp\/v2\/media?parent=42866"}],"curies":[{"name":"wp","href":"https:\/\/api.w.org\/{rel}","templated":true}]}}